{"id":2311,"date":"2020-03-21T14:22:06","date_gmt":"2020-03-21T13:22:06","guid":{"rendered":"https:\/\/www.7emecercle.com\/7C_site\/?page_id=2311"},"modified":"2020-03-21T14:41:36","modified_gmt":"2020-03-21T13:41:36","slug":"cvg","status":"publish","type":"page","link":"https:\/\/www.7emecercle.com\/7C_site\/cvg\/","title":{"rendered":"CVG"},"content":{"rendered":"\t\t<div data-elementor-type=\"wp-page\" data-elementor-id=\"2311\" class=\"elementor elementor-2311\" data-elementor-post-type=\"page\">\n\t\t\t\t\t\t<section class=\"elementor-section elementor-top-section elementor-element elementor-element-292e9b1 elementor-section-boxed elementor-section-height-default elementor-section-height-default\" data-id=\"292e9b1\" data-element_type=\"section\" data-e-type=\"section\">\n\t\t\t\t\t\t<div class=\"elementor-container elementor-column-gap-default\">\n\t\t\t\t\t<div class=\"elementor-column elementor-col-100 elementor-top-column elementor-element elementor-element-99f7ef6\" data-id=\"99f7ef6\" data-element_type=\"column\" data-e-type=\"column\">\n\t\t\t<div class=\"elementor-widget-wrap elementor-element-populated\">\n\t\t\t\t\t\t<div class=\"elementor-element elementor-element-2c304d3 elementor-widget elementor-widget-text-editor\" data-id=\"2c304d3\" data-element_type=\"widget\" data-e-type=\"widget\" data-widget_type=\"text-editor.default\">\n\t\t\t\t<div class=\"elementor-widget-container\">\n\t\t\t\t\t\t\t\t\t<h2>Conditions G\u00e9n\u00e9rales de Vente<\/h2><div><p>Le client reconna\u00eet avoir pris connaissance lors de sa commande, des conditions particuli\u00e8res de vente \u00e9nonc\u00e9es ci dessous et d\u00e9clare express\u00e9ment les accepter sans r\u00e9serve.<\/p><\/div><h3>Commande<\/h3><div><p>Les syst\u00e8mes d\u2019enregistrement automatique sont consid\u00e9r\u00e9s comme valant preuve, de la nature, du contenu et de la date de la commande. Le 7eme Cercle confirme l\u2019acceptation de sa commande au client \u00e0 l\u2019adresse courriel que celui-ci aura communiqu\u00e9. La vente ne sera conclue qu\u2019\u00e0 compter de la confirmation de la commande. En cas d\u2019erreur dans les coordonn\u00e9es du destinataire,\u00a0<span style=\"font-size: 15px; font-style: normal; font-weight: 400;\">Le 7eme Cercle<\/span>\u00a0ne saurait \u00eatre tenu responsable de l\u2019impossibilit\u00e9 de livrer le produit.<\/p><\/div><h3>Livraison<\/h3><div><p><span style=\"font-size: 15px; font-style: normal; font-weight: 400;\">Le 7eme Cercle<\/span><span style=\"font-size: 15px; font-style: normal; font-weight: 400;\">\u00a0<\/span>s\u2019engage \u00e0 livrer \u00e0 la Poste ou tout autre transporteur priv\u00e9, toutes les r\u00e9f\u00e9rences command\u00e9es par l\u2019acheteur et ce dans un d\u00e9lai maximum de 72h ouvr\u00e9es pour une livraison en France M\u00e9tropolitaine.<br \/><span style=\"font-size: 15px;\">La livraison sera effectu\u00e9e par La poste ou tout autre transporteur priv\u00e9e.<br \/><\/span><span style=\"font-size: 15px;\">Les retards \u00e9ventuels ne donnent pas le droit \u00e0 l\u2019acheteur de r\u00e9clamer des dommages et int\u00e9r\u00eats. En cas de litige, le syst\u00e8me de suivi de la Poste ou du transporteur priv\u00e9 fait foi.\u00a0<\/span><span style=\"font-size: 15px;\">En cas de d\u00e9fauts apparents, l\u2019acheteur b\u00e9n\u00e9ficie du droit de retour dans les conditions pr\u00e9vues ci-dessous :<\/span><\/p><p>Seront accept\u00e9es en retour-produit au SAV et \u00e9chang\u00e9s, voir rembours\u00e9s contre renvoi sur demande, les produits qui auront \u00e9t\u00e9 alt\u00e9r\u00e9s de la mani\u00e8re suivante :<\/p><ul><li>D\u00e9chirures en face, tranche ou int\u00e9rieur de la couverture ou des pages, malfa\u00e7ons<\/li><li>D\u00e9gradation fonctionnelle de la reliure<\/li><\/ul><p>A contrario, les ouvrages pr\u00e9sentant les alt\u00e9rations suivantes ne seront pas pris en charge par le SAV :<\/p><ul><li>Coins ab\u00eem\u00e9s de la couverture<\/li><li>D\u00e9gradation due \u00e0 une mauvaise manipulation du colis (lors de son ouverture par exemple)<\/li><\/ul><p>Pour toutes questions relatives au SAV merci de nous contacter \u00e0 l\u2019adresse suivante: boutique@7emecercle.com.<\/p><p>Pensez \u00e9galement, avant tout envoi, \u00e0 faire parvenir un mail (contenant votre nom, num\u00e9ro de commande et num\u00e9ro de suivi du renvoi) \u00e0 notre service SAV afin qu\u2019il soit inform\u00e9 de votre retour et de la raison qui le motive. Une fois votre colis r\u00e9ceptionn\u00e9, nous l\u2019examinerons et, s\u2019il remplit les conditions d\u2019\u00e9change explicit\u00e9es ci-dessus, nous proc\u00e9derons \u00e0 l\u2019\u00e9change comme demand\u00e9. Si ce n\u2019est pas le cas, nous vous renverrons votre produit.<\/p><\/div><h3>R\u00e9tractation<\/h3><div><p>Conform\u00e9ment \u00e0 l\u2019article L121-16 du Code de la consommation, vous disposez d\u2019un d\u00e9lai de 7 jours francs \u00e0 compter de la livraison de la commande pour retourner le produit qui ne vous conviendrait pas pour \u00e9change ou remboursement. Pour toute demande de r\u00e9tractation, nous vous demandons de prendre contact au pr\u00e9alable avec nous par email \u00e0\u00a0: \u00e0 d\u00e9finir. Les articles retourn\u00e9s doivent \u00eatre dans leur emballage d\u2019origine, en parfait \u00e9tat, accompagn\u00e9s obligatoirement des r\u00e9f\u00e9rences de votre commande.<\/p><p>Les frais de retour sont \u00e0 votre charge.<\/p><p>Merci de nous contacter \u00e0\u00a0<span style=\"font-size: 15px; font-style: normal; font-weight: 400;\">boutique@7emecercle.com<\/span>\u00a0pour connaitre l\u2019adresse de retour.<\/p><\/div><h3>Prix<\/h3><div><p>Les prix des produits sont indiqu\u00e9s en euros toutes taxes comprises hors participation aux frais de traitement et d\u2019exp\u00e9dition. Le prix indiqu\u00e9 dans la confirmation de commande est le prix d\u00e9finitif, exprim\u00e9 toutes taxes comprises et incluant la TVA pour la France et les pays de la UE. Pour tous les articles exp\u00e9di\u00e9s hors Union europ\u00e9enne et vers les DOM-TOM, le prix est calcul\u00e9 hors taxes sur la facture. Des droits de douane ou autres droits ou taxes sont susceptibles d\u2019\u00eatre exig\u00e9. Ces droits sont \u00e0 la charge exclusive du client, importateur des produits, et rel\u00e8vent de son enti\u00e8re responsabilit\u00e9, tant en termes de d\u00e9clarations que de paiements aux autorit\u00e9s et organismes comp\u00e9tents de son pays.<\/p><\/div><h3>Paiement<\/h3><div><p>Le prix factur\u00e9 au client est le prix indiqu\u00e9 sur la confirmation de commande adress\u00e9e par\u00a0<span style=\"font-size: 15px; font-style: normal; font-weight: 400;\">Le 7eme Cercle<\/span>. Le prix des produits est payable au comptant le jour de la commande effective.<\/p><p>Le paiement s\u2019effectue par CB ou Paypal.<\/p><p>La commande sera valid\u00e9e par\u00a0<span style=\"font-size: 15px; font-style: normal; font-weight: 400;\">Le 7eme Cercle<\/span>\u00a0\u00e0 r\u00e9ception du paiement.<\/p><\/div><h3>Litiges<\/h3><div><p>Le pr\u00e9sent contrat est soumis au droit fran\u00e7ais. En cas de probl\u00e8mes dans l\u2019application du pr\u00e9sent contrat, le client a la possibilit\u00e9, avant toute action en justice, de rechercher une solution amiable. Il est rappel\u00e9 qu\u2019en r\u00e8gle g\u00e9n\u00e9rale et sous r\u00e9serve de l\u2019appr\u00e9ciation des tribunaux, le respect des dispositions du pr\u00e9sent contrat relatives \u00e0 la garantie contractuelle suppose que l\u2019acheteur honore ses engagements financiers envers le vendeur.<\/p><p>En cas de litige, le client s\u2019adressera par priorit\u00e9 \u00e0 l\u2019entreprise pour obtenir une solution amiable. Concernant la preuve de la livraison d\u2019une commande, le suivi de la Poste ou tout autre transporteur priv\u00e9 fait foi.<\/p><p>En cas de litige, le tribunal de commerce de Bayonne est seul comp\u00e9tent, quels que soient le lieu de livraison et le mode de paiement accept\u00e9s.<\/p><\/div><h3>Garantie<\/h3><div><p>Dans tous les cas\u00a0<span style=\"font-size: 15px; font-style: normal; font-weight: 400;\">Le 7eme Cercle<\/span>\u00a0ne pourra \u00eatre tenu pour responsable pour non respect des dispositions r\u00e9glementaires et l\u00e9gislatives en vigueur dans le pays de r\u00e9ception, la responsabilit\u00e9 du<span style=\"font-size: 15px; font-style: normal; font-weight: 400;\">\u00a07eme Cercle<\/span>\u00a0est syst\u00e9matiquement limit\u00e9e a la valeur du produit mis en cause, a sa date de vente.<\/p><p>En toute hypoth\u00e8se, le client b\u00e9n\u00e9ficie de la garantie l\u00e9gale d\u2019\u00e9viction et des vices cach\u00e9s (Art.1625 et suivants du Code Civil). A la condition que l\u2019acheteur fasse la preuve du d\u00e9faut cach\u00e9, le vendeur doit l\u00e9galement en r\u00e9parer toutes les cons\u00e9quences (art.1641 et suivants du code civil) ; si l\u2019acheteur s\u2019adresse aux tribunaux, il doit le faire dans un\u00a0 \u00ab\u00a0bref d\u00e9lai\u00a0\u00bb \u00e0 compter de la d\u00e9couverte du d\u00e9faut cach\u00e9 (art.1648 du code civil).<\/p><\/div><h3>BOUTIQUE<\/h3><div><p>Nom commercial :\u00a0<span style=\"font-size: 15px; font-style: normal; font-weight: 400;\">Le 7eme Cercle<\/span><br \/>SARL immatricul\u00e9e au RCS de Bayonne sous le num\u00e9ro 434\u00a0623\u00a0666, dont le si\u00e8ge social est 10 rue d&rsquo;Alexandre 64600 Anglet, FRANCE.<br \/>Adresse e-mail : boutique@7emecercle.com<br \/>Siren : 434 623 666<br \/>N\u00b0 de TVA intracommunautaire : FR17434623666<br \/>G\u00e9rante :\u00a0Laproye Val\u00e9rie<br \/>Responsable du site\u00a0:\u00a0<span style=\"font-size: 15px; font-style: normal; font-weight: 400;\">Laproye Val\u00e9rie<\/span><\/p><\/div><h3>H\u00e9bergeur du site Internet<\/h3><div><p>SAS OVH \u2013\u00a0<a href=\"https:\/\/www.ovh.com\/\">https:\/\/www.ovh.com\/<\/a>\u00a02 rue Kellermann BP 80157 59100 Roubaix<\/p><\/div><h3>Donn\u00e9es personnelles<\/h3><div><p><span style=\"font-size: 15px; font-style: normal; font-weight: 400;\">Le 7eme Cercle<\/span>\u00a0s\u2019engage \u00e0 prot\u00e9ger et \u00e0 ne pas divulguer les donn\u00e9es confidentielles vous concernant.<\/p><\/div><h3>Droits des internautes<\/h3><div><p>Conform\u00e9ment aux articles 39 et suivants de la loi n\u00b0 78-17 du 6 janvier 1978 modifi\u00e9e en 2004 relative \u00e0 l\u2019informatique, aux fichiers et aux libert\u00e9s, toute personne peut obtenir communication et, le cas \u00e9ch\u00e9ant, rectification ou suppression des informations la concernant, en adressant vos demandes \u00e9crites aux coordonn\u00e9es de l\u2019\u00e9diteur du site mentionn\u00e9es plus haut.<\/p><\/div><h3>Formulaire de contact et informations de compte<\/h3><div><p>Quand vous remplissez notre formulaire de contact ou que vous vous connectez sur notre site, certaines de vos donn\u00e9es personnelles dans le but exclusif de gestion administrative de vos communications (r\u00e9ponse \u00e0 vos questions, validations des achats). Les donn\u00e9es personnelles que vous nous transmettez en nous contactant sont susceptibles d\u2019\u00eatre communiqu\u00e9es au personnel de notre soci\u00e9t\u00e9 ou \u00e0 des intervenants techniques, mais ne seront transmises \u00e0 aucun tiers. Ce formulaire g\u00e9n\u00e8re une base de donn\u00e9es personnelles, qui est dispens\u00e9e, en France, d\u2019une d\u00e9claration \u00e0 la CNIL par la dispense de d\u00e9claration N\u00b07 (D\u00e9lib\u00e9ration n\u00b02006-138 du 9 mai 2006).<\/p><\/div><h3>Newsletter<\/h3><div><p>Vous pouvez vous inscrire \u00e0 la\u00a0Newsletter du<span style=\"font-size: 15px; font-style: normal; font-weight: 400;\">\u00a07eme Cercle<\/span>\u00a0qui vous informera des nouveaut\u00e9s et des mises \u00e0 jour de vos pdf. La collecte de votre e-mail a pour finalit\u00e9s de vous avertir des nouveaut\u00e9s concernant l\u2019activit\u00e9 du<span style=\"font-size: 15px; font-style: normal; font-weight: 400;\">\u00a07eme Cercle<\/span>. Vos donn\u00e9es seront conserv\u00e9es pour la dur\u00e9e n\u00e9cessaire \u00e0 la r\u00e9alisation de ces finalit\u00e9s. Les donn\u00e9es personnelles que vous nous transmettez en vous inscrivant sont susceptibles d\u2019\u00eatre communiqu\u00e9es au personnel de notre soci\u00e9t\u00e9 ou \u00e0 des intervenants techniques, mais ne seront transmises \u00e0 aucun tiers.<\/p><p>Vous pouvez vous retirer automatiquement de la liste de diffusion en vous connectant via le liens fournis dans la newsletter.<\/p><\/div><h3>Cookies<\/h3><div><p>Il n\u2019y a aucun cookie de tracking implant\u00e9 via notre site en dehors des cookies permettant de maintenir la connexion de l\u2019utilisateur au site.<\/p><\/div><h3>Modifications<\/h3><div><p><span style=\"font-size: 15px; font-style: normal; font-weight: 400;\">Le 7eme Cercle<\/span>\u00a0se r\u00e9serve le droit de changer ou compl\u00e9ter les pr\u00e9sentes conditions.<\/p><\/div>\t\t\t\t\t\t\t\t<\/div>\n\t\t\t\t<\/div>\n\t\t\t\t\t<\/div>\n\t\t<\/div>\n\t\t\t\t\t<\/div>\n\t\t<\/section>\n\t\t\t\t<\/div>\n\t\t","protected":false},"excerpt":{"rendered":"<p>Conditions G\u00e9n\u00e9rales de Vente Le client reconna\u00eet avoir pris connaissance lors de sa commande, des conditions particuli\u00e8res de vente \u00e9nonc\u00e9es ci dessous et d\u00e9clare express\u00e9ment les accepter sans r\u00e9serve. Commande Les syst\u00e8mes d\u2019enregistrement automatique sont consid\u00e9r\u00e9s comme valant preuve, de la nature, du contenu et de la date de la commande. Le 7eme Cercle confirme [&hellip;]<\/p>\n","protected":false},"author":1,"featured_media":0,"parent":0,"menu_order":0,"comment_status":"closed","ping_status":"closed","template":"","meta":{"_uag_custom_page_level_css":"","site-sidebar-layout":"no-sidebar","site-content-layout":"page-builder","ast-site-content-layout":"default","site-content-style":"default","site-sidebar-style":"default","ast-global-header-display":"","ast-banner-title-visibility":"","ast-main-header-display":"","ast-hfb-above-header-display":"","ast-hfb-below-header-display":"","ast-hfb-mobile-header-display":"","site-post-title":"disabled","ast-breadcrumbs-content":"","ast-featured-img":"disabled","footer-sml-layout":"","ast-disable-related-posts":"","theme-transparent-header-meta":"default","adv-header-id-meta":"","stick-header-meta":"","header-above-stick-meta":"","header-main-stick-meta":"","header-below-stick-meta":"","astra-migrate-meta-layouts":"default","ast-page-background-enabled":"default","ast-page-background-meta":{"desktop":{"background-color":"","background-image":"","background-repeat":"repeat","background-position":"center center","background-size":"auto","background-attachment":"scroll","background-type":"","background-media":"","overlay-type":"","overlay-color":"","overlay-opacity":"","overlay-gradient":""},"tablet":{"background-color":"","background-image":"","background-repeat":"repeat","background-position":"center center","background-size":"auto","background-attachment":"scroll","background-type":"","background-media":"","overlay-type":"","overlay-color":"","overlay-opacity":"","overlay-gradient":""},"mobile":{"background-color":"","background-image":"","background-repeat":"repeat","background-position":"center center","background-size":"auto","background-attachment":"scroll","background-type":"","background-media":"","overlay-type":"","overlay-color":"","overlay-opacity":"","overlay-gradient":""}},"ast-content-background-meta":{"desktop":{"background-color":"var(--ast-global-color-5)","background-image":"","background-repeat":"repeat","background-position":"center center","background-size":"auto","background-attachment":"scroll","background-type":"","background-media":"","overlay-type":"","overlay-color":"","overlay-opacity":"","overlay-gradient":""},"tablet":{"background-color":"var(--ast-global-color-5)","background-image":"","background-repeat":"repeat","background-position":"center center","background-size":"auto","background-attachment":"scroll","background-type":"","background-media":"","overlay-type":"","overlay-color":"","overlay-opacity":"","overlay-gradient":""},"mobile":{"background-color":"var(--ast-global-color-5)","background-image":"","background-repeat":"repeat","background-position":"center center","background-size":"auto","background-attachment":"scroll","background-type":"","background-media":"","overlay-type":"","overlay-color":"","overlay-opacity":"","overlay-gradient":""}},"footnotes":""},"class_list":["post-2311","page","type-page","status-publish","hentry"],"uagb_featured_image_src":{"full":false,"thumbnail":false,"medium":false,"medium_large":false,"large":false,"1536x1536":false,"2048x2048":false,"woocommerce_thumbnail":false,"woocommerce_single":false,"woocommerce_gallery_thumbnail":false},"uagb_author_info":{"display_name":"florrent","author_link":"https:\/\/www.7emecercle.com\/7C_site\/author\/florrent\/"},"uagb_comment_info":0,"uagb_excerpt":"Conditions G\u00e9n\u00e9rales de Vente Le client reconna\u00eet avoir pris connaissance lors de sa commande, des conditions particuli\u00e8res de vente \u00e9nonc\u00e9es ci dessous et d\u00e9clare express\u00e9ment les accepter sans r\u00e9serve. Commande Les syst\u00e8mes d\u2019enregistrement automatique sont consid\u00e9r\u00e9s comme valant preuve, de la nature, du contenu et de la date de la commande. Le 7eme Cercle confirme\u2026","_links":{"self":[{"href":"https:\/\/www.7emecercle.com\/7C_site\/wp-json\/wp\/v2\/pages\/2311","targetHints":{"allow":["GET"]}}],"collection":[{"href":"https:\/\/www.7emecercle.com\/7C_site\/wp-json\/wp\/v2\/pages"}],"about":[{"href":"https:\/\/www.7emecercle.com\/7C_site\/wp-json\/wp\/v2\/types\/page"}],"author":[{"embeddable":true,"href":"https:\/\/www.7emecercle.com\/7C_site\/wp-json\/wp\/v2\/users\/1"}],"replies":[{"embeddable":true,"href":"https:\/\/www.7emecercle.com\/7C_site\/wp-json\/wp\/v2\/comments?post=2311"}],"version-history":[{"count":10,"href":"https:\/\/www.7emecercle.com\/7C_site\/wp-json\/wp\/v2\/pages\/2311\/revisions"}],"predecessor-version":[{"id":3324,"href":"https:\/\/www.7emecercle.com\/7C_site\/wp-json\/wp\/v2\/pages\/2311\/revisions\/3324"}],"wp:attachment":[{"href":"https:\/\/www.7emecercle.com\/7C_site\/wp-json\/wp\/v2\/media?parent=2311"}],"curies":[{"name":"wp","href":"https:\/\/api.w.org\/{rel}","templated":true}]}}