{"id":2600,"date":"2020-03-30T15:34:48","date_gmt":"2020-03-30T13:34:48","guid":{"rendered":"https:\/\/www.7emecercle.com\/7C_site\/?page_id=2600"},"modified":"2020-04-08T17:24:44","modified_gmt":"2020-04-08T15:24:44","slug":"keltia","status":"publish","type":"page","link":"https:\/\/www.7emecercle.com\/7C_site\/jeux-de-roles\/keltia\/","title":{"rendered":"Keltia"},"content":{"rendered":"\t\t<div data-elementor-type=\"wp-page\" data-elementor-id=\"2600\" class=\"elementor elementor-2600\" data-elementor-post-type=\"page\">\n\t\t\t\t\t\t<section class=\"elementor-section elementor-top-section elementor-element elementor-element-030d1ed elementor-section-full_width elementor-section-height-default elementor-section-height-default\" data-id=\"030d1ed\" data-element_type=\"section\" data-e-type=\"section\" data-settings=\"{&quot;background_background&quot;:&quot;slideshow&quot;,&quot;background_slideshow_gallery&quot;:[{&quot;id&quot;:2603,&quot;url&quot;:&quot;https:\\\/\\\/www.7emecercle.com\\\/7C_site\\\/wp-content\\\/uploads\\\/2020\\\/03\\\/Keltia_Illus_01.jpg&quot;},{&quot;id&quot;:2604,&quot;url&quot;:&quot;https:\\\/\\\/www.7emecercle.com\\\/7C_site\\\/wp-content\\\/uploads\\\/2020\\\/03\\\/Keltia_Illus_02.jpg&quot;},{&quot;id&quot;:2605,&quot;url&quot;:&quot;https:\\\/\\\/www.7emecercle.com\\\/7C_site\\\/wp-content\\\/uploads\\\/2020\\\/03\\\/Keltia_Illus_03.jpg&quot;}],&quot;shape_divider_bottom&quot;:&quot;opacity-tilt&quot;,&quot;background_slideshow_loop&quot;:&quot;yes&quot;,&quot;background_slideshow_slide_duration&quot;:5000,&quot;background_slideshow_slide_transition&quot;:&quot;fade&quot;,&quot;background_slideshow_transition_duration&quot;:500}\">\n\t\t\t\t\t<div class=\"elementor-shape elementor-shape-bottom\" aria-hidden=\"true\" data-negative=\"false\">\n\t\t\t<svg xmlns=\"http:\/\/www.w3.org\/2000\/svg\" viewBox=\"0 0 2600 131.1\" preserveAspectRatio=\"none\">\n\t<path class=\"elementor-shape-fill\" d=\"M0 0L2600 0 2600 69.1 0 0z\"\/>\n\t<path class=\"elementor-shape-fill\" style=\"opacity:0.5\" d=\"M0 0L2600 0 2600 69.1 0 69.1z\"\/>\n\t<path class=\"elementor-shape-fill\" style=\"opacity:0.25\" d=\"M2600 0L0 0 0 130.1 2600 69.1z\"\/>\n<\/svg>\t\t<\/div>\n\t\t\t\t\t<div class=\"elementor-container elementor-column-gap-default\">\n\t\t\t\t\t<div class=\"elementor-column elementor-col-100 elementor-top-column elementor-element elementor-element-ec4b591\" data-id=\"ec4b591\" data-element_type=\"column\" data-e-type=\"column\">\n\t\t\t<div class=\"elementor-widget-wrap\">\n\t\t\t\t\t\t\t<\/div>\n\t\t<\/div>\n\t\t\t\t\t<\/div>\n\t\t<\/section>\n\t\t\t\t<section class=\"elementor-section elementor-top-section elementor-element elementor-element-aedb892 elementor-section-boxed elementor-section-height-default elementor-section-height-default\" data-id=\"aedb892\" data-element_type=\"section\" data-e-type=\"section\">\n\t\t\t\t\t\t<div class=\"elementor-container elementor-column-gap-default\">\n\t\t\t\t\t<div class=\"elementor-column elementor-col-33 elementor-top-column elementor-element elementor-element-3563e09\" data-id=\"3563e09\" data-element_type=\"column\" data-e-type=\"column\">\n\t\t\t<div class=\"elementor-widget-wrap elementor-element-populated\">\n\t\t\t\t\t\t<div class=\"elementor-element elementor-element-adffd86 elementor-widget elementor-widget-image\" data-id=\"adffd86\" data-element_type=\"widget\" data-e-type=\"widget\" data-widget_type=\"image.default\">\n\t\t\t\t<div class=\"elementor-widget-container\">\n\t\t\t\t\t\t\t\t\t\t\t\t\t\t\t<img decoding=\"async\" width=\"276\" height=\"100\" src=\"https:\/\/www.7emecercle.com\/7C_site\/wp-content\/uploads\/2020\/03\/Keltia_logo_14.png\" class=\"attachment-large size-large wp-image-2607\" alt=\"\" \/>\t\t\t\t\t\t\t\t\t\t\t\t\t\t\t<\/div>\n\t\t\t\t<\/div>\n\t\t\t\t\t<\/div>\n\t\t<\/div>\n\t\t\t\t<div class=\"elementor-column elementor-col-33 elementor-top-column elementor-element elementor-element-c4c6fcb\" data-id=\"c4c6fcb\" data-element_type=\"column\" data-e-type=\"column\">\n\t\t\t<div class=\"elementor-widget-wrap elementor-element-populated\">\n\t\t\t\t\t\t<div class=\"elementor-element elementor-element-bdd665a elementor-widget elementor-widget-text-editor\" data-id=\"bdd665a\" data-element_type=\"widget\" data-e-type=\"widget\" data-widget_type=\"text-editor.default\">\n\t\t\t\t<div class=\"elementor-widget-container\">\n\t\t\t\t\t\t\t\t\t<p><em>Keltia, les Chroniques du Roi-dragon<\/em> vous ouvre les portes d\u2019un royaume oubli\u00e9, celui d\u2019Arthur Pendraeg, Haut-roi de Bretagne.<\/p><p>Plongez dans les origines galloises et celtiques du mythe, vous pourrez vivre des aventures palpitantes dans un cadre dense et fascinant, celui de l\u2019\u00cele de Beli Mawr, Ynis Prydein, encore l\u00e9gendaire. Intrigues politiques, combats, magie, et cr\u00e9atures monstrueuses vous y attendent.<\/p>\t\t\t\t\t\t\t\t<\/div>\n\t\t\t\t<\/div>\n\t\t\t\t\t<\/div>\n\t\t<\/div>\n\t\t\t\t<div class=\"elementor-column elementor-col-33 elementor-top-column elementor-element elementor-element-cd10396\" data-id=\"cd10396\" data-element_type=\"column\" data-e-type=\"column\">\n\t\t\t<div class=\"elementor-widget-wrap elementor-element-populated\">\n\t\t\t\t\t\t<div class=\"elementor-element elementor-element-1ca82ed elementor-widget elementor-widget-text-editor\" data-id=\"1ca82ed\" data-element_type=\"widget\" data-e-type=\"widget\" data-widget_type=\"text-editor.default\">\n\t\t\t\t<div class=\"elementor-widget-container\">\n\t\t\t\t\t\t\t\t\t<h4>Type<\/h4><p>\u2022 Les \u00c2ges sombres<br \/>\u2022 M\u00e9di\u00e9vale<br \/>\u2022 Historique \/\u00a0Fantastique<\/p><h4>Syst\u00e8me<\/h4><p>\u2022 1 \u00e0 5 D10<br \/>\u2022 Carac&rsquo; + Comp&rsquo;<br \/>\u2022 D10 \u00ab\u00a0Explosif\u00a0\u00bb<\/p>\t\t\t\t\t\t\t\t<\/div>\n\t\t\t\t<\/div>\n\t\t\t\t\t<\/div>\n\t\t<\/div>\n\t\t\t\t\t<\/div>\n\t\t<\/section>\n\t\t\t\t<section class=\"elementor-section elementor-top-section elementor-element elementor-element-d9b28af elementor-section-boxed elementor-section-height-default elementor-section-height-default\" data-id=\"d9b28af\" data-element_type=\"section\" data-e-type=\"section\">\n\t\t\t\t\t\t<div class=\"elementor-container elementor-column-gap-default\">\n\t\t\t\t\t<div class=\"elementor-column elementor-col-100 elementor-top-column elementor-element elementor-element-01444cc\" data-id=\"01444cc\" data-element_type=\"column\" data-e-type=\"column\">\n\t\t\t<div class=\"elementor-widget-wrap elementor-element-populated\">\n\t\t\t\t\t\t<div class=\"elementor-element elementor-element-6a50f36 elementor-widget-divider--view-line elementor-widget elementor-widget-divider\" data-id=\"6a50f36\" data-element_type=\"widget\" data-e-type=\"widget\" data-widget_type=\"divider.default\">\n\t\t\t\t<div class=\"elementor-widget-container\">\n\t\t\t\t\t\t\t<div class=\"elementor-divider\">\n\t\t\t<span class=\"elementor-divider-separator\">\n\t\t\t\t\t\t<\/span>\n\t\t<\/div>\n\t\t\t\t\t\t<\/div>\n\t\t\t\t<\/div>\n\t\t\t\t<div class=\"elementor-element elementor-element-5873c06 elementor-widget elementor-widget-shortcode\" data-id=\"5873c06\" data-element_type=\"widget\" data-e-type=\"widget\" data-widget_type=\"shortcode.default\">\n\t\t\t\t<div class=\"elementor-widget-container\">\n\t\t\t\t\t\t\t<div class=\"elementor-shortcode\"><div class=\"woocommerce columns-4 \"><ul class=\"products columns-4\">\n<li class=\"desktop-align-center tablet-align-center mobile-align-center ast-product-gallery-layout-horizontal-slider ast-product-tabs-layout-horizontal ast-qv-on-image product type-product post-2421 status-publish first instock product_cat-jeu-de-roles product_cat-keltia product_cat-version-papier product_cat-version-pdf has-post-thumbnail featured sold-individually shipping-taxable product-type-grouped\">\n\t<a href=\"https:\/\/www.7emecercle.com\/7C_site\/produit\/keltia-livre-de-base-2\/\" class=\"woocommerce-LoopProduct-link woocommerce-loop-product__link\"><img fetchpriority=\"high\" decoding=\"async\" width=\"300\" height=\"400\" src=\"https:\/\/www.7emecercle.com\/7C_site\/wp-content\/uploads\/2020\/01\/Kel_LdB_Cover-300x400.jpg\" class=\"attachment-woocommerce_thumbnail size-woocommerce_thumbnail\" alt=\"Keltia - Livre de base\" \/><h2 class=\"woocommerce-loop-product__title\">Keltia &#8211; Livre de base<\/h2>\n\t<span class=\"price\"><span class=\"woocommerce-Price-amount amount\" aria-hidden=\"true\"><bdi>29.90<span class=\"woocommerce-Price-currencySymbol\">&euro;<\/span><\/bdi><\/span> <span aria-hidden=\"true\">\u00a0\u2013\u00a0<\/span> <span class=\"woocommerce-Price-amount amount\" aria-hidden=\"true\"><bdi>44.00<span class=\"woocommerce-Price-currencySymbol\">&euro;<\/span><\/bdi><\/span><span class=\"screen-reader-text\">Plage de prix\u00a0: 29.90&euro; \u00e0 44.00&euro;<\/span><\/span>\n<\/a><a href=\"https:\/\/www.7emecercle.com\/7C_site\/produit\/keltia-livre-de-base-2\/\" aria-describedby=\"woocommerce_loop_add_to_cart_link_describedby_2421\" data-quantity=\"1\" class=\"button product_type_grouped \" data-product_id=\"2421\" data-product_sku=\"KEL LDB\" aria-label=\"Voir les produits dans le groupe &ldquo;Keltia - Livre de base&rdquo;\" rel=\"nofollow\">Voir les produits<\/a>\t<span id=\"woocommerce_loop_add_to_cart_link_describedby_2421\" class=\"screen-reader-text\">\n\t\t\t<\/span>\n<\/li>\n<li class=\"desktop-align-center tablet-align-center mobile-align-center ast-product-gallery-layout-horizontal-slider ast-product-gallery-with-no-image ast-product-tabs-layout-horizontal ast-qv-on-image product type-product post-2415 status-publish instock product_cat-jeu-de-roles product_cat-keltia product_cat-version-papier product_cat-version-pdf has-post-thumbnail sold-individually shipping-taxable product-type-grouped\">\n\t<a href=\"https:\/\/www.7emecercle.com\/7C_site\/produit\/keltia-mynydd-baddon-2\/\" class=\"woocommerce-LoopProduct-link woocommerce-loop-product__link\"><img decoding=\"async\" width=\"300\" height=\"400\" src=\"https:\/\/www.7emecercle.com\/7C_site\/wp-content\/uploads\/2020\/01\/Kel_MyB_Cover-300x400.jpg\" class=\"attachment-woocommerce_thumbnail size-woocommerce_thumbnail\" alt=\"Keltia - Mynydd Baddon\" \/><h2 class=\"woocommerce-loop-product__title\">Keltia &#8211; Mynydd Baddon<\/h2>\n\t<span class=\"price\"><span class=\"woocommerce-Price-amount amount\" aria-hidden=\"true\"><bdi>13.90<span class=\"woocommerce-Price-currencySymbol\">&euro;<\/span><\/bdi><\/span> <span aria-hidden=\"true\">\u00a0\u2013\u00a0<\/span> <span class=\"woocommerce-Price-amount amount\" aria-hidden=\"true\"><bdi>21.00<span class=\"woocommerce-Price-currencySymbol\">&euro;<\/span><\/bdi><\/span><span class=\"screen-reader-text\">Plage de prix\u00a0: 13.90&euro; \u00e0 21.00&euro;<\/span><\/span>\n<\/a><a href=\"https:\/\/www.7emecercle.com\/7C_site\/produit\/keltia-mynydd-baddon-2\/\" aria-describedby=\"woocommerce_loop_add_to_cart_link_describedby_2415\" data-quantity=\"1\" class=\"button product_type_grouped \" data-product_id=\"2415\" data-product_sku=\"KEL MYB\" aria-label=\"Voir les produits dans le groupe &ldquo;Keltia - Mynydd Baddon&rdquo;\" rel=\"nofollow\">Voir les produits<\/a>\t<span id=\"woocommerce_loop_add_to_cart_link_describedby_2415\" class=\"screen-reader-text\">\n\t\t\t<\/span>\n<\/li>\n<li class=\"desktop-align-center tablet-align-center mobile-align-center ast-product-gallery-layout-horizontal-slider ast-product-tabs-layout-horizontal ast-qv-on-image product type-product post-2419 status-publish instock product_cat-jeu-de-roles product_cat-keltia product_cat-version-papier product_cat-version-pdf has-post-thumbnail sold-individually shipping-taxable product-type-grouped\">\n\t<a href=\"https:\/\/www.7emecercle.com\/7C_site\/produit\/keltia-avalon-2\/\" class=\"woocommerce-LoopProduct-link woocommerce-loop-product__link\"><img loading=\"lazy\" decoding=\"async\" width=\"300\" height=\"400\" src=\"https:\/\/www.7emecercle.com\/7C_site\/wp-content\/uploads\/2020\/01\/Kel_Ava_Cover-300x400.jpg\" class=\"attachment-woocommerce_thumbnail size-woocommerce_thumbnail\" alt=\"Keltia - Avalon\" \/><h2 class=\"woocommerce-loop-product__title\">Keltia &#8211; Avalon<\/h2>\n\t<span class=\"price\"><span class=\"woocommerce-Price-amount amount\" aria-hidden=\"true\"><bdi>13.90<span class=\"woocommerce-Price-currencySymbol\">&euro;<\/span><\/bdi><\/span> <span aria-hidden=\"true\">\u00a0\u2013\u00a0<\/span> <span class=\"woocommerce-Price-amount amount\" aria-hidden=\"true\"><bdi>21.00<span class=\"woocommerce-Price-currencySymbol\">&euro;<\/span><\/bdi><\/span><span class=\"screen-reader-text\">Plage de prix\u00a0: 13.90&euro; \u00e0 21.00&euro;<\/span><\/span>\n<\/a><a href=\"https:\/\/www.7emecercle.com\/7C_site\/produit\/keltia-avalon-2\/\" aria-describedby=\"woocommerce_loop_add_to_cart_link_describedby_2419\" data-quantity=\"1\" class=\"button product_type_grouped \" data-product_id=\"2419\" data-product_sku=\"KEL AVA\" aria-label=\"Voir les produits dans le groupe &ldquo;Keltia - Avalon&rdquo;\" rel=\"nofollow\">Voir les produits<\/a>\t<span id=\"woocommerce_loop_add_to_cart_link_describedby_2419\" class=\"screen-reader-text\">\n\t\t\t<\/span>\n<\/li>\n<li class=\"desktop-align-center tablet-align-center mobile-align-center ast-product-gallery-layout-horizontal-slider ast-product-tabs-layout-horizontal ast-qv-on-image product type-product post-2417 status-publish last instock product_cat-jeu-de-roles product_cat-keltia product_cat-version-papier product_cat-version-pdf has-post-thumbnail sold-individually shipping-taxable product-type-grouped\">\n\t<a href=\"https:\/\/www.7emecercle.com\/7C_site\/produit\/keltia-le-vieux-nord-2\/\" class=\"woocommerce-LoopProduct-link woocommerce-loop-product__link\"><img loading=\"lazy\" decoding=\"async\" width=\"300\" height=\"400\" src=\"https:\/\/www.7emecercle.com\/7C_site\/wp-content\/uploads\/2020\/01\/Kel_LVN_Cover-300x400.jpg\" class=\"attachment-woocommerce_thumbnail size-woocommerce_thumbnail\" alt=\"Keltia - Le Vieux Nord\" \/><h2 class=\"woocommerce-loop-product__title\">Keltia &#8211; Le Vieux Nord<\/h2>\n\t<span class=\"price\"><span class=\"woocommerce-Price-amount amount\" aria-hidden=\"true\"><bdi>13.90<span class=\"woocommerce-Price-currencySymbol\">&euro;<\/span><\/bdi><\/span> <span aria-hidden=\"true\">\u00a0\u2013\u00a0<\/span> <span class=\"woocommerce-Price-amount amount\" aria-hidden=\"true\"><bdi>21.00<span class=\"woocommerce-Price-currencySymbol\">&euro;<\/span><\/bdi><\/span><span class=\"screen-reader-text\">Plage de prix\u00a0: 13.90&euro; \u00e0 21.00&euro;<\/span><\/span>\n<\/a><a href=\"https:\/\/www.7emecercle.com\/7C_site\/produit\/keltia-le-vieux-nord-2\/\" aria-describedby=\"woocommerce_loop_add_to_cart_link_describedby_2417\" data-quantity=\"1\" class=\"button product_type_grouped \" data-product_id=\"2417\" data-product_sku=\"KEL LVN\" aria-label=\"Voir les produits dans le groupe &ldquo;Keltia - Le Vieux Nord&rdquo;\" rel=\"nofollow\">Voir les produits<\/a>\t<span id=\"woocommerce_loop_add_to_cart_link_describedby_2417\" class=\"screen-reader-text\">\n\t\t\t<\/span>\n<\/li>\n<\/ul>\n<\/div><\/div>\n\t\t\t\t\t\t<\/div>\n\t\t\t\t<\/div>\n\t\t\t\t\t<\/div>\n\t\t<\/div>\n\t\t\t\t\t<\/div>\n\t\t<\/section>\n\t\t\t\t<section class=\"elementor-section elementor-top-section elementor-element elementor-element-c6b23f2 elementor-section-full_width elementor-section-height-default elementor-section-height-default\" data-id=\"c6b23f2\" data-element_type=\"section\" data-e-type=\"section\" data-settings=\"{&quot;background_background&quot;:&quot;gradient&quot;,&quot;shape_divider_top&quot;:&quot;opacity-tilt&quot;}\">\n\t\t\t\t\t<div class=\"elementor-shape elementor-shape-top\" aria-hidden=\"true\" data-negative=\"false\">\n\t\t\t<svg xmlns=\"http:\/\/www.w3.org\/2000\/svg\" viewBox=\"0 0 2600 131.1\" preserveAspectRatio=\"none\">\n\t<path class=\"elementor-shape-fill\" d=\"M0 0L2600 0 2600 69.1 0 0z\"\/>\n\t<path class=\"elementor-shape-fill\" style=\"opacity:0.5\" d=\"M0 0L2600 0 2600 69.1 0 69.1z\"\/>\n\t<path class=\"elementor-shape-fill\" style=\"opacity:0.25\" d=\"M2600 0L0 0 0 130.1 2600 69.1z\"\/>\n<\/svg>\t\t<\/div>\n\t\t\t\t\t<div class=\"elementor-container elementor-column-gap-default\">\n\t\t\t\t\t<div class=\"elementor-column elementor-col-100 elementor-top-column elementor-element elementor-element-360393f\" data-id=\"360393f\" data-element_type=\"column\" data-e-type=\"column\">\n\t\t\t<div class=\"elementor-widget-wrap elementor-element-populated\">\n\t\t\t\t\t\t<div class=\"elementor-element elementor-element-dfb5585 elementor-widget elementor-widget-heading\" data-id=\"dfb5585\" data-element_type=\"widget\" data-e-type=\"widget\" data-widget_type=\"heading.default\">\n\t\t\t\t<div class=\"elementor-widget-container\">\n\t\t\t\t\t<h3 class=\"elementor-heading-title elementor-size-default\">Lien utiles<\/h3>\t\t\t\t<\/div>\n\t\t\t\t<\/div>\n\t\t\t\t<section class=\"elementor-section elementor-inner-section elementor-element elementor-element-3d6743a elementor-section-boxed elementor-section-height-default elementor-section-height-default\" data-id=\"3d6743a\" data-element_type=\"section\" data-e-type=\"section\">\n\t\t\t\t\t\t<div class=\"elementor-container elementor-column-gap-default\">\n\t\t\t\t\t<div class=\"elementor-column elementor-col-33 elementor-inner-column elementor-element elementor-element-b17056a\" data-id=\"b17056a\" data-element_type=\"column\" data-e-type=\"column\">\n\t\t\t<div class=\"elementor-widget-wrap elementor-element-populated\">\n\t\t\t\t\t\t<div class=\"elementor-element elementor-element-393ed36 elementor-widget elementor-widget-text-editor\" data-id=\"393ed36\" data-element_type=\"widget\" data-e-type=\"widget\" data-widget_type=\"text-editor.default\">\n\t\t\t\t<div class=\"elementor-widget-container\">\n\t\t\t\t\t\t\t\t\t<h4 style=\"text-align: center;\">Feuille de personnage<\/h4><p style=\"text-align: center;\"><a href=\"https:\/\/www.7emecercle.com\/7C_site\/wp-content\/uploads\/2020\/03\/Keltia_Doc_fdp.zip\" target=\"_blank\" rel=\"noopener\">FdP ZIP<\/a><\/p>\t\t\t\t\t\t\t\t<\/div>\n\t\t\t\t<\/div>\n\t\t\t\t\t<\/div>\n\t\t<\/div>\n\t\t\t\t<div class=\"elementor-column elementor-col-33 elementor-inner-column elementor-element elementor-element-7386e76\" data-id=\"7386e76\" data-element_type=\"column\" data-e-type=\"column\">\n\t\t\t<div class=\"elementor-widget-wrap elementor-element-populated\">\n\t\t\t\t\t\t<div class=\"elementor-element elementor-element-04552a8 elementor-widget elementor-widget-text-editor\" data-id=\"04552a8\" data-element_type=\"widget\" data-e-type=\"widget\" data-widget_type=\"text-editor.default\">\n\t\t\t\t<div class=\"elementor-widget-container\">\n\t\t\t\t\t\t\t\t\t<h4 style=\"text-align: center;\">Feuille de personnage<br \/>de Tony Martin<\/h4><p style=\"text-align: center;\"><a href=\"https:\/\/www.7emecercle.com\/7C_site\/wp-content\/uploads\/2020\/03\/Keltia_Doc_fdp_tm.zip\" target=\"_blank\" rel=\"noopener\">FdP ZIP<\/a><\/p>\t\t\t\t\t\t\t\t<\/div>\n\t\t\t\t<\/div>\n\t\t\t\t\t<\/div>\n\t\t<\/div>\n\t\t\t\t<div class=\"elementor-column elementor-col-33 elementor-inner-column elementor-element elementor-element-0205a6e\" data-id=\"0205a6e\" data-element_type=\"column\" data-e-type=\"column\">\n\t\t\t<div class=\"elementor-widget-wrap elementor-element-populated\">\n\t\t\t\t\t\t<div class=\"elementor-element elementor-element-c1753d8 elementor-widget elementor-widget-text-editor\" data-id=\"c1753d8\" data-element_type=\"widget\" data-e-type=\"widget\" data-widget_type=\"text-editor.default\">\n\t\t\t\t<div class=\"elementor-widget-container\">\n\t\t\t\t\t\t\t\t\t<h4 style=\"text-align: center;\">Carte<\/h4><p style=\"text-align: center;\"><a href=\"https:\/\/www.7emecercle.com\/7C_site\/wp-content\/uploads\/2020\/03\/Keltia_Doc_Map-scaled.jpg\" target=\"_blank\" rel=\"noopener\">JPG<\/a><\/p>\t\t\t\t\t\t\t\t<\/div>\n\t\t\t\t<\/div>\n\t\t\t\t\t<\/div>\n\t\t<\/div>\n\t\t\t\t\t<\/div>\n\t\t<\/section>\n\t\t\t\t\t<\/div>\n\t\t<\/div>\n\t\t\t\t\t<\/div>\n\t\t<\/section>\n\t\t\t\t<\/div>\n\t\t","protected":false},"excerpt":{"rendered":"<p>Keltia, les Chroniques du Roi-dragon vous ouvre les portes d\u2019un royaume oubli\u00e9, celui d\u2019Arthur Pendraeg, Haut-roi de Bretagne. Plongez dans les origines galloises et celtiques du mythe, vous pourrez vivre des aventures palpitantes dans un cadre dense et fascinant, celui de l\u2019\u00cele de Beli Mawr, Ynis Prydein, encore l\u00e9gendaire. Intrigues politiques, combats, magie, et cr\u00e9atures [&hellip;]<\/p>\n","protected":false},"author":1,"featured_media":0,"parent":2483,"menu_order":0,"comment_status":"closed","ping_status":"closed","template":"","meta":{"_uag_custom_page_level_css":"","site-sidebar-layout":"no-sidebar","site-content-layout":"page-builder","ast-site-content-layout":"default","site-content-style":"default","site-sidebar-style":"default","ast-global-header-display":"","ast-banner-title-visibility":"","ast-main-header-display":"","ast-hfb-above-header-display":"","ast-hfb-below-header-display":"","ast-hfb-mobile-header-display":"","site-post-title":"disabled","ast-breadcrumbs-content":"","ast-featured-img":"disabled","footer-sml-layout":"","ast-disable-related-posts":"","theme-transparent-header-meta":"default","adv-header-id-meta":"","stick-header-meta":"default","header-above-stick-meta":"","header-main-stick-meta":"","header-below-stick-meta":"","astra-migrate-meta-layouts":"default","ast-page-background-enabled":"default","ast-page-background-meta":{"desktop":{"background-color":"","background-image":"","background-repeat":"repeat","background-position":"center center","background-size":"auto","background-attachment":"scroll","background-type":"","background-media":"","overlay-type":"","overlay-color":"","overlay-opacity":"","overlay-gradient":""},"tablet":{"background-color":"","background-image":"","background-repeat":"repeat","background-position":"center center","background-size":"auto","background-attachment":"scroll","background-type":"","background-media":"","overlay-type":"","overlay-color":"","overlay-opacity":"","overlay-gradient":""},"mobile":{"background-color":"","background-image":"","background-repeat":"repeat","background-position":"center center","background-size":"auto","background-attachment":"scroll","background-type":"","background-media":"","overlay-type":"","overlay-color":"","overlay-opacity":"","overlay-gradient":""}},"ast-content-background-meta":{"desktop":{"background-color":"var(--ast-global-color-5)","background-image":"","background-repeat":"repeat","background-position":"center center","background-size":"auto","background-attachment":"scroll","background-type":"","background-media":"","overlay-type":"","overlay-color":"","overlay-opacity":"","overlay-gradient":""},"tablet":{"background-color":"var(--ast-global-color-5)","background-image":"","background-repeat":"repeat","background-position":"center center","background-size":"auto","background-attachment":"scroll","background-type":"","background-media":"","overlay-type":"","overlay-color":"","overlay-opacity":"","overlay-gradient":""},"mobile":{"background-color":"var(--ast-global-color-5)","background-image":"","background-repeat":"repeat","background-position":"center center","background-size":"auto","background-attachment":"scroll","background-type":"","background-media":"","overlay-type":"","overlay-color":"","overlay-opacity":"","overlay-gradient":""}},"footnotes":""},"class_list":["post-2600","page","type-page","status-publish","hentry"],"uagb_featured_image_src":{"full":false,"thumbnail":false,"medium":false,"medium_large":false,"large":false,"1536x1536":false,"2048x2048":false,"woocommerce_thumbnail":false,"woocommerce_single":false,"woocommerce_gallery_thumbnail":false},"uagb_author_info":{"display_name":"florrent","author_link":"https:\/\/www.7emecercle.com\/7C_site\/author\/florrent\/"},"uagb_comment_info":0,"uagb_excerpt":"Keltia, les Chroniques du Roi-dragon vous ouvre les portes d\u2019un royaume oubli\u00e9, celui d\u2019Arthur Pendraeg, Haut-roi de Bretagne. Plongez dans les origines galloises et celtiques du mythe, vous pourrez vivre des aventures palpitantes dans un cadre dense et fascinant, celui de l\u2019\u00cele de Beli Mawr, Ynis Prydein, encore l\u00e9gendaire. Intrigues politiques, combats, magie, et cr\u00e9atures\u2026","_links":{"self":[{"href":"https:\/\/www.7emecercle.com\/7C_site\/wp-json\/wp\/v2\/pages\/2600","targetHints":{"allow":["GET"]}}],"collection":[{"href":"https:\/\/www.7emecercle.com\/7C_site\/wp-json\/wp\/v2\/pages"}],"about":[{"href":"https:\/\/www.7emecercle.com\/7C_site\/wp-json\/wp\/v2\/types\/page"}],"author":[{"embeddable":true,"href":"https:\/\/www.7emecercle.com\/7C_site\/wp-json\/wp\/v2\/users\/1"}],"replies":[{"embeddable":true,"href":"https:\/\/www.7emecercle.com\/7C_site\/wp-json\/wp\/v2\/comments?post=2600"}],"version-history":[{"count":4,"href":"https:\/\/www.7emecercle.com\/7C_site\/wp-json\/wp\/v2\/pages\/2600\/revisions"}],"predecessor-version":[{"id":2775,"href":"https:\/\/www.7emecercle.com\/7C_site\/wp-json\/wp\/v2\/pages\/2600\/revisions\/2775"}],"up":[{"embeddable":true,"href":"https:\/\/www.7emecercle.com\/7C_site\/wp-json\/wp\/v2\/pages\/2483"}],"wp:attachment":[{"href":"https:\/\/www.7emecercle.com\/7C_site\/wp-json\/wp\/v2\/media?parent=2600"}],"curies":[{"name":"wp","href":"https:\/\/api.w.org\/{rel}","templated":true}]}}