{"id":2776,"date":"2020-04-08T17:25:06","date_gmt":"2020-04-08T15:25:06","guid":{"rendered":"https:\/\/www.7emecercle.com\/7C_site\/?page_id=2776"},"modified":"2020-04-08T18:06:46","modified_gmt":"2020-04-08T16:06:46","slug":"kuro","status":"publish","type":"page","link":"https:\/\/www.7emecercle.com\/7C_site\/jeux-de-roles\/kuro\/","title":{"rendered":"Kuro"},"content":{"rendered":"\t\t<div data-elementor-type=\"wp-page\" data-elementor-id=\"2776\" class=\"elementor elementor-2776\" data-elementor-post-type=\"page\">\n\t\t\t\t\t\t<section class=\"elementor-section elementor-top-section elementor-element elementor-element-dc57cef elementor-section-full_width elementor-section-height-default elementor-section-height-default\" data-id=\"dc57cef\" data-element_type=\"section\" data-e-type=\"section\" data-settings=\"{&quot;background_background&quot;:&quot;slideshow&quot;,&quot;background_slideshow_gallery&quot;:[{&quot;id&quot;:2795,&quot;url&quot;:&quot;https:\\\/\\\/www.7emecercle.com\\\/7C_site\\\/wp-content\\\/uploads\\\/2020\\\/04\\\/Kur_Mak_ecran_finition.jpg&quot;},{&quot;id&quot;:2782,&quot;url&quot;:&quot;https:\\\/\\\/www.7emecercle.com\\\/7C_site\\\/wp-content\\\/uploads\\\/2020\\\/04\\\/Kur_Illus_Shinjuku.jpg&quot;},{&quot;id&quot;:2779,&quot;url&quot;:&quot;https:\\\/\\\/www.7emecercle.com\\\/7C_site\\\/wp-content\\\/uploads\\\/2020\\\/04\\\/Kur_Illus_alley.jpg&quot;},{&quot;id&quot;:2780,&quot;url&quot;:&quot;https:\\\/\\\/www.7emecercle.com\\\/7C_site\\\/wp-content\\\/uploads\\\/2020\\\/04\\\/Kur_Illus_katama.jpg&quot;},{&quot;id&quot;:2790,&quot;url&quot;:&quot;https:\\\/\\\/www.7emecercle.com\\\/7C_site\\\/wp-content\\\/uploads\\\/2020\\\/04\\\/Kur_Ten_shinedoruines.jpg&quot;}],&quot;shape_divider_bottom&quot;:&quot;opacity-tilt&quot;,&quot;background_slideshow_loop&quot;:&quot;yes&quot;,&quot;background_slideshow_slide_duration&quot;:5000,&quot;background_slideshow_slide_transition&quot;:&quot;fade&quot;,&quot;background_slideshow_transition_duration&quot;:500}\">\n\t\t\t\t\t<div class=\"elementor-shape elementor-shape-bottom\" aria-hidden=\"true\" data-negative=\"false\">\n\t\t\t<svg xmlns=\"http:\/\/www.w3.org\/2000\/svg\" viewBox=\"0 0 2600 131.1\" preserveAspectRatio=\"none\">\n\t<path class=\"elementor-shape-fill\" d=\"M0 0L2600 0 2600 69.1 0 0z\"\/>\n\t<path class=\"elementor-shape-fill\" style=\"opacity:0.5\" d=\"M0 0L2600 0 2600 69.1 0 69.1z\"\/>\n\t<path class=\"elementor-shape-fill\" style=\"opacity:0.25\" d=\"M2600 0L0 0 0 130.1 2600 69.1z\"\/>\n<\/svg>\t\t<\/div>\n\t\t\t\t\t<div class=\"elementor-container elementor-column-gap-default\">\n\t\t\t\t\t<div class=\"elementor-column elementor-col-100 elementor-top-column elementor-element elementor-element-fbe2a70\" data-id=\"fbe2a70\" data-element_type=\"column\" data-e-type=\"column\">\n\t\t\t<div class=\"elementor-widget-wrap\">\n\t\t\t\t\t\t\t<\/div>\n\t\t<\/div>\n\t\t\t\t\t<\/div>\n\t\t<\/section>\n\t\t\t\t<section class=\"elementor-section elementor-top-section elementor-element elementor-element-1e6a252 elementor-section-boxed elementor-section-height-default elementor-section-height-default\" data-id=\"1e6a252\" data-element_type=\"section\" data-e-type=\"section\">\n\t\t\t\t\t\t<div class=\"elementor-container elementor-column-gap-default\">\n\t\t\t\t\t<div class=\"elementor-column elementor-col-33 elementor-top-column elementor-element elementor-element-6721b80\" data-id=\"6721b80\" data-element_type=\"column\" data-e-type=\"column\">\n\t\t\t<div class=\"elementor-widget-wrap elementor-element-populated\">\n\t\t\t\t\t\t<div class=\"elementor-element elementor-element-41181a7 elementor-widget elementor-widget-image\" data-id=\"41181a7\" data-element_type=\"widget\" data-e-type=\"widget\" data-widget_type=\"image.default\">\n\t\t\t\t<div class=\"elementor-widget-container\">\n\t\t\t\t\t\t\t\t\t\t\t\t\t\t\t<img fetchpriority=\"high\" decoding=\"async\" width=\"1000\" height=\"614\" src=\"https:\/\/www.7emecercle.com\/7C_site\/wp-content\/uploads\/2020\/04\/Kur_logo.jpg\" class=\"attachment-large size-large wp-image-2796\" alt=\"\" srcset=\"https:\/\/www.7emecercle.com\/7C_site\/wp-content\/uploads\/2020\/04\/Kur_logo.jpg 1000w, https:\/\/www.7emecercle.com\/7C_site\/wp-content\/uploads\/2020\/04\/Kur_logo-300x184.jpg 300w, https:\/\/www.7emecercle.com\/7C_site\/wp-content\/uploads\/2020\/04\/Kur_logo-768x472.jpg 768w, https:\/\/www.7emecercle.com\/7C_site\/wp-content\/uploads\/2020\/04\/Kur_logo-600x368.jpg 600w\" sizes=\"(max-width: 1000px) 100vw, 1000px\" \/>\t\t\t\t\t\t\t\t\t\t\t\t\t\t\t<\/div>\n\t\t\t\t<\/div>\n\t\t\t\t\t<\/div>\n\t\t<\/div>\n\t\t\t\t<div class=\"elementor-column elementor-col-33 elementor-top-column elementor-element elementor-element-b6adad2\" data-id=\"b6adad2\" data-element_type=\"column\" data-e-type=\"column\">\n\t\t\t<div class=\"elementor-widget-wrap elementor-element-populated\">\n\t\t\t\t\t\t<div class=\"elementor-element elementor-element-7765370 elementor-widget elementor-widget-text-editor\" data-id=\"7765370\" data-element_type=\"widget\" data-e-type=\"widget\" data-widget_type=\"text-editor.default\">\n\t\t\t\t<div class=\"elementor-widget-container\">\n\t\t\t\t\t\t\t\t\t<p>Kuro propose de jouer des hommes et femmes ordinaires dans le Japon de 2046, qui feront face \u00e0 des situations extraordinaires. Son univers est \u00e0 la fois inspir\u00e9 d&rsquo;oeuvres de science-fiction telles que Blade Runner, Bienvenue \u00e0 Gattaca, Ghost in the Shell, Akira, et d&rsquo;oeuvres d&rsquo;horreur telles que Perfect Blue, Ring, ou Dark Water. L&rsquo;ambiance de jeu oscille donc entre le futuriste sombre et l&rsquo;horreur \u00e0 la japonaise.<\/p><p>Le Japon de 2046 subit depuis six mois un blocus international complet. En effet, le Japon, apr\u00e8s avoir jou\u00e9 un jeu diplomatique fait de retournements multiples, a subi une attaque nucl\u00e9aire accidentelle de la part de la Cor\u00e9e. Mais voil\u00e0, le missile s&rsquo;est volatilis\u00e9 dans une lumi\u00e8re blanche et a provoqu\u00e9 une onde \u00e9lectromagn\u00e9tique sans faire de d\u00e9g\u00e2ts. Les autres nations du globe, suspectant une arme secr\u00e8te japonaise, ont d\u00e9cr\u00e9t\u00e9 un blocus de l&rsquo;archipel. De plus, depuis l&rsquo;\u00e9v\u00e9nement, nomm\u00e9 incident Kuro, l&rsquo;archipel japonais subit les assauts de violents typhons et de nombreuses personnes font part d&rsquo;\u00e9v\u00e9nements \u00e9tranges : disparitions inexpliqu\u00e9es, animaux parlants, fant\u00f4mes, monstres, etc.<\/p><p>Dans le Japon de 2046, la technologie s&rsquo;est fortement d\u00e9velopp\u00e9e : aliments clon\u00e9s et enrichis, robots anthropomorphes, ordinateurs portables et bas\u00e9s sur la technologie laser, r\u00e9alit\u00e9 augment\u00e9e sont des artefacts courants. Le clonage et les th\u00e9rapies g\u00e9n\u00e9tiques sont quant \u00e0 eux r\u00e9serv\u00e9s \u00e0 une \u00e9lite : la g\u00e9nocratie. Quant \u00e0 ceux qui tentent de m\u00e9langer la technologie et les rituels shinto\u00efstes, ils sont rares, mais sont de moins en moins consid\u00e9r\u00e9s comme des originaux.<\/p>\t\t\t\t\t\t\t\t<\/div>\n\t\t\t\t<\/div>\n\t\t\t\t\t<\/div>\n\t\t<\/div>\n\t\t\t\t<div class=\"elementor-column elementor-col-33 elementor-top-column elementor-element elementor-element-015acd8\" data-id=\"015acd8\" data-element_type=\"column\" data-e-type=\"column\">\n\t\t\t<div class=\"elementor-widget-wrap elementor-element-populated\">\n\t\t\t\t\t\t<div class=\"elementor-element elementor-element-f87df31 elementor-widget elementor-widget-text-editor\" data-id=\"f87df31\" data-element_type=\"widget\" data-e-type=\"widget\" data-widget_type=\"text-editor.default\">\n\t\t\t\t<div class=\"elementor-widget-container\">\n\t\t\t\t\t\t\t\t\t<h4>Type<\/h4><p>\u2022 Japon 2046<br \/>\u2022 Anticipation<br \/>\u2022 Enqu\u00eate \/\u00a0Horreur<br \/>\u2022Fantastique<\/p><h4>Syst\u00e8me<\/h4><p>\u2022 X D6<br \/>\u2022 Carac&rsquo; + Comp&rsquo;<br \/>\u2022 D6 \u00ab\u00a0Explosif\u00a0\u00bb<\/p>\t\t\t\t\t\t\t\t<\/div>\n\t\t\t\t<\/div>\n\t\t\t\t\t<\/div>\n\t\t<\/div>\n\t\t\t\t\t<\/div>\n\t\t<\/section>\n\t\t\t\t<section class=\"elementor-section elementor-top-section elementor-element elementor-element-a12a644 elementor-section-boxed elementor-section-height-default elementor-section-height-default\" data-id=\"a12a644\" data-element_type=\"section\" data-e-type=\"section\">\n\t\t\t\t\t\t<div class=\"elementor-container elementor-column-gap-default\">\n\t\t\t\t\t<div class=\"elementor-column elementor-col-100 elementor-top-column elementor-element elementor-element-0c34940\" data-id=\"0c34940\" data-element_type=\"column\" data-e-type=\"column\">\n\t\t\t<div class=\"elementor-widget-wrap elementor-element-populated\">\n\t\t\t\t\t\t<div class=\"elementor-element elementor-element-9cf0126 elementor-widget-divider--view-line elementor-widget elementor-widget-divider\" data-id=\"9cf0126\" data-element_type=\"widget\" data-e-type=\"widget\" data-widget_type=\"divider.default\">\n\t\t\t\t<div class=\"elementor-widget-container\">\n\t\t\t\t\t\t\t<div class=\"elementor-divider\">\n\t\t\t<span class=\"elementor-divider-separator\">\n\t\t\t\t\t\t<\/span>\n\t\t<\/div>\n\t\t\t\t\t\t<\/div>\n\t\t\t\t<\/div>\n\t\t\t\t<div class=\"elementor-element elementor-element-31ac334 elementor-widget elementor-widget-shortcode\" data-id=\"31ac334\" data-element_type=\"widget\" data-e-type=\"widget\" data-widget_type=\"shortcode.default\">\n\t\t\t\t<div class=\"elementor-widget-container\">\n\t\t\t\t\t\t\t<div class=\"elementor-shortcode\"><div class=\"woocommerce columns-4 \"><ul class=\"products columns-4\">\n<li class=\"desktop-align-center tablet-align-center mobile-align-center ast-product-gallery-layout-horizontal-slider ast-product-tabs-layout-horizontal ast-qv-on-image product type-product post-2769 status-publish first instock product_cat-jeu-de-roles product_cat-kuro product_cat-version-papier product_cat-version-pdf product_tag-apocalypse product_tag-arts-martiaux product_tag-aventure product_tag-d6 product_tag-fantome product_tag-horreur product_tag-japon product_tag-jdr product_tag-magie product_tag-mystere product_tag-tecnologie has-post-thumbnail sold-individually shipping-taxable product-type-grouped\">\n\t<a href=\"https:\/\/www.7emecercle.com\/7C_site\/produit\/kuro-livre-de-base\/\" class=\"woocommerce-LoopProduct-link woocommerce-loop-product__link\"><img decoding=\"async\" width=\"300\" height=\"400\" src=\"https:\/\/www.7emecercle.com\/7C_site\/wp-content\/uploads\/2020\/04\/Kur_LdB_Cover-300x400.jpg\" class=\"attachment-woocommerce_thumbnail size-woocommerce_thumbnail\" alt=\"Kuro - Livre de base\" \/><h2 class=\"woocommerce-loop-product__title\">Kuro &#8211; Livre de base<\/h2>\n\t<span class=\"price\"><span class=\"woocommerce-Price-amount amount\" aria-hidden=\"true\"><bdi>15.00<span class=\"woocommerce-Price-currencySymbol\">&euro;<\/span><\/bdi><\/span> <span aria-hidden=\"true\">\u00a0\u2013\u00a0<\/span> <span class=\"woocommerce-Price-amount amount\" aria-hidden=\"true\"><bdi>30.00<span class=\"woocommerce-Price-currencySymbol\">&euro;<\/span><\/bdi><\/span><span class=\"screen-reader-text\">Plage de prix\u00a0: 15.00&euro; \u00e0 30.00&euro;<\/span><\/span>\n<\/a><a href=\"https:\/\/www.7emecercle.com\/7C_site\/produit\/kuro-livre-de-base\/\" aria-describedby=\"woocommerce_loop_add_to_cart_link_describedby_2769\" data-quantity=\"1\" class=\"button product_type_grouped \" data-product_id=\"2769\" data-product_sku=\"KUR LDB\" aria-label=\"Voir les produits dans le groupe &ldquo;Kuro - Livre de base&rdquo;\" rel=\"nofollow\">Voir les produits<\/a>\t<span id=\"woocommerce_loop_add_to_cart_link_describedby_2769\" class=\"screen-reader-text\">\n\t\t\t<\/span>\n<\/li>\n<li class=\"desktop-align-center tablet-align-center mobile-align-center ast-product-gallery-layout-horizontal-slider ast-product-tabs-layout-horizontal ast-qv-on-image product type-product post-2771 status-publish instock product_cat-jeu-de-roles product_cat-kuro product_cat-version-papier product_cat-version-pdf product_tag-apocalypse product_tag-arts-martiaux product_tag-aventure product_tag-d6 product_tag-fantome product_tag-horreur product_tag-japon product_tag-jdr product_tag-magie product_tag-mystere product_tag-tecnologie has-post-thumbnail sold-individually shipping-taxable product-type-grouped\">\n\t<a href=\"https:\/\/www.7emecercle.com\/7C_site\/produit\/kuro-makkura\/\" class=\"woocommerce-LoopProduct-link woocommerce-loop-product__link\"><img decoding=\"async\" width=\"300\" height=\"400\" src=\"https:\/\/www.7emecercle.com\/7C_site\/wp-content\/uploads\/2020\/04\/Kur_Makkura_Cover-300x400.jpg\" class=\"attachment-woocommerce_thumbnail size-woocommerce_thumbnail\" alt=\"Kuro - Makkura\" \/><h2 class=\"woocommerce-loop-product__title\">Kuro &#8211; Makkura<\/h2>\n\t<span class=\"price\"><span class=\"woocommerce-Price-amount amount\" aria-hidden=\"true\"><bdi>15.00<span class=\"woocommerce-Price-currencySymbol\">&euro;<\/span><\/bdi><\/span> <span aria-hidden=\"true\">\u00a0\u2013\u00a0<\/span> <span class=\"woocommerce-Price-amount amount\" aria-hidden=\"true\"><bdi>30.00<span class=\"woocommerce-Price-currencySymbol\">&euro;<\/span><\/bdi><\/span><span class=\"screen-reader-text\">Plage de prix\u00a0: 15.00&euro; \u00e0 30.00&euro;<\/span><\/span>\n<\/a><a href=\"https:\/\/www.7emecercle.com\/7C_site\/produit\/kuro-makkura\/\" aria-describedby=\"woocommerce_loop_add_to_cart_link_describedby_2771\" data-quantity=\"1\" class=\"button product_type_grouped \" data-product_id=\"2771\" data-product_sku=\"KUR MAK\" aria-label=\"Voir les produits dans le groupe &ldquo;Kuro - Makkura&rdquo;\" rel=\"nofollow\">Voir les produits<\/a>\t<span id=\"woocommerce_loop_add_to_cart_link_describedby_2771\" class=\"screen-reader-text\">\n\t\t\t<\/span>\n<\/li>\n<li class=\"desktop-align-center tablet-align-center mobile-align-center ast-product-gallery-layout-horizontal-slider ast-product-tabs-layout-horizontal ast-qv-on-image product type-product post-2773 status-publish instock product_cat-jeu-de-roles product_cat-kuro product_cat-version-papier product_cat-version-pdf product_tag-apocalypse product_tag-arts-martiaux product_tag-aventure product_tag-d6 product_tag-fantome product_tag-horreur product_tag-japon product_tag-jdr product_tag-magie product_tag-mystere product_tag-tecnologie has-post-thumbnail sold-individually shipping-taxable product-type-grouped\">\n\t<a href=\"https:\/\/www.7emecercle.com\/7C_site\/produit\/kuro-tensei\/\" class=\"woocommerce-LoopProduct-link woocommerce-loop-product__link\"><img loading=\"lazy\" decoding=\"async\" width=\"300\" height=\"400\" src=\"https:\/\/www.7emecercle.com\/7C_site\/wp-content\/uploads\/2020\/04\/Kur_Tensei_Cover-300x400.jpg\" class=\"attachment-woocommerce_thumbnail size-woocommerce_thumbnail\" alt=\"Kuro - Tense\u00ef\" \/><h2 class=\"woocommerce-loop-product__title\">Kuro &#8211; Tense\u00ef<\/h2>\n\t<span class=\"price\"><span class=\"woocommerce-Price-amount amount\" aria-hidden=\"true\"><bdi>15.00<span class=\"woocommerce-Price-currencySymbol\">&euro;<\/span><\/bdi><\/span> <span aria-hidden=\"true\">\u00a0\u2013\u00a0<\/span> <span class=\"woocommerce-Price-amount amount\" aria-hidden=\"true\"><bdi>30.00<span class=\"woocommerce-Price-currencySymbol\">&euro;<\/span><\/bdi><\/span><span class=\"screen-reader-text\">Plage de prix\u00a0: 15.00&euro; \u00e0 30.00&euro;<\/span><\/span>\n<\/a><a href=\"https:\/\/www.7emecercle.com\/7C_site\/produit\/kuro-tensei\/\" aria-describedby=\"woocommerce_loop_add_to_cart_link_describedby_2773\" data-quantity=\"1\" class=\"button product_type_grouped \" data-product_id=\"2773\" data-product_sku=\"KUR TEN\" aria-label=\"Voir les produits dans le groupe &ldquo;Kuro - Tense\u00ef&rdquo;\" rel=\"nofollow\">Voir les produits<\/a>\t<span id=\"woocommerce_loop_add_to_cart_link_describedby_2773\" class=\"screen-reader-text\">\n\t\t\t<\/span>\n<\/li>\n<\/ul>\n<\/div><\/div>\n\t\t\t\t\t\t<\/div>\n\t\t\t\t<\/div>\n\t\t\t\t\t<\/div>\n\t\t<\/div>\n\t\t\t\t\t<\/div>\n\t\t<\/section>\n\t\t\t\t<section class=\"elementor-section elementor-top-section elementor-element elementor-element-95b2f0e elementor-section-full_width elementor-section-height-default elementor-section-height-default\" data-id=\"95b2f0e\" data-element_type=\"section\" data-e-type=\"section\" data-settings=\"{&quot;background_background&quot;:&quot;gradient&quot;,&quot;shape_divider_top&quot;:&quot;opacity-tilt&quot;}\">\n\t\t\t\t\t<div class=\"elementor-shape elementor-shape-top\" aria-hidden=\"true\" data-negative=\"false\">\n\t\t\t<svg xmlns=\"http:\/\/www.w3.org\/2000\/svg\" viewBox=\"0 0 2600 131.1\" preserveAspectRatio=\"none\">\n\t<path class=\"elementor-shape-fill\" d=\"M0 0L2600 0 2600 69.1 0 0z\"\/>\n\t<path class=\"elementor-shape-fill\" style=\"opacity:0.5\" d=\"M0 0L2600 0 2600 69.1 0 69.1z\"\/>\n\t<path class=\"elementor-shape-fill\" style=\"opacity:0.25\" d=\"M2600 0L0 0 0 130.1 2600 69.1z\"\/>\n<\/svg>\t\t<\/div>\n\t\t\t\t\t<div class=\"elementor-container elementor-column-gap-default\">\n\t\t\t\t\t<div class=\"elementor-column elementor-col-100 elementor-top-column elementor-element elementor-element-a00e17c\" data-id=\"a00e17c\" data-element_type=\"column\" data-e-type=\"column\">\n\t\t\t<div class=\"elementor-widget-wrap elementor-element-populated\">\n\t\t\t\t\t\t<div class=\"elementor-element elementor-element-48837cf elementor-widget elementor-widget-heading\" data-id=\"48837cf\" data-element_type=\"widget\" data-e-type=\"widget\" data-widget_type=\"heading.default\">\n\t\t\t\t<div class=\"elementor-widget-container\">\n\t\t\t\t\t<h3 class=\"elementor-heading-title elementor-size-default\">Lien utiles<\/h3>\t\t\t\t<\/div>\n\t\t\t\t<\/div>\n\t\t\t\t<section class=\"elementor-section elementor-inner-section elementor-element elementor-element-259df59 elementor-section-boxed elementor-section-height-default elementor-section-height-default\" data-id=\"259df59\" data-element_type=\"section\" data-e-type=\"section\">\n\t\t\t\t\t\t<div class=\"elementor-container elementor-column-gap-default\">\n\t\t\t\t\t<div class=\"elementor-column elementor-col-50 elementor-inner-column elementor-element elementor-element-e4c1531\" data-id=\"e4c1531\" data-element_type=\"column\" data-e-type=\"column\">\n\t\t\t<div class=\"elementor-widget-wrap elementor-element-populated\">\n\t\t\t\t\t\t<div class=\"elementor-element elementor-element-24612dc elementor-widget elementor-widget-text-editor\" data-id=\"24612dc\" data-element_type=\"widget\" data-e-type=\"widget\" data-widget_type=\"text-editor.default\">\n\t\t\t\t<div class=\"elementor-widget-container\">\n\t\t\t\t\t\t\t\t\t<h4 style=\"text-align: center;\">Feuille de personnage<br \/>pour Kuro<\/h4><p style=\"text-align: center;\"><a href=\"https:\/\/www.7emecercle.com\/7C_site\/wp-content\/uploads\/2020\/04\/kuro_fp.pdf\">PDF<\/a><\/p>\t\t\t\t\t\t\t\t<\/div>\n\t\t\t\t<\/div>\n\t\t\t\t\t<\/div>\n\t\t<\/div>\n\t\t\t\t<div class=\"elementor-column elementor-col-50 elementor-inner-column elementor-element elementor-element-84bb34c\" data-id=\"84bb34c\" data-element_type=\"column\" data-e-type=\"column\">\n\t\t\t<div class=\"elementor-widget-wrap elementor-element-populated\">\n\t\t\t\t\t\t<div class=\"elementor-element elementor-element-1fe5ee9 elementor-widget elementor-widget-text-editor\" data-id=\"1fe5ee9\" data-element_type=\"widget\" data-e-type=\"widget\" data-widget_type=\"text-editor.default\">\n\t\t\t\t<div class=\"elementor-widget-container\">\n\t\t\t\t\t\t\t\t\t<h4 style=\"text-align: center;\">Feuille de personnage<br \/>pour Tense\u00ef<\/h4><p style=\"text-align: center;\"><a href=\"https:\/\/www.7emecercle.com\/7C_site\/wp-content\/uploads\/2020\/04\/kuro_tensei_fp.pdf\">PDF<\/a><\/p>\t\t\t\t\t\t\t\t<\/div>\n\t\t\t\t<\/div>\n\t\t\t\t\t<\/div>\n\t\t<\/div>\n\t\t\t\t\t<\/div>\n\t\t<\/section>\n\t\t\t\t\t<\/div>\n\t\t<\/div>\n\t\t\t\t\t<\/div>\n\t\t<\/section>\n\t\t\t\t<\/div>\n\t\t","protected":false},"excerpt":{"rendered":"<p>Kuro propose de jouer des hommes et femmes ordinaires dans le Japon de 2046, qui feront face \u00e0 des situations extraordinaires. Son univers est \u00e0 la fois inspir\u00e9 d&rsquo;oeuvres de science-fiction telles que Blade Runner, Bienvenue \u00e0 Gattaca, Ghost in the Shell, Akira, et d&rsquo;oeuvres d&rsquo;horreur telles que Perfect Blue, Ring, ou Dark Water. L&rsquo;ambiance [&hellip;]<\/p>\n","protected":false},"author":1,"featured_media":0,"parent":2483,"menu_order":0,"comment_status":"closed","ping_status":"closed","template":"","meta":{"_uag_custom_page_level_css":"","site-sidebar-layout":"no-sidebar","site-content-layout":"page-builder","ast-site-content-layout":"default","site-content-style":"default","site-sidebar-style":"default","ast-global-header-display":"","ast-banner-title-visibility":"","ast-main-header-display":"","ast-hfb-above-header-display":"","ast-hfb-below-header-display":"","ast-hfb-mobile-header-display":"","site-post-title":"disabled","ast-breadcrumbs-content":"","ast-featured-img":"disabled","footer-sml-layout":"","ast-disable-related-posts":"","theme-transparent-header-meta":"default","adv-header-id-meta":"","stick-header-meta":"default","header-above-stick-meta":"","header-main-stick-meta":"","header-below-stick-meta":"","astra-migrate-meta-layouts":"default","ast-page-background-enabled":"default","ast-page-background-meta":{"desktop":{"background-color":"","background-image":"","background-repeat":"repeat","background-position":"center center","background-size":"auto","background-attachment":"scroll","background-type":"","background-media":"","overlay-type":"","overlay-color":"","overlay-opacity":"","overlay-gradient":""},"tablet":{"background-color":"","background-image":"","background-repeat":"repeat","background-position":"center center","background-size":"auto","background-attachment":"scroll","background-type":"","background-media":"","overlay-type":"","overlay-color":"","overlay-opacity":"","overlay-gradient":""},"mobile":{"background-color":"","background-image":"","background-repeat":"repeat","background-position":"center center","background-size":"auto","background-attachment":"scroll","background-type":"","background-media":"","overlay-type":"","overlay-color":"","overlay-opacity":"","overlay-gradient":""}},"ast-content-background-meta":{"desktop":{"background-color":"var(--ast-global-color-5)","background-image":"","background-repeat":"repeat","background-position":"center center","background-size":"auto","background-attachment":"scroll","background-type":"","background-media":"","overlay-type":"","overlay-color":"","overlay-opacity":"","overlay-gradient":""},"tablet":{"background-color":"var(--ast-global-color-5)","background-image":"","background-repeat":"repeat","background-position":"center center","background-size":"auto","background-attachment":"scroll","background-type":"","background-media":"","overlay-type":"","overlay-color":"","overlay-opacity":"","overlay-gradient":""},"mobile":{"background-color":"var(--ast-global-color-5)","background-image":"","background-repeat":"repeat","background-position":"center center","background-size":"auto","background-attachment":"scroll","background-type":"","background-media":"","overlay-type":"","overlay-color":"","overlay-opacity":"","overlay-gradient":""}},"footnotes":""},"class_list":["post-2776","page","type-page","status-publish","hentry"],"uagb_featured_image_src":{"full":false,"thumbnail":false,"medium":false,"medium_large":false,"large":false,"1536x1536":false,"2048x2048":false,"woocommerce_thumbnail":false,"woocommerce_single":false,"woocommerce_gallery_thumbnail":false},"uagb_author_info":{"display_name":"florrent","author_link":"https:\/\/www.7emecercle.com\/7C_site\/author\/florrent\/"},"uagb_comment_info":0,"uagb_excerpt":"Kuro propose de jouer des hommes et femmes ordinaires dans le Japon de 2046, qui feront face \u00e0 des situations extraordinaires. Son univers est \u00e0 la fois inspir\u00e9 d&rsquo;oeuvres de science-fiction telles que Blade Runner, Bienvenue \u00e0 Gattaca, Ghost in the Shell, Akira, et d&rsquo;oeuvres d&rsquo;horreur telles que Perfect Blue, Ring, ou Dark Water. L&rsquo;ambiance\u2026","_links":{"self":[{"href":"https:\/\/www.7emecercle.com\/7C_site\/wp-json\/wp\/v2\/pages\/2776","targetHints":{"allow":["GET"]}}],"collection":[{"href":"https:\/\/www.7emecercle.com\/7C_site\/wp-json\/wp\/v2\/pages"}],"about":[{"href":"https:\/\/www.7emecercle.com\/7C_site\/wp-json\/wp\/v2\/types\/page"}],"author":[{"embeddable":true,"href":"https:\/\/www.7emecercle.com\/7C_site\/wp-json\/wp\/v2\/users\/1"}],"replies":[{"embeddable":true,"href":"https:\/\/www.7emecercle.com\/7C_site\/wp-json\/wp\/v2\/comments?post=2776"}],"version-history":[{"count":6,"href":"https:\/\/www.7emecercle.com\/7C_site\/wp-json\/wp\/v2\/pages\/2776\/revisions"}],"predecessor-version":[{"id":2804,"href":"https:\/\/www.7emecercle.com\/7C_site\/wp-json\/wp\/v2\/pages\/2776\/revisions\/2804"}],"up":[{"embeddable":true,"href":"https:\/\/www.7emecercle.com\/7C_site\/wp-json\/wp\/v2\/pages\/2483"}],"wp:attachment":[{"href":"https:\/\/www.7emecercle.com\/7C_site\/wp-json\/wp\/v2\/media?parent=2776"}],"curies":[{"name":"wp","href":"https:\/\/api.w.org\/{rel}","templated":true}]}}