{"id":1428,"date":"2020-01-14T15:41:04","date_gmt":"2020-01-14T14:41:04","guid":{"rendered":"https:\/\/www.7emecercle.com\/7C_site\/?post_type=product&#038;p=1428"},"modified":"2025-05-23T02:13:26","modified_gmt":"2025-05-23T00:13:26","slug":"yggdrasill-rois-des-mers","status":"publish","type":"product","link":"https:\/\/www.7emecercle.com\/7C_site\/produit\/yggdrasill-rois-des-mers\/","title":{"rendered":"Yggdrasill &#8211; Rois des Mers"},"content":{"rendered":"<p>Il est temps pour nos h\u00e9ros de prendre la mer et de partir \u00e0 la conqu\u00eate de ce titre convoit\u00e9, saekonungar, Rois des Mers ! Pirate ou commer\u00e7ant, mercenaire ou seigneur de son propre esquif, capitaine ou pilote, les mers septentrionales s\u2019offrent aux audacieux qui assument leur Destin, humant l\u2019odeur sal\u00e9e du vent froid qui fait claquer la voile.<\/p>\n<p>Dans ce suppl\u00e9ment, vous d\u00e9couvrirez :<\/p>\n<p>\u2022 De nouvelles professions li\u00e9es \u00e0 la mer<br \/>\n\u2022 Des donn\u00e9es indispensables sur les bateaux de la Scandia,<br \/>\n\u2022 Des r\u00e8gles et techniques de combat des marins.<br \/>\n\u2022 Un aper\u00e7u de quelques peuples voisins<br \/>\n\u2022 La g\u00e9n\u00e9alogie des Royaumes du Nord, au moment de la campagne<br \/>\n\u2022 Pendant ce temps en Scandia, une mise au point des \u00e9v\u00e9nements parall\u00e8les \u00e0 la campagne<br \/>\n\u2022 \u201cPar-del\u00e0 les confins\u201d, la suite de la campagne, en trois chapitres.<br \/>\n\u2022 \u201cLes feux de la Terre\u201d, un sc\u00e9nario jouable en dehors de la campagne ou en interm\u00e8de.<\/p>\n","protected":false},"excerpt":{"rendered":"<p style=\"text-align: center;\"><em>\u201cJ\u2019ai gouvern\u00e9 des bateaux<br \/>\nEt me suis tenu \u00e0 l\u2019\u00e9trave,<br \/>\nseul seigneur de tout le peuple.\u201d<br \/>\n<\/em><\/p>\n<p style=\"text-align: center;\">&#8212; V\u00f6lsa thattr, Str12<\/p>\n","protected":false},"featured_media":1416,"comment_status":"open","ping_status":"closed","template":"","meta":{"_uag_custom_page_level_css":"","site-sidebar-layout":"default","site-content-layout":"default","ast-site-content-layout":"default","site-content-style":"default","site-sidebar-style":"default","ast-global-header-display":"","ast-banner-title-visibility":"","ast-main-header-display":"","ast-hfb-above-header-display":"","ast-hfb-below-header-display":"","ast-hfb-mobile-header-display":"","site-post-title":"","ast-breadcrumbs-content":"","ast-featured-img":"","footer-sml-layout":"","ast-disable-related-posts":"","theme-transparent-header-meta":"default","adv-header-id-meta":"","stick-header-meta":"","header-above-stick-meta":"","header-main-stick-meta":"","header-below-stick-meta":"","astra-migrate-meta-layouts":"default","ast-page-background-enabled":"default","ast-page-background-meta":{"desktop":{"background-color":"","background-image":"","background-repeat":"repeat","background-position":"center center","background-size":"auto","background-attachment":"scroll","background-type":"","background-media":"","overlay-type":"","overlay-color":"","overlay-opacity":"","overlay-gradient":""},"tablet":{"background-color":"","background-image":"","background-repeat":"repeat","background-position":"center center","background-size":"auto","background-attachment":"scroll","background-type":"","background-media":"","overlay-type":"","overlay-color":"","overlay-opacity":"","overlay-gradient":""},"mobile":{"background-color":"","background-image":"","background-repeat":"repeat","background-position":"center center","background-size":"auto","background-attachment":"scroll","background-type":"","background-media":"","overlay-type":"","overlay-color":"","overlay-opacity":"","overlay-gradient":""}},"ast-content-background-meta":{"desktop":{"background-color":"var(--ast-global-color-5)","background-image":"","background-repeat":"repeat","background-position":"center center","background-size":"auto","background-attachment":"scroll","background-type":"","background-media":"","overlay-type":"","overlay-color":"","overlay-opacity":"","overlay-gradient":""},"tablet":{"background-color":"var(--ast-global-color-5)","background-image":"","background-repeat":"repeat","background-position":"center center","background-size":"auto","background-attachment":"scroll","background-type":"","background-media":"","overlay-type":"","overlay-color":"","overlay-opacity":"","overlay-gradient":""},"mobile":{"background-color":"var(--ast-global-color-5)","background-image":"","background-repeat":"repeat","background-position":"center center","background-size":"auto","background-attachment":"scroll","background-type":"","background-media":"","overlay-type":"","overlay-color":"","overlay-opacity":"","overlay-gradient":""}}},"product_brand":[],"product_cat":[63,73,68],"product_tag":[74,81,78,80,76,79,75,77],"class_list":{"0":"post-1428","1":"product","2":"type-product","3":"status-publish","4":"has-post-thumbnail","6":"product_cat-jeu-de-roles","7":"product_cat-version-papier","8":"product_cat-yggdrasill","9":"product_tag-aventure","10":"product_tag-d10","11":"product_tag-heros","12":"product_tag-historique","13":"product_tag-jdr","14":"product_tag-medieval","15":"product_tag-saga","16":"product_tag-viking","17":"desktop-align-center","18":"tablet-align-center","19":"mobile-align-center","20":"ast-product-gallery-layout-horizontal-slider","21":"ast-product-gallery-with-no-image","22":"ast-product-tabs-layout-horizontal","23":"ast-qv-on-image","25":"first","26":"outofstock","27":"shipping-taxable","28":"purchasable","29":"product-type-simple"},"uagb_featured_image_src":{"full":["https:\/\/www.7emecercle.com\/7C_site\/wp-content\/uploads\/2020\/01\/Ygg_RdM_Cover.jpg",566,800,false],"thumbnail":["https:\/\/www.7emecercle.com\/7C_site\/wp-content\/uploads\/2020\/01\/Ygg_RdM_Cover-150x150.jpg",150,150,true],"medium":["https:\/\/www.7emecercle.com\/7C_site\/wp-content\/uploads\/2020\/01\/Ygg_RdM_Cover-212x300.jpg",212,300,true],"medium_large":["https:\/\/www.7emecercle.com\/7C_site\/wp-content\/uploads\/2020\/01\/Ygg_RdM_Cover.jpg",566,800,false],"large":["https:\/\/www.7emecercle.com\/7C_site\/wp-content\/uploads\/2020\/01\/Ygg_RdM_Cover.jpg",566,800,false],"1536x1536":["https:\/\/www.7emecercle.com\/7C_site\/wp-content\/uploads\/2020\/01\/Ygg_RdM_Cover.jpg",566,800,false],"2048x2048":["https:\/\/www.7emecercle.com\/7C_site\/wp-content\/uploads\/2020\/01\/Ygg_RdM_Cover.jpg",566,800,false],"woocommerce_thumbnail":["https:\/\/www.7emecercle.com\/7C_site\/wp-content\/uploads\/2020\/01\/Ygg_RdM_Cover-300x400.jpg",300,400,true],"woocommerce_single":["https:\/\/www.7emecercle.com\/7C_site\/wp-content\/uploads\/2020\/01\/Ygg_RdM_Cover.jpg",566,800,false],"woocommerce_gallery_thumbnail":["https:\/\/www.7emecercle.com\/7C_site\/wp-content\/uploads\/2020\/01\/Ygg_RdM_Cover-100x100.jpg",100,100,true]},"uagb_author_info":{"display_name":"florrent","author_link":"https:\/\/www.7emecercle.com\/7C_site\/author\/"},"uagb_comment_info":0,"uagb_excerpt":"\u201cJ\u2019ai gouvern\u00e9 des bateaux Et me suis tenu \u00e0 l\u2019\u00e9trave, seul seigneur de tout le peuple.\u201d -- V\u00f6lsa thattr, Str12","_links":{"self":[{"href":"https:\/\/www.7emecercle.com\/7C_site\/wp-json\/wp\/v2\/product\/1428","targetHints":{"allow":["GET"]}}],"collection":[{"href":"https:\/\/www.7emecercle.com\/7C_site\/wp-json\/wp\/v2\/product"}],"about":[{"href":"https:\/\/www.7emecercle.com\/7C_site\/wp-json\/wp\/v2\/types\/product"}],"replies":[{"embeddable":true,"href":"https:\/\/www.7emecercle.com\/7C_site\/wp-json\/wp\/v2\/comments?post=1428"}],"version-history":[{"count":4,"href":"https:\/\/www.7emecercle.com\/7C_site\/wp-json\/wp\/v2\/product\/1428\/revisions"}],"predecessor-version":[{"id":2383,"href":"https:\/\/www.7emecercle.com\/7C_site\/wp-json\/wp\/v2\/product\/1428\/revisions\/2383"}],"wp:featuredmedia":[{"embeddable":true,"href":"https:\/\/www.7emecercle.com\/7C_site\/wp-json\/wp\/v2\/media\/1416"}],"wp:attachment":[{"href":"https:\/\/www.7emecercle.com\/7C_site\/wp-json\/wp\/v2\/media?parent=1428"}],"wp:term":[{"taxonomy":"product_brand","embeddable":true,"href":"https:\/\/www.7emecercle.com\/7C_site\/wp-json\/wp\/v2\/product_brand?post=1428"},{"taxonomy":"product_cat","embeddable":true,"href":"https:\/\/www.7emecercle.com\/7C_site\/wp-json\/wp\/v2\/product_cat?post=1428"},{"taxonomy":"product_tag","embeddable":true,"href":"https:\/\/www.7emecercle.com\/7C_site\/wp-json\/wp\/v2\/product_tag?post=1428"}],"curies":[{"name":"wp","href":"https:\/\/api.w.org\/{rel}","templated":true}]}}