{"id":1431,"date":"2020-01-14T16:12:28","date_gmt":"2020-01-14T15:12:28","guid":{"rendered":"https:\/\/www.7emecercle.com\/7C_site\/?post_type=product&#038;p=1431"},"modified":"2020-03-21T16:08:54","modified_gmt":"2020-03-21T15:08:54","slug":"yggdrasill-hrolf-kraki-partie-1","status":"publish","type":"product","link":"https:\/\/www.7emecercle.com\/7C_site\/produit\/yggdrasill-hrolf-kraki-partie-1\/","title":{"rendered":"Yggdrasill &#8211; Hr\u00f2lf Kraki Partie 1"},"content":{"rendered":"<p class=\"p1\"><span class=\"s1\">Il y a bien longtemps, les Hommes du Nord r\u00e9gnaient sur un territoire que l\u2019on nommait la Scandia. Neige et magie se m\u00ealaient \u00e0 l\u2019air qu\u2019ils respiraient. C\u2019est en ces temps imm\u00e9moriaux que se d\u00e9roule la campagne d\u2019Yggdrasill. <\/span><\/p>\n<p class=\"p1\"><span class=\"s1\">L\u2019aventure de vos personnages a d\u00e9marr\u00e9 un an apr\u00e8s la prise de pouvoir de celui que l\u2019on appelle d\u00e9j\u00e0 Frodi l\u2019Usurpateur. Ils n\u2019\u00e9taient \u00e0 l\u2019origine que de simples jeunes gens, envoy\u00e9s par leur chef de clan interroger la Dame de Givre\u2026 <\/span><\/p>\n<p class=\"p1\"><span class=\"s1\">Bienvenue dans ce nouveau volet de votre l\u00e9gende.<\/span><\/p>\n<p><span class=\"s1\">Ce suppl\u00e9ment est le premier des deux ouvrages achevant la campagne inspir\u00e9e de la saga de Hrolf Helgisson dit Hrolf Kraki.<\/span><\/p>\n","protected":false},"excerpt":{"rendered":"<p class=\"p1\" style=\"text-align: center;\"><em>\u00ab Temps des haches, temps des \u00e9p\u00e9es,<\/em><br \/>\n<em>Les boucliers sont fendus\u2026 \u00bb<\/em><\/p>\n<p class=\"p1\" style=\"text-align: center;\">&#8212; V\u00f6lusp\u00e1 str.45<\/p>\n","protected":false},"featured_media":1408,"comment_status":"open","ping_status":"closed","template":"","meta":{"_uag_custom_page_level_css":"","site-sidebar-layout":"default","site-content-layout":"default","ast-site-content-layout":"default","site-content-style":"default","site-sidebar-style":"default","ast-global-header-display":"","ast-banner-title-visibility":"","ast-main-header-display":"","ast-hfb-above-header-display":"","ast-hfb-below-header-display":"","ast-hfb-mobile-header-display":"","site-post-title":"","ast-breadcrumbs-content":"","ast-featured-img":"","footer-sml-layout":"","ast-disable-related-posts":"","theme-transparent-header-meta":"default","adv-header-id-meta":"","stick-header-meta":"","header-above-stick-meta":"","header-main-stick-meta":"","header-below-stick-meta":"","astra-migrate-meta-layouts":"default","ast-page-background-enabled":"default","ast-page-background-meta":{"desktop":{"background-color":"","background-image":"","background-repeat":"repeat","background-position":"center center","background-size":"auto","background-attachment":"scroll","background-type":"","background-media":"","overlay-type":"","overlay-color":"","overlay-opacity":"","overlay-gradient":""},"tablet":{"background-color":"","background-image":"","background-repeat":"repeat","background-position":"center center","background-size":"auto","background-attachment":"scroll","background-type":"","background-media":"","overlay-type":"","overlay-color":"","overlay-opacity":"","overlay-gradient":""},"mobile":{"background-color":"","background-image":"","background-repeat":"repeat","background-position":"center center","background-size":"auto","background-attachment":"scroll","background-type":"","background-media":"","overlay-type":"","overlay-color":"","overlay-opacity":"","overlay-gradient":""}},"ast-content-background-meta":{"desktop":{"background-color":"var(--ast-global-color-5)","background-image":"","background-repeat":"repeat","background-position":"center center","background-size":"auto","background-attachment":"scroll","background-type":"","background-media":"","overlay-type":"","overlay-color":"","overlay-opacity":"","overlay-gradient":""},"tablet":{"background-color":"var(--ast-global-color-5)","background-image":"","background-repeat":"repeat","background-position":"center center","background-size":"auto","background-attachment":"scroll","background-type":"","background-media":"","overlay-type":"","overlay-color":"","overlay-opacity":"","overlay-gradient":""},"mobile":{"background-color":"var(--ast-global-color-5)","background-image":"","background-repeat":"repeat","background-position":"center center","background-size":"auto","background-attachment":"scroll","background-type":"","background-media":"","overlay-type":"","overlay-color":"","overlay-opacity":"","overlay-gradient":""}}},"product_brand":[],"product_cat":[63,73,68],"product_tag":[74,81,78,80,76,79,75,77],"class_list":{"0":"post-1431","1":"product","2":"type-product","3":"status-publish","4":"has-post-thumbnail","6":"product_cat-jeu-de-roles","7":"product_cat-version-papier","8":"product_cat-yggdrasill","9":"product_tag-aventure","10":"product_tag-d10","11":"product_tag-heros","12":"product_tag-historique","13":"product_tag-jdr","14":"product_tag-medieval","15":"product_tag-saga","16":"product_tag-viking","17":"desktop-align-center","18":"tablet-align-center","19":"mobile-align-center","20":"ast-product-gallery-layout-horizontal-slider","21":"ast-product-gallery-with-no-image","22":"ast-product-tabs-layout-horizontal","23":"ast-qv-on-image","25":"first","26":"outofstock","27":"shipping-taxable","28":"purchasable","29":"product-type-simple"},"uagb_featured_image_src":{"full":["https:\/\/www.7emecercle.com\/7C_site\/wp-content\/uploads\/2020\/01\/Ygg_HK1_Cover.jpg",596,842,false],"thumbnail":["https:\/\/www.7emecercle.com\/7C_site\/wp-content\/uploads\/2020\/01\/Ygg_HK1_Cover-150x150.jpg",150,150,true],"medium":["https:\/\/www.7emecercle.com\/7C_site\/wp-content\/uploads\/2020\/01\/Ygg_HK1_Cover-212x300.jpg",212,300,true],"medium_large":["https:\/\/www.7emecercle.com\/7C_site\/wp-content\/uploads\/2020\/01\/Ygg_HK1_Cover.jpg",596,842,false],"large":["https:\/\/www.7emecercle.com\/7C_site\/wp-content\/uploads\/2020\/01\/Ygg_HK1_Cover.jpg",596,842,false],"1536x1536":["https:\/\/www.7emecercle.com\/7C_site\/wp-content\/uploads\/2020\/01\/Ygg_HK1_Cover.jpg",596,842,false],"2048x2048":["https:\/\/www.7emecercle.com\/7C_site\/wp-content\/uploads\/2020\/01\/Ygg_HK1_Cover.jpg",596,842,false],"woocommerce_thumbnail":["https:\/\/www.7emecercle.com\/7C_site\/wp-content\/uploads\/2020\/01\/Ygg_HK1_Cover-300x400.jpg",300,400,true],"woocommerce_single":["https:\/\/www.7emecercle.com\/7C_site\/wp-content\/uploads\/2020\/01\/Ygg_HK1_Cover.jpg",596,842,false],"woocommerce_gallery_thumbnail":["https:\/\/www.7emecercle.com\/7C_site\/wp-content\/uploads\/2020\/01\/Ygg_HK1_Cover-100x100.jpg",100,100,true]},"uagb_author_info":{"display_name":"florrent","author_link":"https:\/\/www.7emecercle.com\/7C_site\/author\/"},"uagb_comment_info":0,"uagb_excerpt":"\u00ab Temps des haches, temps des \u00e9p\u00e9es, Les boucliers sont fendus\u2026 \u00bb -- V\u00f6lusp\u00e1 str.45","_links":{"self":[{"href":"https:\/\/www.7emecercle.com\/7C_site\/wp-json\/wp\/v2\/product\/1431","targetHints":{"allow":["GET"]}}],"collection":[{"href":"https:\/\/www.7emecercle.com\/7C_site\/wp-json\/wp\/v2\/product"}],"about":[{"href":"https:\/\/www.7emecercle.com\/7C_site\/wp-json\/wp\/v2\/types\/product"}],"replies":[{"embeddable":true,"href":"https:\/\/www.7emecercle.com\/7C_site\/wp-json\/wp\/v2\/comments?post=1431"}],"version-history":[{"count":3,"href":"https:\/\/www.7emecercle.com\/7C_site\/wp-json\/wp\/v2\/product\/1431\/revisions"}],"predecessor-version":[{"id":2384,"href":"https:\/\/www.7emecercle.com\/7C_site\/wp-json\/wp\/v2\/product\/1431\/revisions\/2384"}],"wp:featuredmedia":[{"embeddable":true,"href":"https:\/\/www.7emecercle.com\/7C_site\/wp-json\/wp\/v2\/media\/1408"}],"wp:attachment":[{"href":"https:\/\/www.7emecercle.com\/7C_site\/wp-json\/wp\/v2\/media?parent=1431"}],"wp:term":[{"taxonomy":"product_brand","embeddable":true,"href":"https:\/\/www.7emecercle.com\/7C_site\/wp-json\/wp\/v2\/product_brand?post=1431"},{"taxonomy":"product_cat","embeddable":true,"href":"https:\/\/www.7emecercle.com\/7C_site\/wp-json\/wp\/v2\/product_cat?post=1431"},{"taxonomy":"product_tag","embeddable":true,"href":"https:\/\/www.7emecercle.com\/7C_site\/wp-json\/wp\/v2\/product_tag?post=1431"}],"curies":[{"name":"wp","href":"https:\/\/api.w.org\/{rel}","templated":true}]}}