{"id":1463,"date":"2020-01-14T17:15:54","date_gmt":"2020-01-14T16:15:54","guid":{"rendered":"https:\/\/www.7emecercle.com\/7C_site\/?post_type=product&#038;p=1463"},"modified":"2020-04-21T13:54:10","modified_gmt":"2020-04-21T11:54:10","slug":"qin-livre-de-base-version-pdf","status":"publish","type":"product","link":"https:\/\/www.7emecercle.com\/7C_site\/produit\/qin-livre-de-base-version-pdf\/","title":{"rendered":"Qin &#8211; Livre de base &#8211; Version PDF"},"content":{"rendered":"<p>Vous pouvez encore changer le cours de l\u2019histoire. Entrez dans la l\u00e9gende ! Prenez part \u00e0 cet univers \u00e9pique de la Chine des Royaumes combattants, propice \u00e0 faire na\u00eetre mythes et l\u00e9gendes des exploits de quelques h\u00e9ros !<\/p>\n<p>Dans ce jeu de r\u00f4le, vous trouverez :<\/p>\n<p>\u2022 Une pr\u00e9sentation exhaustive, tant culturelle qu\u2019historique, de la Chine antique<br \/>\n\u2022 Une description de chacun des Royaumes combattants et de ses factions, personnalit\u00e9s et secrets<br \/>\n\u2022 Un syst\u00e8me de jeu permettant les exploits les plus spectaculaires, \u00e0 l\u2019\u00e9gal de ceux des films de sabre chinois<br \/>\n\u2022 Un sc\u00e9nario d\u2019introduction, afin d\u2019entrer de plein-pied dans cette Chine mythique<\/p>\n<p><span style=\"font-size: 16px;\">\u2022 288 pages<br \/>\n<\/span>\u2022 N&amp;B<\/p>\n","protected":false},"excerpt":{"rendered":"<p class=\"p1\" style=\"text-align: center;\"><em>Apr\u00e8s plusieurs d\u00e9cennies de paix entre les Royaumes combattants, le Qin a d\u00e9cid\u00e9 de rassembler tout ce qui existe sous le Ciel en un Empire unique.<\/em><\/p>\n","protected":false},"featured_media":1392,"comment_status":"open","ping_status":"closed","template":"","meta":{"_uag_custom_page_level_css":"","site-sidebar-layout":"default","site-content-layout":"default","ast-site-content-layout":"default","site-content-style":"default","site-sidebar-style":"default","ast-global-header-display":"","ast-banner-title-visibility":"","ast-main-header-display":"","ast-hfb-above-header-display":"","ast-hfb-below-header-display":"","ast-hfb-mobile-header-display":"","site-post-title":"","ast-breadcrumbs-content":"","ast-featured-img":"","footer-sml-layout":"","ast-disable-related-posts":"","theme-transparent-header-meta":"default","adv-header-id-meta":"","stick-header-meta":"default","header-above-stick-meta":"","header-main-stick-meta":"","header-below-stick-meta":"","astra-migrate-meta-layouts":"default","ast-page-background-enabled":"default","ast-page-background-meta":{"desktop":{"background-color":"","background-image":"","background-repeat":"repeat","background-position":"center center","background-size":"auto","background-attachment":"scroll","background-type":"","background-media":"","overlay-type":"","overlay-color":"","overlay-opacity":"","overlay-gradient":""},"tablet":{"background-color":"","background-image":"","background-repeat":"repeat","background-position":"center center","background-size":"auto","background-attachment":"scroll","background-type":"","background-media":"","overlay-type":"","overlay-color":"","overlay-opacity":"","overlay-gradient":""},"mobile":{"background-color":"","background-image":"","background-repeat":"repeat","background-position":"center center","background-size":"auto","background-attachment":"scroll","background-type":"","background-media":"","overlay-type":"","overlay-color":"","overlay-opacity":"","overlay-gradient":""}},"ast-content-background-meta":{"desktop":{"background-color":"var(--ast-global-color-5)","background-image":"","background-repeat":"repeat","background-position":"center center","background-size":"auto","background-attachment":"scroll","background-type":"","background-media":"","overlay-type":"","overlay-color":"","overlay-opacity":"","overlay-gradient":""},"tablet":{"background-color":"var(--ast-global-color-5)","background-image":"","background-repeat":"repeat","background-position":"center center","background-size":"auto","background-attachment":"scroll","background-type":"","background-media":"","overlay-type":"","overlay-color":"","overlay-opacity":"","overlay-gradient":""},"mobile":{"background-color":"var(--ast-global-color-5)","background-image":"","background-repeat":"repeat","background-position":"center center","background-size":"auto","background-attachment":"scroll","background-type":"","background-media":"","overlay-type":"","overlay-color":"","overlay-opacity":"","overlay-gradient":""}}},"product_brand":[],"product_cat":[63,66,72],"product_tag":[93,74,92,81,78,80,76,91,79,94],"class_list":{"0":"post-1463","1":"product","2":"type-product","3":"status-publish","4":"has-post-thumbnail","6":"product_cat-jeu-de-roles","7":"product_cat-qin","8":"product_cat-version-pdf","9":"product_tag-arts-martiaux","10":"product_tag-aventure","11":"product_tag-chine","12":"product_tag-d10","13":"product_tag-heros","14":"product_tag-historique","15":"product_tag-jdr","16":"product_tag-magie","17":"product_tag-medieval","18":"product_tag-tao","19":"desktop-align-center","20":"tablet-align-center","21":"mobile-align-center","22":"ast-product-gallery-layout-horizontal-slider","23":"ast-product-tabs-layout-horizontal","24":"ast-qv-on-image","26":"first","27":"instock","28":"featured","29":"downloadable","30":"virtual","31":"sold-individually","32":"purchasable","33":"product-type-simple"},"uagb_featured_image_src":{"full":["https:\/\/www.7emecercle.com\/7C_site\/wp-content\/uploads\/2020\/01\/Qin_LdB_Cover.jpg",566,800,false],"thumbnail":["https:\/\/www.7emecercle.com\/7C_site\/wp-content\/uploads\/2020\/01\/Qin_LdB_Cover-150x150.jpg",150,150,true],"medium":["https:\/\/www.7emecercle.com\/7C_site\/wp-content\/uploads\/2020\/01\/Qin_LdB_Cover-212x300.jpg",212,300,true],"medium_large":["https:\/\/www.7emecercle.com\/7C_site\/wp-content\/uploads\/2020\/01\/Qin_LdB_Cover.jpg",566,800,false],"large":["https:\/\/www.7emecercle.com\/7C_site\/wp-content\/uploads\/2020\/01\/Qin_LdB_Cover.jpg",566,800,false],"1536x1536":["https:\/\/www.7emecercle.com\/7C_site\/wp-content\/uploads\/2020\/01\/Qin_LdB_Cover.jpg",566,800,false],"2048x2048":["https:\/\/www.7emecercle.com\/7C_site\/wp-content\/uploads\/2020\/01\/Qin_LdB_Cover.jpg",566,800,false],"woocommerce_thumbnail":["https:\/\/www.7emecercle.com\/7C_site\/wp-content\/uploads\/2020\/01\/Qin_LdB_Cover-300x400.jpg",300,400,true],"woocommerce_single":["https:\/\/www.7emecercle.com\/7C_site\/wp-content\/uploads\/2020\/01\/Qin_LdB_Cover.jpg",566,800,false],"woocommerce_gallery_thumbnail":["https:\/\/www.7emecercle.com\/7C_site\/wp-content\/uploads\/2020\/01\/Qin_LdB_Cover-100x100.jpg",100,100,true]},"uagb_author_info":{"display_name":"florrent","author_link":"https:\/\/www.7emecercle.com\/7C_site\/author\/"},"uagb_comment_info":0,"uagb_excerpt":"Apr\u00e8s plusieurs d\u00e9cennies de paix entre les Royaumes combattants, le Qin a d\u00e9cid\u00e9 de rassembler tout ce qui existe sous le Ciel en un Empire unique.","_links":{"self":[{"href":"https:\/\/www.7emecercle.com\/7C_site\/wp-json\/wp\/v2\/product\/1463","targetHints":{"allow":["GET"]}}],"collection":[{"href":"https:\/\/www.7emecercle.com\/7C_site\/wp-json\/wp\/v2\/product"}],"about":[{"href":"https:\/\/www.7emecercle.com\/7C_site\/wp-json\/wp\/v2\/types\/product"}],"replies":[{"embeddable":true,"href":"https:\/\/www.7emecercle.com\/7C_site\/wp-json\/wp\/v2\/comments?post=1463"}],"version-history":[{"count":1,"href":"https:\/\/www.7emecercle.com\/7C_site\/wp-json\/wp\/v2\/product\/1463\/revisions"}],"predecessor-version":[{"id":1464,"href":"https:\/\/www.7emecercle.com\/7C_site\/wp-json\/wp\/v2\/product\/1463\/revisions\/1464"}],"wp:featuredmedia":[{"embeddable":true,"href":"https:\/\/www.7emecercle.com\/7C_site\/wp-json\/wp\/v2\/media\/1392"}],"wp:attachment":[{"href":"https:\/\/www.7emecercle.com\/7C_site\/wp-json\/wp\/v2\/media?parent=1463"}],"wp:term":[{"taxonomy":"product_brand","embeddable":true,"href":"https:\/\/www.7emecercle.com\/7C_site\/wp-json\/wp\/v2\/product_brand?post=1463"},{"taxonomy":"product_cat","embeddable":true,"href":"https:\/\/www.7emecercle.com\/7C_site\/wp-json\/wp\/v2\/product_cat?post=1463"},{"taxonomy":"product_tag","embeddable":true,"href":"https:\/\/www.7emecercle.com\/7C_site\/wp-json\/wp\/v2\/product_tag?post=1463"}],"curies":[{"name":"wp","href":"https:\/\/api.w.org\/{rel}","templated":true}]}}