{"id":1465,"date":"2020-01-14T17:32:19","date_gmt":"2020-01-14T16:32:19","guid":{"rendered":"https:\/\/www.7emecercle.com\/7C_site\/?post_type=product&#038;p=1465"},"modified":"2020-04-10T17:54:12","modified_gmt":"2020-04-10T15:54:12","slug":"qin-myhtes-et-animaux-fabuleux-version-pdf","status":"publish","type":"product","link":"https:\/\/www.7emecercle.com\/7C_site\/produit\/qin-myhtes-et-animaux-fabuleux-version-pdf\/","title":{"rendered":"Qin &#8211; Mythes et Animaux Fabuleux &#8211; Version PDF"},"content":{"rendered":"<p>Vous tenez entre les mains Mythes et Animaux fabuleux, le suppl\u00e9ment sur le versant fantastique de l\u2019univers de Qin. Vous y trouverez de nombreuses cr\u00e9atures surnaturelles, des fant\u00f4mes tragiques, d\u2019effrayants d\u00e9mons, des cadavres avides de chair humaine, des animauxplus sages que bien des hommes et bien s\u00fbr des dragons.<\/p>\n<p>Bref, tous ces \u00eatres dont l\u2019existence m\u00eame d\u00e9fie l\u2019imagination humaine\u2026<\/p>\n<p>Vous y d\u00e9couvrirez aussi trois sc\u00e9narios ind\u00e9pendants qui mettront vos joueurs face au surnaturel, de nouveaux sorts, pouvoirs, techniques martialles et autres l\u00e9gendes.<\/p>\n<p><span style=\"font-size: 16px;\">\u2022 106 pages<br \/>\n<\/span>\u2022 N&amp;B<\/p>\n","protected":false},"excerpt":{"rendered":"<p><em>\u00ab\u00a0Depuis, j\u2019erre, non mort, \u00e0 la recherche de cette jeune exorciste vagabonde qui parcourt le Zhongguo en choisissant les \u00e2mes en peine qu\u2019elle souhaite aider et celles qu\u2019elle souhaite annihiler, poursuivie par une implacable mal\u00e9diction : la n\u00f4tre, celle des morts qu\u2019elle a provoqu\u00e9es. Nous la traquons sans rel\u00e2che.\u00bb<\/em><\/p>\n<p>R\u00e9cit anonyme<\/p>\n","protected":false},"featured_media":1396,"comment_status":"open","ping_status":"closed","template":"","meta":{"_uag_custom_page_level_css":"","site-sidebar-layout":"default","site-content-layout":"default","ast-site-content-layout":"default","site-content-style":"default","site-sidebar-style":"default","ast-global-header-display":"","ast-banner-title-visibility":"","ast-main-header-display":"","ast-hfb-above-header-display":"","ast-hfb-below-header-display":"","ast-hfb-mobile-header-display":"","site-post-title":"","ast-breadcrumbs-content":"","ast-featured-img":"","footer-sml-layout":"","ast-disable-related-posts":"","theme-transparent-header-meta":"default","adv-header-id-meta":"","stick-header-meta":"default","header-above-stick-meta":"","header-main-stick-meta":"","header-below-stick-meta":"","astra-migrate-meta-layouts":"default","ast-page-background-enabled":"default","ast-page-background-meta":{"desktop":{"background-color":"","background-image":"","background-repeat":"repeat","background-position":"center center","background-size":"auto","background-attachment":"scroll","background-type":"","background-media":"","overlay-type":"","overlay-color":"","overlay-opacity":"","overlay-gradient":""},"tablet":{"background-color":"","background-image":"","background-repeat":"repeat","background-position":"center center","background-size":"auto","background-attachment":"scroll","background-type":"","background-media":"","overlay-type":"","overlay-color":"","overlay-opacity":"","overlay-gradient":""},"mobile":{"background-color":"","background-image":"","background-repeat":"repeat","background-position":"center center","background-size":"auto","background-attachment":"scroll","background-type":"","background-media":"","overlay-type":"","overlay-color":"","overlay-opacity":"","overlay-gradient":""}},"ast-content-background-meta":{"desktop":{"background-color":"var(--ast-global-color-5)","background-image":"","background-repeat":"repeat","background-position":"center center","background-size":"auto","background-attachment":"scroll","background-type":"","background-media":"","overlay-type":"","overlay-color":"","overlay-opacity":"","overlay-gradient":""},"tablet":{"background-color":"var(--ast-global-color-5)","background-image":"","background-repeat":"repeat","background-position":"center center","background-size":"auto","background-attachment":"scroll","background-type":"","background-media":"","overlay-type":"","overlay-color":"","overlay-opacity":"","overlay-gradient":""},"mobile":{"background-color":"var(--ast-global-color-5)","background-image":"","background-repeat":"repeat","background-position":"center center","background-size":"auto","background-attachment":"scroll","background-type":"","background-media":"","overlay-type":"","overlay-color":"","overlay-opacity":"","overlay-gradient":""}}},"product_brand":[],"product_cat":[63,66,72],"product_tag":[93,74,92,81,78,80,76,91,79,94],"class_list":{"0":"post-1465","1":"product","2":"type-product","3":"status-publish","4":"has-post-thumbnail","6":"product_cat-jeu-de-roles","7":"product_cat-qin","8":"product_cat-version-pdf","9":"product_tag-arts-martiaux","10":"product_tag-aventure","11":"product_tag-chine","12":"product_tag-d10","13":"product_tag-heros","14":"product_tag-historique","15":"product_tag-jdr","16":"product_tag-magie","17":"product_tag-medieval","18":"product_tag-tao","19":"desktop-align-center","20":"tablet-align-center","21":"mobile-align-center","22":"ast-product-gallery-layout-horizontal-slider","23":"ast-product-tabs-layout-horizontal","24":"ast-qv-on-image","26":"first","27":"instock","28":"featured","29":"downloadable","30":"virtual","31":"sold-individually","32":"purchasable","33":"product-type-simple"},"uagb_featured_image_src":{"full":["https:\/\/www.7emecercle.com\/7C_site\/wp-content\/uploads\/2020\/01\/Qin_Myt_Cover.jpg",575,800,false],"thumbnail":["https:\/\/www.7emecercle.com\/7C_site\/wp-content\/uploads\/2020\/01\/Qin_Myt_Cover-150x150.jpg",150,150,true],"medium":["https:\/\/www.7emecercle.com\/7C_site\/wp-content\/uploads\/2020\/01\/Qin_Myt_Cover-216x300.jpg",216,300,true],"medium_large":["https:\/\/www.7emecercle.com\/7C_site\/wp-content\/uploads\/2020\/01\/Qin_Myt_Cover.jpg",575,800,false],"large":["https:\/\/www.7emecercle.com\/7C_site\/wp-content\/uploads\/2020\/01\/Qin_Myt_Cover.jpg",575,800,false],"1536x1536":["https:\/\/www.7emecercle.com\/7C_site\/wp-content\/uploads\/2020\/01\/Qin_Myt_Cover.jpg",575,800,false],"2048x2048":["https:\/\/www.7emecercle.com\/7C_site\/wp-content\/uploads\/2020\/01\/Qin_Myt_Cover.jpg",575,800,false],"woocommerce_thumbnail":["https:\/\/www.7emecercle.com\/7C_site\/wp-content\/uploads\/2020\/01\/Qin_Myt_Cover-300x400.jpg",300,400,true],"woocommerce_single":["https:\/\/www.7emecercle.com\/7C_site\/wp-content\/uploads\/2020\/01\/Qin_Myt_Cover.jpg",575,800,false],"woocommerce_gallery_thumbnail":["https:\/\/www.7emecercle.com\/7C_site\/wp-content\/uploads\/2020\/01\/Qin_Myt_Cover-100x100.jpg",100,100,true]},"uagb_author_info":{"display_name":"florrent","author_link":"https:\/\/www.7emecercle.com\/7C_site\/author\/"},"uagb_comment_info":0,"uagb_excerpt":"\"Depuis, j\u2019erre, non mort, \u00e0 la recherche de cette jeune exorciste vagabonde qui parcourt le Zhongguo en choisissant les \u00e2mes en peine qu\u2019elle souhaite aider et celles qu\u2019elle souhaite annihiler, poursuivie par une implacable mal\u00e9diction : la n\u00f4tre, celle des morts qu\u2019elle a provoqu\u00e9es. Nous la traquons sans rel\u00e2che.\u00bb R\u00e9cit anonyme","_links":{"self":[{"href":"https:\/\/www.7emecercle.com\/7C_site\/wp-json\/wp\/v2\/product\/1465","targetHints":{"allow":["GET"]}}],"collection":[{"href":"https:\/\/www.7emecercle.com\/7C_site\/wp-json\/wp\/v2\/product"}],"about":[{"href":"https:\/\/www.7emecercle.com\/7C_site\/wp-json\/wp\/v2\/types\/product"}],"replies":[{"embeddable":true,"href":"https:\/\/www.7emecercle.com\/7C_site\/wp-json\/wp\/v2\/comments?post=1465"}],"version-history":[{"count":2,"href":"https:\/\/www.7emecercle.com\/7C_site\/wp-json\/wp\/v2\/product\/1465\/revisions"}],"predecessor-version":[{"id":2975,"href":"https:\/\/www.7emecercle.com\/7C_site\/wp-json\/wp\/v2\/product\/1465\/revisions\/2975"}],"wp:featuredmedia":[{"embeddable":true,"href":"https:\/\/www.7emecercle.com\/7C_site\/wp-json\/wp\/v2\/media\/1396"}],"wp:attachment":[{"href":"https:\/\/www.7emecercle.com\/7C_site\/wp-json\/wp\/v2\/media?parent=1465"}],"wp:term":[{"taxonomy":"product_brand","embeddable":true,"href":"https:\/\/www.7emecercle.com\/7C_site\/wp-json\/wp\/v2\/product_brand?post=1465"},{"taxonomy":"product_cat","embeddable":true,"href":"https:\/\/www.7emecercle.com\/7C_site\/wp-json\/wp\/v2\/product_cat?post=1465"},{"taxonomy":"product_tag","embeddable":true,"href":"https:\/\/www.7emecercle.com\/7C_site\/wp-json\/wp\/v2\/product_tag?post=1465"}],"curies":[{"name":"wp","href":"https:\/\/api.w.org\/{rel}","templated":true}]}}