{"id":1467,"date":"2020-01-14T17:35:29","date_gmt":"2020-01-14T16:35:29","guid":{"rendered":"https:\/\/www.7emecercle.com\/7C_site\/?post_type=product&#038;p=1467"},"modified":"2020-04-10T16:43:53","modified_gmt":"2020-04-10T14:43:53","slug":"qin-lart-de-la-guerre-version-pdf","status":"publish","type":"product","link":"https:\/\/www.7emecercle.com\/7C_site\/produit\/qin-lart-de-la-guerre-version-pdf\/","title":{"rendered":"Qin &#8211; L&rsquo;Art de la Guerre &#8211; Version PDF"},"content":{"rendered":"<p>L\u2019Art\u00a0de\u00a0la\u00a0Guerre\u00a0est\u00a0le\u00a0suppl\u00e9ment\u00a0de\u00a0Qin\u00a0d\u00e9di\u00e9\u00a0\u00e0\u00a0la\u00a0guerre,\u00a0\u00e0\u00a0la\u00a0vie\u00a0militaire,\u00a0\u00e0\u00a0la\u00a0description\u00a0des\u00a0arm\u00e9es\u00a0et\u00a0de\u00a0la\u00a0mentalit\u00e9\u00a0martiale\u00a0de\u00a0la\u00a0Chine\u00a0antique.\u00a0Dans\u00a0un\u00a0monde\u00a0en\u00a0pleine\u00a0mutation\u00a0et\u00a0en\u00a0\u00e9tat\u00a0de\u00a0guerre\u00a0permanent,\u00a0il\u00a0est\u00a0indispensable\u00a0de\u00a0ma\u00eetriser\u00a0les\u00a0rouages\u00a0de\u00a0la\u00a0politique\u00a0martiale\u00a0des\u00a0Royaumes\u00a0combattants\u00a0afin\u00a0de\u00a0prendre\u00a0en\u00a0compte\u00a0cette\u00a0dimension\u00a0militaire\u00a0dans\u00a0les\u00a0sc\u00e9narios\u00a0et\u00a0campagnes\u00a0que\u00a0le\u00a0Meneur\u00a0de\u00a0Jeu\u00a0sera\u00a0amen\u00e9\u00a0\u00e0\u00a0faire\u00a0jouer.<\/p>\n<p>Les arm\u00e9es sont en route. Les Royaumes se pr\u00e9parent tous \u00e0 la guerre. L&rsquo;unification de tout ce qui existe sous le Ciel se profile \u00e0 l\u2019horizon. Quelle part y prendront les personnages, quelle place tiendront-ils sur le champ de bataille au cours des conflits qui d\u00e9cideront de l\u2019avenir de la Chine ancienne ?<\/p>\n<p>L\u2019Art\u00a0de\u00a0la\u00a0Guerre\u00a0contient\u00a0:<br \/>\n\u2022\u00a0Une\u00a0pr\u00e9sentation\u00a0g\u00e9n\u00e9rale\u00a0compl\u00e8te\u00a0de\u00a0la\u00a0politique\u00a0militaire\u00a0des\u00a0Royaumes\u00a0combattants\u00a0sous\u00a0tous\u00a0ses\u00a0aspects\u00a0(strat\u00e9gie,\u00a0vie\u00a0quotidienne\u00a0des\u00a0soldats,\u00a0utilisation\u00a0des\u00a0machines\u00a0de\u00a0guerre,\u00a0histoire\u00a0militaire,\u00a0organisation\u00a0des\u00a0arm\u00e9es,\u00a0hi\u00e9rarchie,\u00a0etc.).<br \/>\n\u2022\u00a0Une\u00a0description\u00a0exhaustive\u00a0des\u00a0arm\u00e9es\u00a0de\u00a0chacun\u00a0des\u00a0Royaumes\u00a0combattants\u00a0(effectifs,\u00a0troupes\u00a0d\u2019\u00e9lite,\u00a0forces\u00a0et\u00a0faiblesses,\u00a0personnalit\u00e9s,\u00a0etc.)<br \/>\n\u2022\u00a0Des\u00a0r\u00e8gles\u00a0permettant\u00a0de\u00a0g\u00e9rer\u00a0les\u00a0batailles\u00a0en\u00a0cours\u00a0de\u00a0jeu,\u00a0quels\u00a0que\u00a0soient\u00a0leur\u00a0\u00e9chelle\u00a0et\u00a0les\u00a0effectifs\u00a0mis\u00a0en\u00a0jeu,\u00a0et\u00a0l\u2019impact\u00a0des\u00a0personnages\u00a0\u00e0\u00a0tous\u00a0les\u00a0niveaux\u00a0(au\u00a0coeur\u00a0de\u00a0la\u00a0m\u00eal\u00e9e,\u00a0\u00e0\u00a0la\u00a0t\u00eate\u00a0d\u2019une\u00a0unit\u00e9,\u00a0en\u00a0tant\u00a0que<\/p>\n<p>g\u00e9n\u00e9raux).<br \/>\n\u2022\u00a0De\u00a0nombreuses\u00a0nouvelles\u00a0pour\u00a0faciliter\u00a0l\u2019immersion\u00a0des\u00a0joueurs\u00a0dans\u00a0une\u00a0ambiance\u00a0militaire.<br \/>\n\u2022\u00a0Des\u00a0conseils\u00a0au\u00a0Meneur\u00a0de\u00a0Jeu\u00a0pour\u00a0aider\u00a0\u00e0\u00a0la\u00a0construction\u00a0de\u00a0campagnes\u00a0militaires\u00a0ou\u00a0sc\u00e9narios\u00a0mettant\u00a0en\u00a0avant\u00a0cet\u00a0aspect\u00a0du\u00a0monde.<br \/>\n\u2022\u00a0Deux\u00a0sc\u00e9narios\u00a0complets\u00a0permettant\u00a0de\u00a0tester\u00a0les\u00a0r\u00e8gles\u00a0propos\u00e9es.<br \/>\n\u2022\u00a0De\u00a0nombreux\u00a0personnages\u00a0non-joueurs pour \u00e9toffer sc\u00e9narios et campagnes.<br \/>\n\u2022 Et d\u2019autres \u00e9l\u00e9ments ludiques : styles de combat in\u00e9dits, nouvelles armes, objets de l\u00e9gende, etc.<\/p>\n<p>\u2022 136 pages<br \/>\n\u2022 N&amp;B<\/p>\n","protected":false},"excerpt":{"rendered":"<p><em>\u00ab Le meilleur savoir-faire n\u2019est pas de gagner cent victoires dans cent batailles, mais plut\u00f4t de vaincre l\u2019ennemi sans combattre \u00bb<\/em><\/p>\n<p>Sun Tzu<\/p>\n","protected":false},"featured_media":1388,"comment_status":"open","ping_status":"closed","template":"","meta":{"_uag_custom_page_level_css":"","site-sidebar-layout":"default","site-content-layout":"default","ast-site-content-layout":"default","site-content-style":"default","site-sidebar-style":"default","ast-global-header-display":"","ast-banner-title-visibility":"","ast-main-header-display":"","ast-hfb-above-header-display":"","ast-hfb-below-header-display":"","ast-hfb-mobile-header-display":"","site-post-title":"","ast-breadcrumbs-content":"","ast-featured-img":"","footer-sml-layout":"","ast-disable-related-posts":"","theme-transparent-header-meta":"default","adv-header-id-meta":"","stick-header-meta":"default","header-above-stick-meta":"","header-main-stick-meta":"","header-below-stick-meta":"","astra-migrate-meta-layouts":"default","ast-page-background-enabled":"default","ast-page-background-meta":{"desktop":{"background-color":"","background-image":"","background-repeat":"repeat","background-position":"center center","background-size":"auto","background-attachment":"scroll","background-type":"","background-media":"","overlay-type":"","overlay-color":"","overlay-opacity":"","overlay-gradient":""},"tablet":{"background-color":"","background-image":"","background-repeat":"repeat","background-position":"center center","background-size":"auto","background-attachment":"scroll","background-type":"","background-media":"","overlay-type":"","overlay-color":"","overlay-opacity":"","overlay-gradient":""},"mobile":{"background-color":"","background-image":"","background-repeat":"repeat","background-position":"center center","background-size":"auto","background-attachment":"scroll","background-type":"","background-media":"","overlay-type":"","overlay-color":"","overlay-opacity":"","overlay-gradient":""}},"ast-content-background-meta":{"desktop":{"background-color":"var(--ast-global-color-5)","background-image":"","background-repeat":"repeat","background-position":"center center","background-size":"auto","background-attachment":"scroll","background-type":"","background-media":"","overlay-type":"","overlay-color":"","overlay-opacity":"","overlay-gradient":""},"tablet":{"background-color":"var(--ast-global-color-5)","background-image":"","background-repeat":"repeat","background-position":"center center","background-size":"auto","background-attachment":"scroll","background-type":"","background-media":"","overlay-type":"","overlay-color":"","overlay-opacity":"","overlay-gradient":""},"mobile":{"background-color":"var(--ast-global-color-5)","background-image":"","background-repeat":"repeat","background-position":"center center","background-size":"auto","background-attachment":"scroll","background-type":"","background-media":"","overlay-type":"","overlay-color":"","overlay-opacity":"","overlay-gradient":""}}},"product_brand":[],"product_cat":[63,66,72],"product_tag":[93,74,92,81,78,80,76,91,79,94],"class_list":{"0":"post-1467","1":"product","2":"type-product","3":"status-publish","4":"has-post-thumbnail","6":"product_cat-jeu-de-roles","7":"product_cat-qin","8":"product_cat-version-pdf","9":"product_tag-arts-martiaux","10":"product_tag-aventure","11":"product_tag-chine","12":"product_tag-d10","13":"product_tag-heros","14":"product_tag-historique","15":"product_tag-jdr","16":"product_tag-magie","17":"product_tag-medieval","18":"product_tag-tao","19":"desktop-align-center","20":"tablet-align-center","21":"mobile-align-center","22":"ast-product-gallery-layout-horizontal-slider","23":"ast-product-tabs-layout-horizontal","24":"ast-qv-on-image","26":"first","27":"instock","28":"downloadable","29":"virtual","30":"sold-individually","31":"purchasable","32":"product-type-simple"},"uagb_featured_image_src":{"full":["https:\/\/www.7emecercle.com\/7C_site\/wp-content\/uploads\/2020\/01\/Qin_AdG_Cover.jpg",566,800,false],"thumbnail":["https:\/\/www.7emecercle.com\/7C_site\/wp-content\/uploads\/2020\/01\/Qin_AdG_Cover-150x150.jpg",150,150,true],"medium":["https:\/\/www.7emecercle.com\/7C_site\/wp-content\/uploads\/2020\/01\/Qin_AdG_Cover-212x300.jpg",212,300,true],"medium_large":["https:\/\/www.7emecercle.com\/7C_site\/wp-content\/uploads\/2020\/01\/Qin_AdG_Cover.jpg",566,800,false],"large":["https:\/\/www.7emecercle.com\/7C_site\/wp-content\/uploads\/2020\/01\/Qin_AdG_Cover.jpg",566,800,false],"1536x1536":["https:\/\/www.7emecercle.com\/7C_site\/wp-content\/uploads\/2020\/01\/Qin_AdG_Cover.jpg",566,800,false],"2048x2048":["https:\/\/www.7emecercle.com\/7C_site\/wp-content\/uploads\/2020\/01\/Qin_AdG_Cover.jpg",566,800,false],"woocommerce_thumbnail":["https:\/\/www.7emecercle.com\/7C_site\/wp-content\/uploads\/2020\/01\/Qin_AdG_Cover-300x400.jpg",300,400,true],"woocommerce_single":["https:\/\/www.7emecercle.com\/7C_site\/wp-content\/uploads\/2020\/01\/Qin_AdG_Cover.jpg",566,800,false],"woocommerce_gallery_thumbnail":["https:\/\/www.7emecercle.com\/7C_site\/wp-content\/uploads\/2020\/01\/Qin_AdG_Cover-100x100.jpg",100,100,true]},"uagb_author_info":{"display_name":"florrent","author_link":"https:\/\/www.7emecercle.com\/7C_site\/author\/"},"uagb_comment_info":0,"uagb_excerpt":"\u00ab Le meilleur savoir-faire n\u2019est pas de gagner cent victoires dans cent batailles, mais plut\u00f4t de vaincre l\u2019ennemi sans combattre \u00bb Sun Tzu","_links":{"self":[{"href":"https:\/\/www.7emecercle.com\/7C_site\/wp-json\/wp\/v2\/product\/1467","targetHints":{"allow":["GET"]}}],"collection":[{"href":"https:\/\/www.7emecercle.com\/7C_site\/wp-json\/wp\/v2\/product"}],"about":[{"href":"https:\/\/www.7emecercle.com\/7C_site\/wp-json\/wp\/v2\/types\/product"}],"replies":[{"embeddable":true,"href":"https:\/\/www.7emecercle.com\/7C_site\/wp-json\/wp\/v2\/comments?post=1467"}],"version-history":[{"count":2,"href":"https:\/\/www.7emecercle.com\/7C_site\/wp-json\/wp\/v2\/product\/1467\/revisions"}],"predecessor-version":[{"id":1469,"href":"https:\/\/www.7emecercle.com\/7C_site\/wp-json\/wp\/v2\/product\/1467\/revisions\/1469"}],"wp:featuredmedia":[{"embeddable":true,"href":"https:\/\/www.7emecercle.com\/7C_site\/wp-json\/wp\/v2\/media\/1388"}],"wp:attachment":[{"href":"https:\/\/www.7emecercle.com\/7C_site\/wp-json\/wp\/v2\/media?parent=1467"}],"wp:term":[{"taxonomy":"product_brand","embeddable":true,"href":"https:\/\/www.7emecercle.com\/7C_site\/wp-json\/wp\/v2\/product_brand?post=1467"},{"taxonomy":"product_cat","embeddable":true,"href":"https:\/\/www.7emecercle.com\/7C_site\/wp-json\/wp\/v2\/product_cat?post=1467"},{"taxonomy":"product_tag","embeddable":true,"href":"https:\/\/www.7emecercle.com\/7C_site\/wp-json\/wp\/v2\/product_tag?post=1467"}],"curies":[{"name":"wp","href":"https:\/\/api.w.org\/{rel}","templated":true}]}}