{"id":1471,"date":"2020-01-14T17:57:00","date_gmt":"2020-01-14T16:57:00","guid":{"rendered":"https:\/\/www.7emecercle.com\/7C_site\/?post_type=product&#038;p=1471"},"modified":"2020-04-10T16:43:11","modified_gmt":"2020-04-10T14:43:11","slug":"qin-linzi-version-pdf","status":"publish","type":"product","link":"https:\/\/www.7emecercle.com\/7C_site\/produit\/qin-linzi-version-pdf\/","title":{"rendered":"Qin &#8211; Linzi &#8211; Version PDF"},"content":{"rendered":"<p>Voici Linzi, le dernier des suppl\u00e9ments pr\u00e9vus pour Qin : les Royaumes combattants.<\/p>\n<p>Il s&rsquo;agit d&rsquo;un suppl\u00e9ment d\u00e9crivant une ville, et la ville choisie n&rsquo;est autre que Linzi, la capitale du Qi. il s\u2019agit avant tout d\u2019une bo\u00eete \u00e0 outils \u00e0 l\u2019intention du Meneur de Jeu, lui donnant les cl\u00e9s de la Chine antique afin qu\u2019il se l\u2019approprie et la fasse vivre autour de sa table, pour le plus grand plaisir de ses joueurs.<\/p>\n<p>Vous y trouverez :<br \/>\n\u2022\u00a0La description de Linzi proprement dite. La capitale du Qi est la ville la plus peupl\u00e9e de tout le Zhongguo \u00e0 cette \u00e9poque, une m\u00e9tropole unique dans laquelle cohabitent diverses populations. On y trouvera p\u00eale-m\u00eale des g\u00e9n\u00e9ralit\u00e9s diverses sur l\u2019histoire et la politique du Qi, un historique de Linzi, la description de chacun de ses vastes quartiers, les PNJ notables qui la peuplent, les intrigues dans lesquelles tout un chacun peut se retrouver impliqu\u00e9, un gros sc\u00e9nario se d\u00e9roulant entre ses murs, etc.<br \/>\n\u2022\u00a0Le village de la Vague-dragon, un petit bourg c\u00f4tier situ\u00e9 sur les bords de la Mer jaune. D\u00e9crit de fond en comble, avec ses lieux, personnalit\u00e9s et multiples intrigues, il est mis en sc\u00e8ne au travers d\u2019un sc\u00e9nario s\u2019y d\u00e9roulant. Pour le Meneur de Jeu, ce village servira de mod\u00e8le-type qu\u2019il pourra \u00e0 son gr\u00e9 adapter dans presque n\u2019importe quelle r\u00e9gion du Zhongguo avec quelques efforts (il suffit juste de le placer au bord de la mer, d\u2019un lac ou d\u2019une rivi\u00e8re et de changer la nature de la Vague-dragon).<br \/>\n\u2022\u00a0Le clan du Dragon \u00e9vanescent, une organisation ayant ses racines dans le jiang hu et dont le seigneur \u00e9tend son autorit\u00e9 sur quelques villages autour du Taishan. Il est pr\u00e9sent\u00e9 par le biais de son histoire, du Manoir des Brumes, de ses personnalit\u00e9s et des multiples intrigues qui tournent autour. Un sc\u00e9nario permet \u00e9galement d\u2019y impliquer les personnages des joueurs. Tout comme le village pr\u00e9cit\u00e9, ce clan peut servir d\u2019exemple type au Meneur de Jeu qui aura \u00e0 coeur de le retravailler l\u00e9g\u00e8rement afin de le placer \u00e0 sa convenance n\u2019importe o\u00f9 dans les Royaumes combattants (mais de pr\u00e9f\u00e9rence dans une r\u00e9gion montagneuse).<br \/>\n\u2022\u00a0Une mini-campagne compos\u00e9e de synopsis d\u00e9taill\u00e9s et plongeant les personnages dans l\u2019apr\u00e8s-dynastie Qin. R\u00e9voltes populaires et mont\u00e9e en puissance des Han seront les ingr\u00e9dients de cette saga qui mettra ainsi un point final \u00e0 l\u2019\u00e8re tourment\u00e9e des Royaumes combattants.<\/p>\n<p>\u2022 116 Pages<br \/>\n\u2022 N&amp;B<\/p>\n","protected":false},"excerpt":{"rendered":"<p><em>Quand on suit quelqu&rsquo;un de bon, on apprend \u00e0 devenir bon ; quand on suit un tigre, on apprend \u00e0 mordre.<\/em><\/p>\n","protected":false},"featured_media":1394,"comment_status":"open","ping_status":"closed","template":"","meta":{"_uag_custom_page_level_css":"","site-sidebar-layout":"default","site-content-layout":"default","ast-site-content-layout":"default","site-content-style":"default","site-sidebar-style":"default","ast-global-header-display":"","ast-banner-title-visibility":"","ast-main-header-display":"","ast-hfb-above-header-display":"","ast-hfb-below-header-display":"","ast-hfb-mobile-header-display":"","site-post-title":"","ast-breadcrumbs-content":"","ast-featured-img":"","footer-sml-layout":"","ast-disable-related-posts":"","theme-transparent-header-meta":"default","adv-header-id-meta":"","stick-header-meta":"default","header-above-stick-meta":"","header-main-stick-meta":"","header-below-stick-meta":"","astra-migrate-meta-layouts":"default","ast-page-background-enabled":"default","ast-page-background-meta":{"desktop":{"background-color":"","background-image":"","background-repeat":"repeat","background-position":"center center","background-size":"auto","background-attachment":"scroll","background-type":"","background-media":"","overlay-type":"","overlay-color":"","overlay-opacity":"","overlay-gradient":""},"tablet":{"background-color":"","background-image":"","background-repeat":"repeat","background-position":"center center","background-size":"auto","background-attachment":"scroll","background-type":"","background-media":"","overlay-type":"","overlay-color":"","overlay-opacity":"","overlay-gradient":""},"mobile":{"background-color":"","background-image":"","background-repeat":"repeat","background-position":"center center","background-size":"auto","background-attachment":"scroll","background-type":"","background-media":"","overlay-type":"","overlay-color":"","overlay-opacity":"","overlay-gradient":""}},"ast-content-background-meta":{"desktop":{"background-color":"var(--ast-global-color-5)","background-image":"","background-repeat":"repeat","background-position":"center center","background-size":"auto","background-attachment":"scroll","background-type":"","background-media":"","overlay-type":"","overlay-color":"","overlay-opacity":"","overlay-gradient":""},"tablet":{"background-color":"var(--ast-global-color-5)","background-image":"","background-repeat":"repeat","background-position":"center center","background-size":"auto","background-attachment":"scroll","background-type":"","background-media":"","overlay-type":"","overlay-color":"","overlay-opacity":"","overlay-gradient":""},"mobile":{"background-color":"var(--ast-global-color-5)","background-image":"","background-repeat":"repeat","background-position":"center center","background-size":"auto","background-attachment":"scroll","background-type":"","background-media":"","overlay-type":"","overlay-color":"","overlay-opacity":"","overlay-gradient":""}}},"product_brand":[],"product_cat":[63,66,72],"product_tag":[93,74,92,81,78,80,76,91,79,94],"class_list":{"0":"post-1471","1":"product","2":"type-product","3":"status-publish","4":"has-post-thumbnail","6":"product_cat-jeu-de-roles","7":"product_cat-qin","8":"product_cat-version-pdf","9":"product_tag-arts-martiaux","10":"product_tag-aventure","11":"product_tag-chine","12":"product_tag-d10","13":"product_tag-heros","14":"product_tag-historique","15":"product_tag-jdr","16":"product_tag-magie","17":"product_tag-medieval","18":"product_tag-tao","19":"desktop-align-center","20":"tablet-align-center","21":"mobile-align-center","22":"ast-product-gallery-layout-horizontal-slider","23":"ast-product-tabs-layout-horizontal","24":"ast-qv-on-image","26":"first","27":"instock","28":"downloadable","29":"virtual","30":"sold-individually","31":"purchasable","32":"product-type-simple"},"uagb_featured_image_src":{"full":["https:\/\/www.7emecercle.com\/7C_site\/wp-content\/uploads\/2020\/01\/Qin_Lin_Cover.jpg",566,800,false],"thumbnail":["https:\/\/www.7emecercle.com\/7C_site\/wp-content\/uploads\/2020\/01\/Qin_Lin_Cover-150x150.jpg",150,150,true],"medium":["https:\/\/www.7emecercle.com\/7C_site\/wp-content\/uploads\/2020\/01\/Qin_Lin_Cover-212x300.jpg",212,300,true],"medium_large":["https:\/\/www.7emecercle.com\/7C_site\/wp-content\/uploads\/2020\/01\/Qin_Lin_Cover.jpg",566,800,false],"large":["https:\/\/www.7emecercle.com\/7C_site\/wp-content\/uploads\/2020\/01\/Qin_Lin_Cover.jpg",566,800,false],"1536x1536":["https:\/\/www.7emecercle.com\/7C_site\/wp-content\/uploads\/2020\/01\/Qin_Lin_Cover.jpg",566,800,false],"2048x2048":["https:\/\/www.7emecercle.com\/7C_site\/wp-content\/uploads\/2020\/01\/Qin_Lin_Cover.jpg",566,800,false],"woocommerce_thumbnail":["https:\/\/www.7emecercle.com\/7C_site\/wp-content\/uploads\/2020\/01\/Qin_Lin_Cover-300x400.jpg",300,400,true],"woocommerce_single":["https:\/\/www.7emecercle.com\/7C_site\/wp-content\/uploads\/2020\/01\/Qin_Lin_Cover.jpg",566,800,false],"woocommerce_gallery_thumbnail":["https:\/\/www.7emecercle.com\/7C_site\/wp-content\/uploads\/2020\/01\/Qin_Lin_Cover-100x100.jpg",100,100,true]},"uagb_author_info":{"display_name":"florrent","author_link":"https:\/\/www.7emecercle.com\/7C_site\/author\/"},"uagb_comment_info":0,"uagb_excerpt":"Quand on suit quelqu'un de bon, on apprend \u00e0 devenir bon ; quand on suit un tigre, on apprend \u00e0 mordre.","_links":{"self":[{"href":"https:\/\/www.7emecercle.com\/7C_site\/wp-json\/wp\/v2\/product\/1471","targetHints":{"allow":["GET"]}}],"collection":[{"href":"https:\/\/www.7emecercle.com\/7C_site\/wp-json\/wp\/v2\/product"}],"about":[{"href":"https:\/\/www.7emecercle.com\/7C_site\/wp-json\/wp\/v2\/types\/product"}],"replies":[{"embeddable":true,"href":"https:\/\/www.7emecercle.com\/7C_site\/wp-json\/wp\/v2\/comments?post=1471"}],"version-history":[{"count":1,"href":"https:\/\/www.7emecercle.com\/7C_site\/wp-json\/wp\/v2\/product\/1471\/revisions"}],"predecessor-version":[{"id":1472,"href":"https:\/\/www.7emecercle.com\/7C_site\/wp-json\/wp\/v2\/product\/1471\/revisions\/1472"}],"wp:featuredmedia":[{"embeddable":true,"href":"https:\/\/www.7emecercle.com\/7C_site\/wp-json\/wp\/v2\/media\/1394"}],"wp:attachment":[{"href":"https:\/\/www.7emecercle.com\/7C_site\/wp-json\/wp\/v2\/media?parent=1471"}],"wp:term":[{"taxonomy":"product_brand","embeddable":true,"href":"https:\/\/www.7emecercle.com\/7C_site\/wp-json\/wp\/v2\/product_brand?post=1471"},{"taxonomy":"product_cat","embeddable":true,"href":"https:\/\/www.7emecercle.com\/7C_site\/wp-json\/wp\/v2\/product_cat?post=1471"},{"taxonomy":"product_tag","embeddable":true,"href":"https:\/\/www.7emecercle.com\/7C_site\/wp-json\/wp\/v2\/product_tag?post=1471"}],"curies":[{"name":"wp","href":"https:\/\/api.w.org\/{rel}","templated":true}]}}