{"id":1473,"date":"2020-01-14T18:03:26","date_gmt":"2020-01-14T17:03:26","guid":{"rendered":"https:\/\/www.7emecercle.com\/7C_site\/?post_type=product&#038;p=1473"},"modified":"2020-04-10T17:53:41","modified_gmt":"2020-04-10T15:53:41","slug":"qin-tian-sia-xiangyang-version-pdf","status":"publish","type":"product","link":"https:\/\/www.7emecercle.com\/7C_site\/produit\/qin-tian-sia-xiangyang-version-pdf\/","title":{"rendered":"Qin &#8211; Ti\u00e0n Xia Xianyang &#8211; Version PDF"},"content":{"rendered":"<p>Xianyang\u00a0est\u00a0un\u00a0suppl\u00e9ment-cl\u00e9\u00a0du\u00a0jeu\u00a0de\u00a0r\u00f4le\u00a0Qin.<\/p>\n<p>Premier\u00a0tome\u00a0de\u00a0la\u00a0campagne\u00a0<i>Ti\u00e0n<\/i>\u00a0<i>Xia<\/i>\u00a0dont\u00a0il\u00a0contient\u00a0les\u00a0quatre\u00a0premiers\u00a0sc\u00e9narios,\u00a0il\u00a0d\u00e9crit\u00a0\u00e9galement\u00a0la\u00a0fabuleuse\u00a0capitale\u00a0du\u00a0Qin,\u00a0sous\u00a0tous\u00a0ses\u00a0aspects\u00a0:\u00a0histoire,\u00a0fonctionnement,\u00a0organisation\u00a0politique,\u00a0population,\u00a0secrets\u00a0inavouables,\u00a0etc.<\/p>\n<p>D\u00e9cor de jeu dense et riche, Xianyang permettra aux Meneurs de Jeu\u00a0d\u00e9sireux de lancer leurs joueurs dans des aventures citadines d\u2019impliquer pleinement les personnages au sein de l\u2019une des plus grandes villes\u00a0du <i>Zhongguo<\/i>, capitale du plus puissant de ses Royaumes.<\/p>\n<p>\u2022 144 Pages<br \/>\n\u2022 Couleurs<\/p>\n","protected":false},"excerpt":{"rendered":"<p>\u00a0\u00bb L&rsquo;ignorance peut \u00eatre appel\u00e9e la nuit de l&rsquo;esprit, et cette nuit n&rsquo;a ni lune ni \u00e9toiles. \u00ab\u00a0<\/p>\n","protected":false},"featured_media":1398,"comment_status":"open","ping_status":"closed","template":"","meta":{"_uag_custom_page_level_css":"","site-sidebar-layout":"default","site-content-layout":"default","ast-site-content-layout":"default","site-content-style":"default","site-sidebar-style":"default","ast-global-header-display":"","ast-banner-title-visibility":"","ast-main-header-display":"","ast-hfb-above-header-display":"","ast-hfb-below-header-display":"","ast-hfb-mobile-header-display":"","site-post-title":"","ast-breadcrumbs-content":"","ast-featured-img":"","footer-sml-layout":"","ast-disable-related-posts":"","theme-transparent-header-meta":"default","adv-header-id-meta":"","stick-header-meta":"default","header-above-stick-meta":"","header-main-stick-meta":"","header-below-stick-meta":"","astra-migrate-meta-layouts":"default","ast-page-background-enabled":"default","ast-page-background-meta":{"desktop":{"background-color":"","background-image":"","background-repeat":"repeat","background-position":"center center","background-size":"auto","background-attachment":"scroll","background-type":"","background-media":"","overlay-type":"","overlay-color":"","overlay-opacity":"","overlay-gradient":""},"tablet":{"background-color":"","background-image":"","background-repeat":"repeat","background-position":"center center","background-size":"auto","background-attachment":"scroll","background-type":"","background-media":"","overlay-type":"","overlay-color":"","overlay-opacity":"","overlay-gradient":""},"mobile":{"background-color":"","background-image":"","background-repeat":"repeat","background-position":"center center","background-size":"auto","background-attachment":"scroll","background-type":"","background-media":"","overlay-type":"","overlay-color":"","overlay-opacity":"","overlay-gradient":""}},"ast-content-background-meta":{"desktop":{"background-color":"var(--ast-global-color-5)","background-image":"","background-repeat":"repeat","background-position":"center center","background-size":"auto","background-attachment":"scroll","background-type":"","background-media":"","overlay-type":"","overlay-color":"","overlay-opacity":"","overlay-gradient":""},"tablet":{"background-color":"var(--ast-global-color-5)","background-image":"","background-repeat":"repeat","background-position":"center center","background-size":"auto","background-attachment":"scroll","background-type":"","background-media":"","overlay-type":"","overlay-color":"","overlay-opacity":"","overlay-gradient":""},"mobile":{"background-color":"var(--ast-global-color-5)","background-image":"","background-repeat":"repeat","background-position":"center center","background-size":"auto","background-attachment":"scroll","background-type":"","background-media":"","overlay-type":"","overlay-color":"","overlay-opacity":"","overlay-gradient":""}}},"product_brand":[],"product_cat":[63,66,72],"product_tag":[93,74,92,81,78,80,76,91,79,94],"class_list":{"0":"post-1473","1":"product","2":"type-product","3":"status-publish","4":"has-post-thumbnail","6":"product_cat-jeu-de-roles","7":"product_cat-qin","8":"product_cat-version-pdf","9":"product_tag-arts-martiaux","10":"product_tag-aventure","11":"product_tag-chine","12":"product_tag-d10","13":"product_tag-heros","14":"product_tag-historique","15":"product_tag-jdr","16":"product_tag-magie","17":"product_tag-medieval","18":"product_tag-tao","19":"desktop-align-center","20":"tablet-align-center","21":"mobile-align-center","22":"ast-product-gallery-layout-horizontal-slider","23":"ast-product-tabs-layout-horizontal","24":"ast-qv-on-image","26":"first","27":"instock","28":"downloadable","29":"virtual","30":"sold-individually","31":"purchasable","32":"product-type-simple"},"uagb_featured_image_src":{"full":["https:\/\/www.7emecercle.com\/7C_site\/wp-content\/uploads\/2020\/01\/Qin_TX1_Cover.jpg",566,800,false],"thumbnail":["https:\/\/www.7emecercle.com\/7C_site\/wp-content\/uploads\/2020\/01\/Qin_TX1_Cover-150x150.jpg",150,150,true],"medium":["https:\/\/www.7emecercle.com\/7C_site\/wp-content\/uploads\/2020\/01\/Qin_TX1_Cover-212x300.jpg",212,300,true],"medium_large":["https:\/\/www.7emecercle.com\/7C_site\/wp-content\/uploads\/2020\/01\/Qin_TX1_Cover.jpg",566,800,false],"large":["https:\/\/www.7emecercle.com\/7C_site\/wp-content\/uploads\/2020\/01\/Qin_TX1_Cover.jpg",566,800,false],"1536x1536":["https:\/\/www.7emecercle.com\/7C_site\/wp-content\/uploads\/2020\/01\/Qin_TX1_Cover.jpg",566,800,false],"2048x2048":["https:\/\/www.7emecercle.com\/7C_site\/wp-content\/uploads\/2020\/01\/Qin_TX1_Cover.jpg",566,800,false],"woocommerce_thumbnail":["https:\/\/www.7emecercle.com\/7C_site\/wp-content\/uploads\/2020\/01\/Qin_TX1_Cover-300x400.jpg",300,400,true],"woocommerce_single":["https:\/\/www.7emecercle.com\/7C_site\/wp-content\/uploads\/2020\/01\/Qin_TX1_Cover.jpg",566,800,false],"woocommerce_gallery_thumbnail":["https:\/\/www.7emecercle.com\/7C_site\/wp-content\/uploads\/2020\/01\/Qin_TX1_Cover-100x100.jpg",100,100,true]},"uagb_author_info":{"display_name":"florrent","author_link":"https:\/\/www.7emecercle.com\/7C_site\/author\/"},"uagb_comment_info":0,"uagb_excerpt":"\" L'ignorance peut \u00eatre appel\u00e9e la nuit de l'esprit, et cette nuit n'a ni lune ni \u00e9toiles. \"","_links":{"self":[{"href":"https:\/\/www.7emecercle.com\/7C_site\/wp-json\/wp\/v2\/product\/1473","targetHints":{"allow":["GET"]}}],"collection":[{"href":"https:\/\/www.7emecercle.com\/7C_site\/wp-json\/wp\/v2\/product"}],"about":[{"href":"https:\/\/www.7emecercle.com\/7C_site\/wp-json\/wp\/v2\/types\/product"}],"replies":[{"embeddable":true,"href":"https:\/\/www.7emecercle.com\/7C_site\/wp-json\/wp\/v2\/comments?post=1473"}],"version-history":[{"count":4,"href":"https:\/\/www.7emecercle.com\/7C_site\/wp-json\/wp\/v2\/product\/1473\/revisions"}],"predecessor-version":[{"id":2973,"href":"https:\/\/www.7emecercle.com\/7C_site\/wp-json\/wp\/v2\/product\/1473\/revisions\/2973"}],"wp:featuredmedia":[{"embeddable":true,"href":"https:\/\/www.7emecercle.com\/7C_site\/wp-json\/wp\/v2\/media\/1398"}],"wp:attachment":[{"href":"https:\/\/www.7emecercle.com\/7C_site\/wp-json\/wp\/v2\/media?parent=1473"}],"wp:term":[{"taxonomy":"product_brand","embeddable":true,"href":"https:\/\/www.7emecercle.com\/7C_site\/wp-json\/wp\/v2\/product_brand?post=1473"},{"taxonomy":"product_cat","embeddable":true,"href":"https:\/\/www.7emecercle.com\/7C_site\/wp-json\/wp\/v2\/product_cat?post=1473"},{"taxonomy":"product_tag","embeddable":true,"href":"https:\/\/www.7emecercle.com\/7C_site\/wp-json\/wp\/v2\/product_tag?post=1473"}],"curies":[{"name":"wp","href":"https:\/\/api.w.org\/{rel}","templated":true}]}}