{"id":1475,"date":"2020-01-14T18:09:09","date_gmt":"2020-01-14T17:09:09","guid":{"rendered":"https:\/\/www.7emecercle.com\/7C_site\/?post_type=product&#038;p=1475"},"modified":"2020-04-10T17:53:57","modified_gmt":"2020-04-10T15:53:57","slug":"qin-tian-sia-tout-sous-le-ciel-version-pdf","status":"publish","type":"product","link":"https:\/\/www.7emecercle.com\/7C_site\/produit\/qin-tian-sia-tout-sous-le-ciel-version-pdf\/","title":{"rendered":"Qin &#8211; Ti\u00e0n Xia Tout sous le ciel &#8211; Version PDF"},"content":{"rendered":"<p>Voici donc le second volet du suppl\u00e9ment en deux volumes nomm\u00e9 Ti\u00e0n Xia. Comme vous avez pu le lire dans le premier tome, son objectif principal est de pr\u00e9senter une campagne \u00e9pique qui courre sur plus de vingt ans et retrace la fin de la p\u00e9riode des Royaumes combattants et la cr\u00e9ation d\u2019un nouvel Empire, unifi\u00e9 \u00e0 nouveau pour la premi\u00e8re fois depuis des si\u00e8cles : la Chine.<\/p>\n<p>Toutefois, nous avons con\u00e7u ce suppl\u00e9ment avec le double objectif de vous proposer non seulement une campagne de longue haleine pour vous et vos joueurs, en cherchant \u00e0 ce que vous vous en souveniez encore plusieurs ann\u00e9es apr\u00e8s l\u2019avoir jou\u00e9e, mais aussi et surtout \u00e0 vous donner toutes les cl\u00e9s de l\u2019\u00e9volution du monde de Qin en une seule fois.<\/p>\n<p>En effet, au-del\u00e0 de son utilisation \u00e9vidente, Tian Xi\u00e0 est avant tout pour nous le pendant dynamique du Livre de Base. Si ce dernier vous d\u00e9crivait le monde tel qu\u2019il \u00e9tait en \u2013 240 av. JC., le suppl\u00e9ment que vous tenez entre les mains le met ind\u00e9niablement en mouvement, et est donc indispensable pour en appr\u00e9cier la richesse et la complexit\u00e9.<\/p>\n<p>D\u00e9sormais, l\u2019Histoire est en marche ; et avec elle une myriade de factions, sectes, clans, groupuscules et autres h\u00e9ros qui n\u2019attendent que des d\u00e9fis \u00e0 leur hauteur pour devenir les l\u00e9gendes dont on se souviendra des si\u00e8cles plus tard.<\/p>\n<p>C\u2019est pour cela que de nombreuses pistes sont donn\u00e9es dans les sc\u00e9narios de ce livre. Ainsi vous pourrez facilement choisir de d\u00e9velopper les intrigues qui vous int\u00e9ressent le plus sans avoir \u00e0 craindre qu\u2019un suppl\u00e9ment ou un sc\u00e9nario officiel ne viennent les remettre en cause. Au contraire, des zones sont volontairement laiss\u00e9es dans l\u2019ombre et vous sont indiqu\u00e9es comme telles afin que vous puissiez rendre vos parties uniques, cr\u00e9er vos propres sc\u00e9narios et r\u00e9ussir quand m\u00eame \u00e0 les int\u00e9grer \u00e0 Tian Xi\u00e0.<\/p>\n<p>\u00c0 vous et \u00e0 vos joueurs d\u2019\u00e9crire la fin de l\u2019Histoire !<\/p>\n<p>\u2022 136 Pages<br \/>\n\u2022 N&amp;B<\/p>\n","protected":false},"excerpt":{"rendered":"<p><em>\u00a0\u00bb Qui conna\u00eet son c\u0153ur se d\u00e9fie de ses yeux. \u00ab\u00a0<\/em><\/p>\n","protected":false},"featured_media":1400,"comment_status":"open","ping_status":"closed","template":"","meta":{"_uag_custom_page_level_css":"","site-sidebar-layout":"default","site-content-layout":"default","ast-site-content-layout":"default","site-content-style":"default","site-sidebar-style":"default","ast-global-header-display":"","ast-banner-title-visibility":"","ast-main-header-display":"","ast-hfb-above-header-display":"","ast-hfb-below-header-display":"","ast-hfb-mobile-header-display":"","site-post-title":"","ast-breadcrumbs-content":"","ast-featured-img":"","footer-sml-layout":"","ast-disable-related-posts":"","theme-transparent-header-meta":"default","adv-header-id-meta":"","stick-header-meta":"default","header-above-stick-meta":"","header-main-stick-meta":"","header-below-stick-meta":"","astra-migrate-meta-layouts":"default","ast-page-background-enabled":"default","ast-page-background-meta":{"desktop":{"background-color":"","background-image":"","background-repeat":"repeat","background-position":"center center","background-size":"auto","background-attachment":"scroll","background-type":"","background-media":"","overlay-type":"","overlay-color":"","overlay-opacity":"","overlay-gradient":""},"tablet":{"background-color":"","background-image":"","background-repeat":"repeat","background-position":"center center","background-size":"auto","background-attachment":"scroll","background-type":"","background-media":"","overlay-type":"","overlay-color":"","overlay-opacity":"","overlay-gradient":""},"mobile":{"background-color":"","background-image":"","background-repeat":"repeat","background-position":"center center","background-size":"auto","background-attachment":"scroll","background-type":"","background-media":"","overlay-type":"","overlay-color":"","overlay-opacity":"","overlay-gradient":""}},"ast-content-background-meta":{"desktop":{"background-color":"var(--ast-global-color-5)","background-image":"","background-repeat":"repeat","background-position":"center center","background-size":"auto","background-attachment":"scroll","background-type":"","background-media":"","overlay-type":"","overlay-color":"","overlay-opacity":"","overlay-gradient":""},"tablet":{"background-color":"var(--ast-global-color-5)","background-image":"","background-repeat":"repeat","background-position":"center center","background-size":"auto","background-attachment":"scroll","background-type":"","background-media":"","overlay-type":"","overlay-color":"","overlay-opacity":"","overlay-gradient":""},"mobile":{"background-color":"var(--ast-global-color-5)","background-image":"","background-repeat":"repeat","background-position":"center center","background-size":"auto","background-attachment":"scroll","background-type":"","background-media":"","overlay-type":"","overlay-color":"","overlay-opacity":"","overlay-gradient":""}}},"product_brand":[],"product_cat":[63,66,72],"product_tag":[93,74,92,81,78,80,76,91,79,94],"class_list":{"0":"post-1475","1":"product","2":"type-product","3":"status-publish","4":"has-post-thumbnail","6":"product_cat-jeu-de-roles","7":"product_cat-qin","8":"product_cat-version-pdf","9":"product_tag-arts-martiaux","10":"product_tag-aventure","11":"product_tag-chine","12":"product_tag-d10","13":"product_tag-heros","14":"product_tag-historique","15":"product_tag-jdr","16":"product_tag-magie","17":"product_tag-medieval","18":"product_tag-tao","19":"desktop-align-center","20":"tablet-align-center","21":"mobile-align-center","22":"ast-product-gallery-layout-horizontal-slider","23":"ast-product-tabs-layout-horizontal","24":"ast-qv-on-image","26":"first","27":"instock","28":"downloadable","29":"virtual","30":"sold-individually","31":"purchasable","32":"product-type-simple"},"uagb_featured_image_src":{"full":["https:\/\/www.7emecercle.com\/7C_site\/wp-content\/uploads\/2020\/01\/Qin_TX2_Cover.jpg",567,800,false],"thumbnail":["https:\/\/www.7emecercle.com\/7C_site\/wp-content\/uploads\/2020\/01\/Qin_TX2_Cover-150x150.jpg",150,150,true],"medium":["https:\/\/www.7emecercle.com\/7C_site\/wp-content\/uploads\/2020\/01\/Qin_TX2_Cover-213x300.jpg",213,300,true],"medium_large":["https:\/\/www.7emecercle.com\/7C_site\/wp-content\/uploads\/2020\/01\/Qin_TX2_Cover.jpg",567,800,false],"large":["https:\/\/www.7emecercle.com\/7C_site\/wp-content\/uploads\/2020\/01\/Qin_TX2_Cover.jpg",567,800,false],"1536x1536":["https:\/\/www.7emecercle.com\/7C_site\/wp-content\/uploads\/2020\/01\/Qin_TX2_Cover.jpg",567,800,false],"2048x2048":["https:\/\/www.7emecercle.com\/7C_site\/wp-content\/uploads\/2020\/01\/Qin_TX2_Cover.jpg",567,800,false],"woocommerce_thumbnail":["https:\/\/www.7emecercle.com\/7C_site\/wp-content\/uploads\/2020\/01\/Qin_TX2_Cover-300x400.jpg",300,400,true],"woocommerce_single":["https:\/\/www.7emecercle.com\/7C_site\/wp-content\/uploads\/2020\/01\/Qin_TX2_Cover.jpg",567,800,false],"woocommerce_gallery_thumbnail":["https:\/\/www.7emecercle.com\/7C_site\/wp-content\/uploads\/2020\/01\/Qin_TX2_Cover-100x100.jpg",100,100,true]},"uagb_author_info":{"display_name":"florrent","author_link":"https:\/\/www.7emecercle.com\/7C_site\/author\/"},"uagb_comment_info":0,"uagb_excerpt":"\" Qui conna\u00eet son c\u0153ur se d\u00e9fie de ses yeux. \"","_links":{"self":[{"href":"https:\/\/www.7emecercle.com\/7C_site\/wp-json\/wp\/v2\/product\/1475","targetHints":{"allow":["GET"]}}],"collection":[{"href":"https:\/\/www.7emecercle.com\/7C_site\/wp-json\/wp\/v2\/product"}],"about":[{"href":"https:\/\/www.7emecercle.com\/7C_site\/wp-json\/wp\/v2\/types\/product"}],"replies":[{"embeddable":true,"href":"https:\/\/www.7emecercle.com\/7C_site\/wp-json\/wp\/v2\/comments?post=1475"}],"version-history":[{"count":5,"href":"https:\/\/www.7emecercle.com\/7C_site\/wp-json\/wp\/v2\/product\/1475\/revisions"}],"predecessor-version":[{"id":2974,"href":"https:\/\/www.7emecercle.com\/7C_site\/wp-json\/wp\/v2\/product\/1475\/revisions\/2974"}],"wp:featuredmedia":[{"embeddable":true,"href":"https:\/\/www.7emecercle.com\/7C_site\/wp-json\/wp\/v2\/media\/1400"}],"wp:attachment":[{"href":"https:\/\/www.7emecercle.com\/7C_site\/wp-json\/wp\/v2\/media?parent=1475"}],"wp:term":[{"taxonomy":"product_brand","embeddable":true,"href":"https:\/\/www.7emecercle.com\/7C_site\/wp-json\/wp\/v2\/product_brand?post=1475"},{"taxonomy":"product_cat","embeddable":true,"href":"https:\/\/www.7emecercle.com\/7C_site\/wp-json\/wp\/v2\/product_cat?post=1475"},{"taxonomy":"product_tag","embeddable":true,"href":"https:\/\/www.7emecercle.com\/7C_site\/wp-json\/wp\/v2\/product_tag?post=1475"}],"curies":[{"name":"wp","href":"https:\/\/api.w.org\/{rel}","templated":true}]}}