{"id":2322,"date":"2020-03-21T15:03:26","date_gmt":"2020-03-21T14:03:26","guid":{"rendered":"https:\/\/www.7emecercle.com\/7C_site\/?post_type=product&#038;p=2322"},"modified":"2021-02-04T16:02:23","modified_gmt":"2021-02-04T15:02:23","slug":"z-corps-livre-de-base","status":"publish","type":"product","link":"https:\/\/www.7emecercle.com\/7C_site\/produit\/z-corps-livre-de-base\/","title":{"rendered":"Z-Corps &#8211; Livre de base"},"content":{"rendered":"<p align=\"justify\"><em>\u201cLes \u00eatres qui la pourchassent ne sont plus que l\u2019ombre d\u2019une lointaine humanit\u00e9. Le corps sec, rigide, le teint cadav\u00e9rique et les membres d\u00e9compos\u00e9s, parfois d\u00e9vor\u00e9s, ils avancent d\u2019un pas lent mais d\u00e9cid\u00e9 en direction de cette \u00e9tincelle de vie qui semble vouloir se d\u00e9rober \u00e0 leur insatiable app\u00e9tit. Tels des mannequins d\u00e9sarticul\u00e9s, d\u00e9s\u00e9quilibr\u00e9s, leurs pas s\u2019enfoncent dans la boue avec une cadence inhumaine&#8230;\u201d<\/em><\/p>\n<p align=\"justify\">Vous pourrez, au choix, jouer un simple Survivant, fuyant les hordes de zombies affam\u00e9s ou un membre des unit\u00e9s Z-Corps, milice priv\u00e9e et ind\u00e9pendante de la soci\u00e9t\u00e9 OneWorld charg\u00e9e de combler les d\u00e9ficiences de l\u2019arm\u00e9e et d\u2019enqu\u00eater sur le terrain.<\/p>\n<p align=\"justify\">Ce livre pr\u00e9sente en d\u00e9tail l\u2019univers de Z-Corps, ainsi que l\u2019int\u00e9gralit\u00e9 des r\u00e8gles du jeu, utilisant l\u2019Open D6.<\/p>\n<p align=\"justify\">Il est divis\u00e9 en 3 parties distinctes, qui sont r\u00e9serv\u00e9es aux joueurs ou au Meneur de Jeu, selon le type de jeu souhait\u00e9. Vous trouverez \u00e9galement \u00e0 la fin de cet ouvrage deux sc\u00e9narios :<br \/>\n\u2022 Open all night (sc\u00e9nario \u201cSurvivants\u201d)<br \/>\n\u2022 Sunday Night Fever (sc\u00e9nario Z-Corps)<\/p>\n<p>\u2022 256 pages<br \/>\n\u2022 N&amp;B<\/p>\n","protected":false},"excerpt":{"rendered":"<p align=\"center\"><strong>Version papier en pr\u00e9commande &#8211; Livraison fin f\u00e9vrier<\/strong><\/p>\n<p align=\"center\"><em>\u00ab Ma m\u00e8re me disait toujours : un jour tu seras bon dans quelque chose.<\/em><br \/>\n<em>Jamais elle aurait imagin\u00e9 que ce serait en zigouillage de zombies. \u00bb<\/em><\/p>\n<p align=\"center\">Tallahassee &#8211; Bienvenue \u00e0 Zombieland<\/p>\n","protected":false},"featured_media":1324,"comment_status":"open","ping_status":"closed","template":"","meta":{"_uag_custom_page_level_css":"","site-sidebar-layout":"default","site-content-layout":"default","ast-site-content-layout":"default","site-content-style":"default","site-sidebar-style":"default","ast-global-header-display":"","ast-banner-title-visibility":"","ast-main-header-display":"","ast-hfb-above-header-display":"","ast-hfb-below-header-display":"","ast-hfb-mobile-header-display":"","site-post-title":"","ast-breadcrumbs-content":"","ast-featured-img":"","footer-sml-layout":"","ast-disable-related-posts":"","theme-transparent-header-meta":"default","adv-header-id-meta":"","stick-header-meta":"default","header-above-stick-meta":"","header-main-stick-meta":"","header-below-stick-meta":"","astra-migrate-meta-layouts":"default","ast-page-background-enabled":"default","ast-page-background-meta":{"desktop":{"background-color":"","background-image":"","background-repeat":"repeat","background-position":"center center","background-size":"auto","background-attachment":"scroll","background-type":"","background-media":"","overlay-type":"","overlay-color":"","overlay-opacity":"","overlay-gradient":""},"tablet":{"background-color":"","background-image":"","background-repeat":"repeat","background-position":"center center","background-size":"auto","background-attachment":"scroll","background-type":"","background-media":"","overlay-type":"","overlay-color":"","overlay-opacity":"","overlay-gradient":""},"mobile":{"background-color":"","background-image":"","background-repeat":"repeat","background-position":"center center","background-size":"auto","background-attachment":"scroll","background-type":"","background-media":"","overlay-type":"","overlay-color":"","overlay-opacity":"","overlay-gradient":""}},"ast-content-background-meta":{"desktop":{"background-color":"var(--ast-global-color-5)","background-image":"","background-repeat":"repeat","background-position":"center center","background-size":"auto","background-attachment":"scroll","background-type":"","background-media":"","overlay-type":"","overlay-color":"","overlay-opacity":"","overlay-gradient":""},"tablet":{"background-color":"var(--ast-global-color-5)","background-image":"","background-repeat":"repeat","background-position":"center center","background-size":"auto","background-attachment":"scroll","background-type":"","background-media":"","overlay-type":"","overlay-color":"","overlay-opacity":"","overlay-gradient":""},"mobile":{"background-color":"var(--ast-global-color-5)","background-image":"","background-repeat":"repeat","background-position":"center center","background-size":"auto","background-attachment":"scroll","background-type":"","background-media":"","overlay-type":"","overlay-color":"","overlay-opacity":"","overlay-gradient":""}}},"product_brand":[],"product_cat":[63,73,72,64],"product_tag":[83,74,86,76,85,87,84,82],"class_list":{"0":"post-2322","1":"product","2":"type-product","3":"status-publish","4":"has-post-thumbnail","6":"product_cat-jeu-de-roles","7":"product_cat-version-papier","8":"product_cat-version-pdf","9":"product_cat-z-corps","10":"product_tag-apocalypse","11":"product_tag-aventure","12":"product_tag-d6","13":"product_tag-jdr","14":"product_tag-militaire","15":"product_tag-moderne","16":"product_tag-surive","17":"product_tag-zombie","18":"desktop-align-center","19":"tablet-align-center","20":"mobile-align-center","21":"ast-product-gallery-layout-horizontal-slider","22":"ast-product-tabs-layout-horizontal","23":"ast-qv-on-image","25":"first","26":"instock","27":"featured","28":"sold-individually","29":"shipping-taxable","30":"product-type-grouped"},"uagb_featured_image_src":{"full":["https:\/\/www.7emecercle.com\/7C_site\/wp-content\/uploads\/2020\/01\/Z-Corps_LdB.jpg",566,800,false],"thumbnail":["https:\/\/www.7emecercle.com\/7C_site\/wp-content\/uploads\/2020\/01\/Z-Corps_LdB-150x150.jpg",150,150,true],"medium":["https:\/\/www.7emecercle.com\/7C_site\/wp-content\/uploads\/2020\/01\/Z-Corps_LdB-212x300.jpg",212,300,true],"medium_large":["https:\/\/www.7emecercle.com\/7C_site\/wp-content\/uploads\/2020\/01\/Z-Corps_LdB.jpg",566,800,false],"large":["https:\/\/www.7emecercle.com\/7C_site\/wp-content\/uploads\/2020\/01\/Z-Corps_LdB.jpg",566,800,false],"1536x1536":["https:\/\/www.7emecercle.com\/7C_site\/wp-content\/uploads\/2020\/01\/Z-Corps_LdB.jpg",566,800,false],"2048x2048":["https:\/\/www.7emecercle.com\/7C_site\/wp-content\/uploads\/2020\/01\/Z-Corps_LdB.jpg",566,800,false],"woocommerce_thumbnail":["https:\/\/www.7emecercle.com\/7C_site\/wp-content\/uploads\/2020\/01\/Z-Corps_LdB-300x400.jpg",300,400,true],"woocommerce_single":["https:\/\/www.7emecercle.com\/7C_site\/wp-content\/uploads\/2020\/01\/Z-Corps_LdB.jpg",566,800,false],"woocommerce_gallery_thumbnail":["https:\/\/www.7emecercle.com\/7C_site\/wp-content\/uploads\/2020\/01\/Z-Corps_LdB-100x100.jpg",100,100,true]},"uagb_author_info":{"display_name":"florrent","author_link":"https:\/\/www.7emecercle.com\/7C_site\/author\/"},"uagb_comment_info":0,"uagb_excerpt":"Version papier en pr\u00e9commande - Livraison fin f\u00e9vrier \u00ab Ma m\u00e8re me disait toujours : un jour tu seras bon dans quelque chose. Jamais elle aurait imagin\u00e9 que ce serait en zigouillage de zombies. \u00bb Tallahassee - Bienvenue \u00e0 Zombieland","_links":{"self":[{"href":"https:\/\/www.7emecercle.com\/7C_site\/wp-json\/wp\/v2\/product\/2322","targetHints":{"allow":["GET"]}}],"collection":[{"href":"https:\/\/www.7emecercle.com\/7C_site\/wp-json\/wp\/v2\/product"}],"about":[{"href":"https:\/\/www.7emecercle.com\/7C_site\/wp-json\/wp\/v2\/types\/product"}],"replies":[{"embeddable":true,"href":"https:\/\/www.7emecercle.com\/7C_site\/wp-json\/wp\/v2\/comments?post=2322"}],"version-history":[{"count":3,"href":"https:\/\/www.7emecercle.com\/7C_site\/wp-json\/wp\/v2\/product\/2322\/revisions"}],"predecessor-version":[{"id":3660,"href":"https:\/\/www.7emecercle.com\/7C_site\/wp-json\/wp\/v2\/product\/2322\/revisions\/3660"}],"wp:featuredmedia":[{"embeddable":true,"href":"https:\/\/www.7emecercle.com\/7C_site\/wp-json\/wp\/v2\/media\/1324"}],"wp:attachment":[{"href":"https:\/\/www.7emecercle.com\/7C_site\/wp-json\/wp\/v2\/media?parent=2322"}],"wp:term":[{"taxonomy":"product_brand","embeddable":true,"href":"https:\/\/www.7emecercle.com\/7C_site\/wp-json\/wp\/v2\/product_brand?post=2322"},{"taxonomy":"product_cat","embeddable":true,"href":"https:\/\/www.7emecercle.com\/7C_site\/wp-json\/wp\/v2\/product_cat?post=2322"},{"taxonomy":"product_tag","embeddable":true,"href":"https:\/\/www.7emecercle.com\/7C_site\/wp-json\/wp\/v2\/product_tag?post=2322"}],"curies":[{"name":"wp","href":"https:\/\/api.w.org\/{rel}","templated":true}]}}