{"id":2345,"date":"2020-03-21T15:38:15","date_gmt":"2020-03-21T14:38:15","guid":{"rendered":"https:\/\/www.7emecercle.com\/7C_site\/?post_type=product&#038;p=2345"},"modified":"2021-02-04T15:59:44","modified_gmt":"2021-02-04T14:59:44","slug":"z-corps-8-semaines-plus-tard-2","status":"publish","type":"product","link":"https:\/\/www.7emecercle.com\/7C_site\/produit\/z-corps-8-semaines-plus-tard-2\/","title":{"rendered":"Z-Corps &#8211; 8 Semaines plus tard"},"content":{"rendered":"<p align=\"justify\">Est-ce que vous connaissez la diff\u00e9rence entre les survivants d\u2019une Apocalypse zombie et les rescap\u00e9s d\u2019un crash d\u2019avion, \u00e9chou\u00e9s sur une \u00eele lointaine ?<br \/>\nIl n\u2019y en a aucune.<\/p>\n<p align=\"justify\">Ce suppl\u00e9ment pour Z-Corps est destin\u00e9 au Meneur de Jeu, qui pourra permettre l&rsquo;acc\u00e8s des premi\u00e8res pages \u00e0 ses joueurs, s&rsquo;il le d\u00e9sire. La partie qui lui est exclusivement destin\u00e9e est intitul\u00e9e \u00ab\u00a0Restricted area\u00a0\u00bb, bien s\u00e9par\u00e9e du reste de l&rsquo;ouvrage.<\/p>\n<p align=\"justify\">Deux sc\u00e9narios, l&rsquo;un destin\u00e9 \u00e0 des \u00ab\u00a0survivants\u00a0\u00bb (Eden), l&rsquo;autre \u00e0 une Z-Team (Embrouilles), sont \u00e9galement fournis, en plus des divers synopsis et des nombreux PNJ propos\u00e9s tout le long du suppl\u00e9ment.<\/p>\n","protected":false},"excerpt":{"rendered":"<p style=\"text-align: center;\"><strong>Version papier en pr\u00e9commande &#8211; Livraison fin f\u00e9vrier<\/strong><\/p>\n<p style=\"text-align: center;\"><em>\u00ab Si vous faites partie des survivants, si vous faites partie de ceux qui n\u2019ont pas \u00e9t\u00e9 contamin\u00e9s, cachez-vous !<br \/>\nAllez vous mettre \u00e0 l\u2019abri, ne faites confiance ni \u00e0 vos proches, ni \u00e0 vos amis, ni \u00e0 votre entourage ! \u00bb<\/em><\/p>\n<p style=\"text-align: center;\">&#8212; L\u2019Antre de la folie<\/p>\n","protected":false},"featured_media":1336,"comment_status":"open","ping_status":"closed","template":"","meta":{"_uag_custom_page_level_css":"","site-sidebar-layout":"default","site-content-layout":"default","ast-site-content-layout":"default","site-content-style":"default","site-sidebar-style":"default","ast-global-header-display":"","ast-banner-title-visibility":"","ast-main-header-display":"","ast-hfb-above-header-display":"","ast-hfb-below-header-display":"","ast-hfb-mobile-header-display":"","site-post-title":"","ast-breadcrumbs-content":"","ast-featured-img":"","footer-sml-layout":"","ast-disable-related-posts":"","theme-transparent-header-meta":"default","adv-header-id-meta":"","stick-header-meta":"default","header-above-stick-meta":"","header-main-stick-meta":"","header-below-stick-meta":"","astra-migrate-meta-layouts":"default","ast-page-background-enabled":"default","ast-page-background-meta":{"desktop":{"background-color":"","background-image":"","background-repeat":"repeat","background-position":"center center","background-size":"auto","background-attachment":"scroll","background-type":"","background-media":"","overlay-type":"","overlay-color":"","overlay-opacity":"","overlay-gradient":""},"tablet":{"background-color":"","background-image":"","background-repeat":"repeat","background-position":"center center","background-size":"auto","background-attachment":"scroll","background-type":"","background-media":"","overlay-type":"","overlay-color":"","overlay-opacity":"","overlay-gradient":""},"mobile":{"background-color":"","background-image":"","background-repeat":"repeat","background-position":"center center","background-size":"auto","background-attachment":"scroll","background-type":"","background-media":"","overlay-type":"","overlay-color":"","overlay-opacity":"","overlay-gradient":""}},"ast-content-background-meta":{"desktop":{"background-color":"var(--ast-global-color-5)","background-image":"","background-repeat":"repeat","background-position":"center center","background-size":"auto","background-attachment":"scroll","background-type":"","background-media":"","overlay-type":"","overlay-color":"","overlay-opacity":"","overlay-gradient":""},"tablet":{"background-color":"var(--ast-global-color-5)","background-image":"","background-repeat":"repeat","background-position":"center center","background-size":"auto","background-attachment":"scroll","background-type":"","background-media":"","overlay-type":"","overlay-color":"","overlay-opacity":"","overlay-gradient":""},"mobile":{"background-color":"var(--ast-global-color-5)","background-image":"","background-repeat":"repeat","background-position":"center center","background-size":"auto","background-attachment":"scroll","background-type":"","background-media":"","overlay-type":"","overlay-color":"","overlay-opacity":"","overlay-gradient":""}}},"product_brand":[],"product_cat":[63,73,72,64],"product_tag":[83,74,86,76,85,87,84,82],"class_list":{"0":"post-2345","1":"product","2":"type-product","3":"status-publish","4":"has-post-thumbnail","6":"product_cat-jeu-de-roles","7":"product_cat-version-papier","8":"product_cat-version-pdf","9":"product_cat-z-corps","10":"product_tag-apocalypse","11":"product_tag-aventure","12":"product_tag-d6","13":"product_tag-jdr","14":"product_tag-militaire","15":"product_tag-moderne","16":"product_tag-surive","17":"product_tag-zombie","18":"desktop-align-center","19":"tablet-align-center","20":"mobile-align-center","21":"ast-product-gallery-layout-horizontal-slider","22":"ast-product-tabs-layout-horizontal","23":"ast-qv-on-image","25":"first","26":"instock","27":"sold-individually","28":"shipping-taxable","29":"product-type-grouped"},"uagb_featured_image_src":{"full":["https:\/\/www.7emecercle.com\/7C_site\/wp-content\/uploads\/2020\/01\/ZC_8ST_Cover.jpg",566,800,false],"thumbnail":["https:\/\/www.7emecercle.com\/7C_site\/wp-content\/uploads\/2020\/01\/ZC_8ST_Cover-150x150.jpg",150,150,true],"medium":["https:\/\/www.7emecercle.com\/7C_site\/wp-content\/uploads\/2020\/01\/ZC_8ST_Cover-212x300.jpg",212,300,true],"medium_large":["https:\/\/www.7emecercle.com\/7C_site\/wp-content\/uploads\/2020\/01\/ZC_8ST_Cover.jpg",566,800,false],"large":["https:\/\/www.7emecercle.com\/7C_site\/wp-content\/uploads\/2020\/01\/ZC_8ST_Cover.jpg",566,800,false],"1536x1536":["https:\/\/www.7emecercle.com\/7C_site\/wp-content\/uploads\/2020\/01\/ZC_8ST_Cover.jpg",566,800,false],"2048x2048":["https:\/\/www.7emecercle.com\/7C_site\/wp-content\/uploads\/2020\/01\/ZC_8ST_Cover.jpg",566,800,false],"woocommerce_thumbnail":["https:\/\/www.7emecercle.com\/7C_site\/wp-content\/uploads\/2020\/01\/ZC_8ST_Cover-300x400.jpg",300,400,true],"woocommerce_single":["https:\/\/www.7emecercle.com\/7C_site\/wp-content\/uploads\/2020\/01\/ZC_8ST_Cover.jpg",566,800,false],"woocommerce_gallery_thumbnail":["https:\/\/www.7emecercle.com\/7C_site\/wp-content\/uploads\/2020\/01\/ZC_8ST_Cover-100x100.jpg",100,100,true]},"uagb_author_info":{"display_name":"florrent","author_link":"https:\/\/www.7emecercle.com\/7C_site\/author\/"},"uagb_comment_info":0,"uagb_excerpt":"Version papier en pr\u00e9commande - Livraison fin f\u00e9vrier \u00ab Si vous faites partie des survivants, si vous faites partie de ceux qui n\u2019ont pas \u00e9t\u00e9 contamin\u00e9s, cachez-vous ! Allez vous mettre \u00e0 l\u2019abri, ne faites confiance ni \u00e0 vos proches, ni \u00e0 vos amis, ni \u00e0 votre entourage ! \u00bb -- L\u2019Antre de la folie","_links":{"self":[{"href":"https:\/\/www.7emecercle.com\/7C_site\/wp-json\/wp\/v2\/product\/2345","targetHints":{"allow":["GET"]}}],"collection":[{"href":"https:\/\/www.7emecercle.com\/7C_site\/wp-json\/wp\/v2\/product"}],"about":[{"href":"https:\/\/www.7emecercle.com\/7C_site\/wp-json\/wp\/v2\/types\/product"}],"replies":[{"embeddable":true,"href":"https:\/\/www.7emecercle.com\/7C_site\/wp-json\/wp\/v2\/comments?post=2345"}],"version-history":[{"count":2,"href":"https:\/\/www.7emecercle.com\/7C_site\/wp-json\/wp\/v2\/product\/2345\/revisions"}],"predecessor-version":[{"id":3661,"href":"https:\/\/www.7emecercle.com\/7C_site\/wp-json\/wp\/v2\/product\/2345\/revisions\/3661"}],"wp:featuredmedia":[{"embeddable":true,"href":"https:\/\/www.7emecercle.com\/7C_site\/wp-json\/wp\/v2\/media\/1336"}],"wp:attachment":[{"href":"https:\/\/www.7emecercle.com\/7C_site\/wp-json\/wp\/v2\/media?parent=2345"}],"wp:term":[{"taxonomy":"product_brand","embeddable":true,"href":"https:\/\/www.7emecercle.com\/7C_site\/wp-json\/wp\/v2\/product_brand?post=2345"},{"taxonomy":"product_cat","embeddable":true,"href":"https:\/\/www.7emecercle.com\/7C_site\/wp-json\/wp\/v2\/product_cat?post=2345"},{"taxonomy":"product_tag","embeddable":true,"href":"https:\/\/www.7emecercle.com\/7C_site\/wp-json\/wp\/v2\/product_tag?post=2345"}],"curies":[{"name":"wp","href":"https:\/\/api.w.org\/{rel}","templated":true}]}}