{"id":2349,"date":"2020-03-21T15:42:10","date_gmt":"2020-03-21T14:42:10","guid":{"rendered":"https:\/\/www.7emecercle.com\/7C_site\/?post_type=product&#038;p=2349"},"modified":"2020-04-09T16:26:15","modified_gmt":"2020-04-09T14:26:15","slug":"z-corps-dead-in-savannah-2","status":"publish","type":"product","link":"https:\/\/www.7emecercle.com\/7C_site\/produit\/z-corps-dead-in-savannah-2\/","title":{"rendered":"Z-Corps -Dead In Savannah"},"content":{"rendered":"<p>Dead in Savannah est le quatri\u00e8me suppl\u00e9ment pour Z-Corps et la suite directe de Dead in Denver. Ce nouvel opus est l&rsquo;occasion de poursuivre la campagne entam\u00e9e \u00e0 Denver et de proposer un long sc\u00e9nario se d\u00e9roulant durant la semaine 12.<\/p>\n<p>Il s&rsquo;agit d&rsquo;une v\u00e9ritable course-poursuite, lan\u00e7ant les personnages sur la trace des vingt participants au projet Homme-Millenium.<\/p>\n<p>Ce suppl\u00e9ment est \u00e9galement l&rsquo;occasion de faire un point sur la ville de Savannah, G\u00e9orgie, qui abrite le quartier g\u00e9n\u00e9ral de OneWorld et des Z-Corps. V\u00e9ritable ville fortifi\u00e9e, entour\u00e9e d&rsquo;une fronti\u00e8re d&rsquo;Agent Gris, elle est devenue un rempart face aux hordes d&rsquo;Hostiles. Comment fonctionne cette citadelle\u00a0? Comment sont organis\u00e9es les missions\u00a0des Contr\u00f4leurs ? Qui sont les DeathDealers\u00a0? Quels nouveaux gadgets anti-Hostiles sont cr\u00e9\u00e9s dans les laboratoires\u00a0? \u00c0 quoi ressemblent cette cit\u00e9 et ses environs\u00a0? Quel genre de zombies se cache parmi les alligators du bayou\u00a0? Vous y trouverez \u00e9galement de tr\u00e8s nombreux synopsis utilisables dans d&rsquo;autres villes.<\/p>\n<p>Que vous ayez fait basculer vos joueurs du c\u00f4t\u00e9 des Contr\u00f4leurs ou qu&rsquo;ils incarnent encore des survivants, vous trouverez dans ces pages de quoi les occuper dans ce coin mar\u00e9cageux de G\u00e9orgie. Le Deep South leur ouvre les bras\u2026 Et ses m\u00e2choires.<\/p>\n","protected":false},"excerpt":{"rendered":"<p style=\"text-align: center;\" align=\"justify\"><em>\u00ab UnDead on Arrival \u00bb. Je n\u2019arr\u00eate pas de voir ce terme un peu partout, sur les murs des bastions, dans les m\u00e9dias, sur les r\u00e9seaux sociaux. Et vous savez tous ce que cela signifie, n\u2019est-ce pas ? C\u2019est le terme par lequel la jeunesse de ce pays, voire tous les Am\u00e9ricains, d\u00e9signent les Contr\u00f4leurs OneWorld. Parce que, quoiqu\u2019on fasse, on finit toujours en morts-vivants \u00e0 l\u2019arriv\u00e9e. Nous sommes tous des cadavres en sursis et nous devons changer cette image ! OneWorld doit changer ! \u00bb<\/em><\/p>\n<p style=\"text-align: center;\">Bruce Palmer, OneWorld,<br \/>\naux Contr\u00f4leurs Z-Corps<\/p>\n","protected":false},"featured_media":1338,"comment_status":"open","ping_status":"closed","template":"","meta":{"_uag_custom_page_level_css":"","site-sidebar-layout":"default","site-content-layout":"default","ast-site-content-layout":"default","site-content-style":"default","site-sidebar-style":"default","ast-global-header-display":"","ast-banner-title-visibility":"","ast-main-header-display":"","ast-hfb-above-header-display":"","ast-hfb-below-header-display":"","ast-hfb-mobile-header-display":"","site-post-title":"","ast-breadcrumbs-content":"","ast-featured-img":"","footer-sml-layout":"","ast-disable-related-posts":"","theme-transparent-header-meta":"default","adv-header-id-meta":"","stick-header-meta":"default","header-above-stick-meta":"","header-main-stick-meta":"","header-below-stick-meta":"","astra-migrate-meta-layouts":"default","ast-page-background-enabled":"default","ast-page-background-meta":{"desktop":{"background-color":"","background-image":"","background-repeat":"repeat","background-position":"center center","background-size":"auto","background-attachment":"scroll","background-type":"","background-media":"","overlay-type":"","overlay-color":"","overlay-opacity":"","overlay-gradient":""},"tablet":{"background-color":"","background-image":"","background-repeat":"repeat","background-position":"center center","background-size":"auto","background-attachment":"scroll","background-type":"","background-media":"","overlay-type":"","overlay-color":"","overlay-opacity":"","overlay-gradient":""},"mobile":{"background-color":"","background-image":"","background-repeat":"repeat","background-position":"center center","background-size":"auto","background-attachment":"scroll","background-type":"","background-media":"","overlay-type":"","overlay-color":"","overlay-opacity":"","overlay-gradient":""}},"ast-content-background-meta":{"desktop":{"background-color":"var(--ast-global-color-5)","background-image":"","background-repeat":"repeat","background-position":"center center","background-size":"auto","background-attachment":"scroll","background-type":"","background-media":"","overlay-type":"","overlay-color":"","overlay-opacity":"","overlay-gradient":""},"tablet":{"background-color":"var(--ast-global-color-5)","background-image":"","background-repeat":"repeat","background-position":"center center","background-size":"auto","background-attachment":"scroll","background-type":"","background-media":"","overlay-type":"","overlay-color":"","overlay-opacity":"","overlay-gradient":""},"mobile":{"background-color":"var(--ast-global-color-5)","background-image":"","background-repeat":"repeat","background-position":"center center","background-size":"auto","background-attachment":"scroll","background-type":"","background-media":"","overlay-type":"","overlay-color":"","overlay-opacity":"","overlay-gradient":""}}},"product_brand":[],"product_cat":[63,73,72,64],"product_tag":[83,74,86,76,85,87,84,82],"class_list":{"0":"post-2349","1":"product","2":"type-product","3":"status-publish","4":"has-post-thumbnail","6":"product_cat-jeu-de-roles","7":"product_cat-version-papier","8":"product_cat-version-pdf","9":"product_cat-z-corps","10":"product_tag-apocalypse","11":"product_tag-aventure","12":"product_tag-d6","13":"product_tag-jdr","14":"product_tag-militaire","15":"product_tag-moderne","16":"product_tag-surive","17":"product_tag-zombie","18":"desktop-align-center","19":"tablet-align-center","20":"mobile-align-center","21":"ast-product-gallery-layout-horizontal-slider","22":"ast-product-tabs-layout-horizontal","23":"ast-qv-on-image","25":"first","26":"instock","27":"sold-individually","28":"shipping-taxable","29":"product-type-grouped"},"uagb_featured_image_src":{"full":["https:\/\/www.7emecercle.com\/7C_site\/wp-content\/uploads\/2020\/01\/ZC_DIS_Cover.jpg",566,800,false],"thumbnail":["https:\/\/www.7emecercle.com\/7C_site\/wp-content\/uploads\/2020\/01\/ZC_DIS_Cover-150x150.jpg",150,150,true],"medium":["https:\/\/www.7emecercle.com\/7C_site\/wp-content\/uploads\/2020\/01\/ZC_DIS_Cover-212x300.jpg",212,300,true],"medium_large":["https:\/\/www.7emecercle.com\/7C_site\/wp-content\/uploads\/2020\/01\/ZC_DIS_Cover.jpg",566,800,false],"large":["https:\/\/www.7emecercle.com\/7C_site\/wp-content\/uploads\/2020\/01\/ZC_DIS_Cover.jpg",566,800,false],"1536x1536":["https:\/\/www.7emecercle.com\/7C_site\/wp-content\/uploads\/2020\/01\/ZC_DIS_Cover.jpg",566,800,false],"2048x2048":["https:\/\/www.7emecercle.com\/7C_site\/wp-content\/uploads\/2020\/01\/ZC_DIS_Cover.jpg",566,800,false],"woocommerce_thumbnail":["https:\/\/www.7emecercle.com\/7C_site\/wp-content\/uploads\/2020\/01\/ZC_DIS_Cover-300x400.jpg",300,400,true],"woocommerce_single":["https:\/\/www.7emecercle.com\/7C_site\/wp-content\/uploads\/2020\/01\/ZC_DIS_Cover.jpg",566,800,false],"woocommerce_gallery_thumbnail":["https:\/\/www.7emecercle.com\/7C_site\/wp-content\/uploads\/2020\/01\/ZC_DIS_Cover-100x100.jpg",100,100,true]},"uagb_author_info":{"display_name":"florrent","author_link":"https:\/\/www.7emecercle.com\/7C_site\/author\/"},"uagb_comment_info":0,"uagb_excerpt":"\u00ab UnDead on Arrival \u00bb. Je n\u2019arr\u00eate pas de voir ce terme un peu partout, sur les murs des bastions, dans les m\u00e9dias, sur les r\u00e9seaux sociaux. Et vous savez tous ce que cela signifie, n\u2019est-ce pas ? C\u2019est le terme par lequel la jeunesse de ce pays, voire tous les Am\u00e9ricains, d\u00e9signent les Contr\u00f4leurs\u2026","_links":{"self":[{"href":"https:\/\/www.7emecercle.com\/7C_site\/wp-json\/wp\/v2\/product\/2349","targetHints":{"allow":["GET"]}}],"collection":[{"href":"https:\/\/www.7emecercle.com\/7C_site\/wp-json\/wp\/v2\/product"}],"about":[{"href":"https:\/\/www.7emecercle.com\/7C_site\/wp-json\/wp\/v2\/types\/product"}],"replies":[{"embeddable":true,"href":"https:\/\/www.7emecercle.com\/7C_site\/wp-json\/wp\/v2\/comments?post=2349"}],"version-history":[{"count":1,"href":"https:\/\/www.7emecercle.com\/7C_site\/wp-json\/wp\/v2\/product\/2349\/revisions"}],"predecessor-version":[{"id":2350,"href":"https:\/\/www.7emecercle.com\/7C_site\/wp-json\/wp\/v2\/product\/2349\/revisions\/2350"}],"wp:featuredmedia":[{"embeddable":true,"href":"https:\/\/www.7emecercle.com\/7C_site\/wp-json\/wp\/v2\/media\/1338"}],"wp:attachment":[{"href":"https:\/\/www.7emecercle.com\/7C_site\/wp-json\/wp\/v2\/media?parent=2349"}],"wp:term":[{"taxonomy":"product_brand","embeddable":true,"href":"https:\/\/www.7emecercle.com\/7C_site\/wp-json\/wp\/v2\/product_brand?post=2349"},{"taxonomy":"product_cat","embeddable":true,"href":"https:\/\/www.7emecercle.com\/7C_site\/wp-json\/wp\/v2\/product_cat?post=2349"},{"taxonomy":"product_tag","embeddable":true,"href":"https:\/\/www.7emecercle.com\/7C_site\/wp-json\/wp\/v2\/product_tag?post=2349"}],"curies":[{"name":"wp","href":"https:\/\/api.w.org\/{rel}","templated":true}]}}