{"id":2351,"date":"2020-03-21T15:43:48","date_gmt":"2020-03-21T14:43:48","guid":{"rendered":"https:\/\/www.7emecercle.com\/7C_site\/?post_type=product&#038;p=2351"},"modified":"2020-04-09T16:30:53","modified_gmt":"2020-04-09T14:30:53","slug":"z-corps-dead-in-washington-2","status":"publish","type":"product","link":"https:\/\/www.7emecercle.com\/7C_site\/produit\/z-corps-dead-in-washington-2\/","title":{"rendered":"Z-Corps -Dead In Washington"},"content":{"rendered":"<p>La situation est dramatique pour les survivants. Washington D.C. grouille d\u2019Hostiles. Les Cavaliers de l\u2019Apocalypse autoproclam\u00e9s ont fait hisser le drapeau du Territoire des Morts sur la Maison-Blanche. Les h\u00e9ros Z-Corps sont toujours \u00e0 la recherche de sept personnes sur les Vingt, seules capables de r\u00e9v\u00e9ler ce que Brian Clark a oubli\u00e9, avec peut-\u00eatre un anti-virus Z, \u00e0 la cl\u00e9.<\/p>\n<p>La course-poursuite s\u2019acc\u00e9l\u00e8re pour les personnages et le danger est permanent dans cette suite de la campagne Z-Corps.<\/p>\n<p>Ce suppl\u00e9ment fait \u00e9galement un point important sur la ville de Washington D.C. avec la description des quartiers et des zones occup\u00e9es, de nouvelles factions, comme celle des Rats d\u2019\u00e9gouts et des Zonards, de nouveaux Hostiles etc. Comment la ville est-elle tomb\u00e9e entre les mains de la secte Apokalupsis ? Qui sont les super mentors, les Amplificateurs ? Comment pirater la Fr\u00e9quence morte ? D\u2019o\u00f9 proviennent ces s\u00e9rums mis au point pour aider les Z-Corps dans leurs missions suicides ?<\/p>\n<p>Dead in Washington d\u00e9voile les \u00e9v\u00e9nements des semaines 14 \u00e0 15. Vous y d\u00e9couvrirez \u00e9galement de nombreux synopsis et aides de jeu utilisables hors de la campagne.<\/p>\n<p>Z-Corps, la nouvelle capitale du Territoire des Morts n\u2019attend plus que vous !<\/p>\n","protected":false},"excerpt":{"rendered":"<p><em>En g\u00e9n\u00e9ral, les catastrophes, personne n\u2019y croit. Jusqu\u2019\u00e0 ce qu\u2019elles se produisent pour de bon. \u00c7a n\u2019a rien \u00e0 voir avec de la b\u00eatise ou de la faiblesse, non, c\u2019est une simple question de nature humaine.<\/em><\/p>\n<p>&#8211; Max Brooks &#8211; World War Z<\/p>\n","protected":false},"featured_media":1339,"comment_status":"open","ping_status":"closed","template":"","meta":{"_uag_custom_page_level_css":"","site-sidebar-layout":"default","site-content-layout":"default","ast-site-content-layout":"default","site-content-style":"default","site-sidebar-style":"default","ast-global-header-display":"","ast-banner-title-visibility":"","ast-main-header-display":"","ast-hfb-above-header-display":"","ast-hfb-below-header-display":"","ast-hfb-mobile-header-display":"","site-post-title":"","ast-breadcrumbs-content":"","ast-featured-img":"","footer-sml-layout":"","ast-disable-related-posts":"","theme-transparent-header-meta":"default","adv-header-id-meta":"","stick-header-meta":"default","header-above-stick-meta":"","header-main-stick-meta":"","header-below-stick-meta":"","astra-migrate-meta-layouts":"default","ast-page-background-enabled":"default","ast-page-background-meta":{"desktop":{"background-color":"","background-image":"","background-repeat":"repeat","background-position":"center center","background-size":"auto","background-attachment":"scroll","background-type":"","background-media":"","overlay-type":"","overlay-color":"","overlay-opacity":"","overlay-gradient":""},"tablet":{"background-color":"","background-image":"","background-repeat":"repeat","background-position":"center center","background-size":"auto","background-attachment":"scroll","background-type":"","background-media":"","overlay-type":"","overlay-color":"","overlay-opacity":"","overlay-gradient":""},"mobile":{"background-color":"","background-image":"","background-repeat":"repeat","background-position":"center center","background-size":"auto","background-attachment":"scroll","background-type":"","background-media":"","overlay-type":"","overlay-color":"","overlay-opacity":"","overlay-gradient":""}},"ast-content-background-meta":{"desktop":{"background-color":"var(--ast-global-color-5)","background-image":"","background-repeat":"repeat","background-position":"center center","background-size":"auto","background-attachment":"scroll","background-type":"","background-media":"","overlay-type":"","overlay-color":"","overlay-opacity":"","overlay-gradient":""},"tablet":{"background-color":"var(--ast-global-color-5)","background-image":"","background-repeat":"repeat","background-position":"center center","background-size":"auto","background-attachment":"scroll","background-type":"","background-media":"","overlay-type":"","overlay-color":"","overlay-opacity":"","overlay-gradient":""},"mobile":{"background-color":"var(--ast-global-color-5)","background-image":"","background-repeat":"repeat","background-position":"center center","background-size":"auto","background-attachment":"scroll","background-type":"","background-media":"","overlay-type":"","overlay-color":"","overlay-opacity":"","overlay-gradient":""}}},"product_brand":[],"product_cat":[63,73,72,64],"product_tag":[83,74,86,76,85,87,84,82],"class_list":{"0":"post-2351","1":"product","2":"type-product","3":"status-publish","4":"has-post-thumbnail","6":"product_cat-jeu-de-roles","7":"product_cat-version-papier","8":"product_cat-version-pdf","9":"product_cat-z-corps","10":"product_tag-apocalypse","11":"product_tag-aventure","12":"product_tag-d6","13":"product_tag-jdr","14":"product_tag-militaire","15":"product_tag-moderne","16":"product_tag-surive","17":"product_tag-zombie","18":"desktop-align-center","19":"tablet-align-center","20":"mobile-align-center","21":"ast-product-gallery-layout-horizontal-slider","22":"ast-product-tabs-layout-horizontal","23":"ast-qv-on-image","25":"first","26":"instock","27":"featured","28":"sold-individually","29":"shipping-taxable","30":"product-type-grouped"},"uagb_featured_image_src":{"full":["https:\/\/www.7emecercle.com\/7C_site\/wp-content\/uploads\/2020\/01\/ZC_DIW_Cover.jpg",707,1000,false],"thumbnail":["https:\/\/www.7emecercle.com\/7C_site\/wp-content\/uploads\/2020\/01\/ZC_DIW_Cover-150x150.jpg",150,150,true],"medium":["https:\/\/www.7emecercle.com\/7C_site\/wp-content\/uploads\/2020\/01\/ZC_DIW_Cover-212x300.jpg",212,300,true],"medium_large":["https:\/\/www.7emecercle.com\/7C_site\/wp-content\/uploads\/2020\/01\/ZC_DIW_Cover.jpg",707,1000,false],"large":["https:\/\/www.7emecercle.com\/7C_site\/wp-content\/uploads\/2020\/01\/ZC_DIW_Cover.jpg",707,1000,false],"1536x1536":["https:\/\/www.7emecercle.com\/7C_site\/wp-content\/uploads\/2020\/01\/ZC_DIW_Cover.jpg",707,1000,false],"2048x2048":["https:\/\/www.7emecercle.com\/7C_site\/wp-content\/uploads\/2020\/01\/ZC_DIW_Cover.jpg",707,1000,false],"woocommerce_thumbnail":["https:\/\/www.7emecercle.com\/7C_site\/wp-content\/uploads\/2020\/01\/ZC_DIW_Cover-300x400.jpg",300,400,true],"woocommerce_single":["https:\/\/www.7emecercle.com\/7C_site\/wp-content\/uploads\/2020\/01\/ZC_DIW_Cover-600x849.jpg",600,849,true],"woocommerce_gallery_thumbnail":["https:\/\/www.7emecercle.com\/7C_site\/wp-content\/uploads\/2020\/01\/ZC_DIW_Cover-100x100.jpg",100,100,true]},"uagb_author_info":{"display_name":"florrent","author_link":"https:\/\/www.7emecercle.com\/7C_site\/author\/"},"uagb_comment_info":0,"uagb_excerpt":"En g\u00e9n\u00e9ral, les catastrophes, personne n\u2019y croit. Jusqu\u2019\u00e0 ce qu\u2019elles se produisent pour de bon. \u00c7a n\u2019a rien \u00e0 voir avec de la b\u00eatise ou de la faiblesse, non, c\u2019est une simple question de nature humaine. - Max Brooks - World War Z","_links":{"self":[{"href":"https:\/\/www.7emecercle.com\/7C_site\/wp-json\/wp\/v2\/product\/2351","targetHints":{"allow":["GET"]}}],"collection":[{"href":"https:\/\/www.7emecercle.com\/7C_site\/wp-json\/wp\/v2\/product"}],"about":[{"href":"https:\/\/www.7emecercle.com\/7C_site\/wp-json\/wp\/v2\/types\/product"}],"replies":[{"embeddable":true,"href":"https:\/\/www.7emecercle.com\/7C_site\/wp-json\/wp\/v2\/comments?post=2351"}],"version-history":[{"count":1,"href":"https:\/\/www.7emecercle.com\/7C_site\/wp-json\/wp\/v2\/product\/2351\/revisions"}],"predecessor-version":[{"id":2352,"href":"https:\/\/www.7emecercle.com\/7C_site\/wp-json\/wp\/v2\/product\/2351\/revisions\/2352"}],"wp:featuredmedia":[{"embeddable":true,"href":"https:\/\/www.7emecercle.com\/7C_site\/wp-json\/wp\/v2\/media\/1339"}],"wp:attachment":[{"href":"https:\/\/www.7emecercle.com\/7C_site\/wp-json\/wp\/v2\/media?parent=2351"}],"wp:term":[{"taxonomy":"product_brand","embeddable":true,"href":"https:\/\/www.7emecercle.com\/7C_site\/wp-json\/wp\/v2\/product_brand?post=2351"},{"taxonomy":"product_cat","embeddable":true,"href":"https:\/\/www.7emecercle.com\/7C_site\/wp-json\/wp\/v2\/product_cat?post=2351"},{"taxonomy":"product_tag","embeddable":true,"href":"https:\/\/www.7emecercle.com\/7C_site\/wp-json\/wp\/v2\/product_tag?post=2351"}],"curies":[{"name":"wp","href":"https:\/\/api.w.org\/{rel}","templated":true}]}}