{"id":2371,"date":"2020-03-21T16:02:46","date_gmt":"2020-03-21T15:02:46","guid":{"rendered":"https:\/\/www.7emecercle.com\/7C_site\/?post_type=product&#038;p=2371"},"modified":"2020-11-05T15:03:49","modified_gmt":"2020-11-05T14:03:49","slug":"yggdrasill-les-9-mondes-2","status":"publish","type":"product","link":"https:\/\/www.7emecercle.com\/7C_site\/produit\/yggdrasill-les-9-mondes-2\/","title":{"rendered":"Yggdrasill &#8211; Les 9 Mondes"},"content":{"rendered":"<p>Voici le second suppl\u00e9ment de la gamme Yggdrasill, consacr\u00e9 \u00e0 la fois aux cr\u00e9atures surnaturelles que l&rsquo;on peut croiser dans Midgardr, le monde des humains, mais aussi dans les autres domaines, avec leurs caract\u00e9ristiques et pouvoirs.<br \/>\n\u00c1lfar, dvergar, g\u00e9ants, et revenants peuplent ces pages afin que le Meneur de Jeu puisse y glaner informations et inspiration pour ses futures parties, des adversaires pour les personnages-joueurs, mais \u00e9galement des alli\u00e9s. Vous y d\u00e9couvrirez \u00e9galement deux sc\u00e9narios. Le premier est la suite de celui du livre de base, mais comme le second, il peut \u00eatre jou\u00e9 en one-shot ou rester int\u00e9gr\u00e9 dans la campagne.<\/p>\n<p>Ce suppl\u00e9ment, les Neuf Mondes, contient :<\/p>\n<p class=\"style2\" align=\"justify\">\u2022 Des descriptions de nombreuses cr\u00e9atures des l\u00e9gendes scandinaves : j\u00f6tnar, \u00e1lfar, dvergar, n\u00e4ck, draugar, huldr, skiptungr, etc.<br \/>\n\u2022 Des textes d&rsquo;ambiance afin de faciliter l&rsquo;immersion des joueurs dans une ambiance empreinte de fantastique.<br \/>\n\u2022 De nombreuses l\u00e9gendes concernant les dieux, pr\u00e9cieuses pour les scaldes.<br \/>\n\u2022 Les caract\u00e9ristiques techniques des cr\u00e9atures et personnages pr\u00e9sent\u00e9s.<br \/>\n\u2022 De nombreux \u00e9l\u00e9ments ludiques in\u00e9dits : pouvoirs, r\u00e9v\u00e9lations sur certains personnages, objets de l\u00e9gende, etc<br \/>\n\u2022 Deux sc\u00e9narios permettant de confronter les personnages aux \u00e9l\u00e9ments surnaturels d&rsquo;Yggdrasill.<\/p>\n","protected":false},"excerpt":{"rendered":"<p style=\"text-align: center;\"><em>\u00ab\u00a0Des secrets des g\u00e9ants<br \/>\nEt de tous les dieux,<br \/>\nJe peux dire la v\u00e9rit\u00e9,<br \/>\nCar dans chaque monde je suis all\u00e9.<br \/>\nDans les Neuf Mondes, je suis all\u00e9&#8230;\u00a0\u00bb <\/em><\/p>\n<p style=\"text-align: center;\">&#8212; Valthrudnismal str.43<\/p>\n","protected":false},"featured_media":1406,"comment_status":"open","ping_status":"closed","template":"","meta":{"_uag_custom_page_level_css":"","site-sidebar-layout":"default","site-content-layout":"default","ast-site-content-layout":"default","site-content-style":"default","site-sidebar-style":"default","ast-global-header-display":"","ast-banner-title-visibility":"","ast-main-header-display":"","ast-hfb-above-header-display":"","ast-hfb-below-header-display":"","ast-hfb-mobile-header-display":"","site-post-title":"","ast-breadcrumbs-content":"","ast-featured-img":"","footer-sml-layout":"","ast-disable-related-posts":"","theme-transparent-header-meta":"default","adv-header-id-meta":"","stick-header-meta":"default","header-above-stick-meta":"","header-main-stick-meta":"","header-below-stick-meta":"","astra-migrate-meta-layouts":"default","ast-page-background-enabled":"default","ast-page-background-meta":{"desktop":{"background-color":"","background-image":"","background-repeat":"repeat","background-position":"center center","background-size":"auto","background-attachment":"scroll","background-type":"","background-media":"","overlay-type":"","overlay-color":"","overlay-opacity":"","overlay-gradient":""},"tablet":{"background-color":"","background-image":"","background-repeat":"repeat","background-position":"center center","background-size":"auto","background-attachment":"scroll","background-type":"","background-media":"","overlay-type":"","overlay-color":"","overlay-opacity":"","overlay-gradient":""},"mobile":{"background-color":"","background-image":"","background-repeat":"repeat","background-position":"center center","background-size":"auto","background-attachment":"scroll","background-type":"","background-media":"","overlay-type":"","overlay-color":"","overlay-opacity":"","overlay-gradient":""}},"ast-content-background-meta":{"desktop":{"background-color":"var(--ast-global-color-5)","background-image":"","background-repeat":"repeat","background-position":"center center","background-size":"auto","background-attachment":"scroll","background-type":"","background-media":"","overlay-type":"","overlay-color":"","overlay-opacity":"","overlay-gradient":""},"tablet":{"background-color":"var(--ast-global-color-5)","background-image":"","background-repeat":"repeat","background-position":"center center","background-size":"auto","background-attachment":"scroll","background-type":"","background-media":"","overlay-type":"","overlay-color":"","overlay-opacity":"","overlay-gradient":""},"mobile":{"background-color":"var(--ast-global-color-5)","background-image":"","background-repeat":"repeat","background-position":"center center","background-size":"auto","background-attachment":"scroll","background-type":"","background-media":"","overlay-type":"","overlay-color":"","overlay-opacity":"","overlay-gradient":""}}},"product_brand":[],"product_cat":[63,73,72,68],"product_tag":[74,81,78,76,79,75,77],"class_list":{"0":"post-2371","1":"product","2":"type-product","3":"status-publish","4":"has-post-thumbnail","6":"product_cat-jeu-de-roles","7":"product_cat-version-papier","8":"product_cat-version-pdf","9":"product_cat-yggdrasill","10":"product_tag-aventure","11":"product_tag-d10","12":"product_tag-heros","13":"product_tag-jdr","14":"product_tag-medieval","15":"product_tag-saga","16":"product_tag-viking","17":"desktop-align-center","18":"tablet-align-center","19":"mobile-align-center","20":"ast-product-gallery-layout-horizontal-slider","21":"ast-product-tabs-layout-horizontal","22":"ast-qv-on-image","24":"first","25":"instock","26":"featured","27":"sold-individually","28":"shipping-taxable","29":"product-type-grouped"},"uagb_featured_image_src":{"full":["https:\/\/www.7emecercle.com\/7C_site\/wp-content\/uploads\/2020\/01\/Ygg_9M_Cover.jpg",566,800,false],"thumbnail":["https:\/\/www.7emecercle.com\/7C_site\/wp-content\/uploads\/2020\/01\/Ygg_9M_Cover-150x150.jpg",150,150,true],"medium":["https:\/\/www.7emecercle.com\/7C_site\/wp-content\/uploads\/2020\/01\/Ygg_9M_Cover-212x300.jpg",212,300,true],"medium_large":["https:\/\/www.7emecercle.com\/7C_site\/wp-content\/uploads\/2020\/01\/Ygg_9M_Cover.jpg",566,800,false],"large":["https:\/\/www.7emecercle.com\/7C_site\/wp-content\/uploads\/2020\/01\/Ygg_9M_Cover.jpg",566,800,false],"1536x1536":["https:\/\/www.7emecercle.com\/7C_site\/wp-content\/uploads\/2020\/01\/Ygg_9M_Cover.jpg",566,800,false],"2048x2048":["https:\/\/www.7emecercle.com\/7C_site\/wp-content\/uploads\/2020\/01\/Ygg_9M_Cover.jpg",566,800,false],"woocommerce_thumbnail":["https:\/\/www.7emecercle.com\/7C_site\/wp-content\/uploads\/2020\/01\/Ygg_9M_Cover-300x400.jpg",300,400,true],"woocommerce_single":["https:\/\/www.7emecercle.com\/7C_site\/wp-content\/uploads\/2020\/01\/Ygg_9M_Cover.jpg",566,800,false],"woocommerce_gallery_thumbnail":["https:\/\/www.7emecercle.com\/7C_site\/wp-content\/uploads\/2020\/01\/Ygg_9M_Cover-100x100.jpg",100,100,true]},"uagb_author_info":{"display_name":"florrent","author_link":"https:\/\/www.7emecercle.com\/7C_site\/author\/"},"uagb_comment_info":0,"uagb_excerpt":"\"Des secrets des g\u00e9ants Et de tous les dieux, Je peux dire la v\u00e9rit\u00e9, Car dans chaque monde je suis all\u00e9. Dans les Neuf Mondes, je suis all\u00e9...\" -- Valthrudnismal str.43","_links":{"self":[{"href":"https:\/\/www.7emecercle.com\/7C_site\/wp-json\/wp\/v2\/product\/2371","targetHints":{"allow":["GET"]}}],"collection":[{"href":"https:\/\/www.7emecercle.com\/7C_site\/wp-json\/wp\/v2\/product"}],"about":[{"href":"https:\/\/www.7emecercle.com\/7C_site\/wp-json\/wp\/v2\/types\/product"}],"replies":[{"embeddable":true,"href":"https:\/\/www.7emecercle.com\/7C_site\/wp-json\/wp\/v2\/comments?post=2371"}],"version-history":[{"count":1,"href":"https:\/\/www.7emecercle.com\/7C_site\/wp-json\/wp\/v2\/product\/2371\/revisions"}],"predecessor-version":[{"id":2372,"href":"https:\/\/www.7emecercle.com\/7C_site\/wp-json\/wp\/v2\/product\/2371\/revisions\/2372"}],"wp:featuredmedia":[{"embeddable":true,"href":"https:\/\/www.7emecercle.com\/7C_site\/wp-json\/wp\/v2\/media\/1406"}],"wp:attachment":[{"href":"https:\/\/www.7emecercle.com\/7C_site\/wp-json\/wp\/v2\/media?parent=2371"}],"wp:term":[{"taxonomy":"product_brand","embeddable":true,"href":"https:\/\/www.7emecercle.com\/7C_site\/wp-json\/wp\/v2\/product_brand?post=2371"},{"taxonomy":"product_cat","embeddable":true,"href":"https:\/\/www.7emecercle.com\/7C_site\/wp-json\/wp\/v2\/product_cat?post=2371"},{"taxonomy":"product_tag","embeddable":true,"href":"https:\/\/www.7emecercle.com\/7C_site\/wp-json\/wp\/v2\/product_tag?post=2371"}],"curies":[{"name":"wp","href":"https:\/\/api.w.org\/{rel}","templated":true}]}}