{"id":2380,"date":"2020-03-21T16:07:37","date_gmt":"2020-03-21T15:07:37","guid":{"rendered":"https:\/\/www.7emecercle.com\/7C_site\/?post_type=product&#038;p=2380"},"modified":"2020-04-09T17:08:48","modified_gmt":"2020-04-09T15:08:48","slug":"yggdrasill-les-fils-dhalfdan-2","status":"publish","type":"product","link":"https:\/\/www.7emecercle.com\/7C_site\/produit\/yggdrasill-les-fils-dhalfdan-2\/","title":{"rendered":"Yggdrasill &#8211; Les Fils d&rsquo;Halfdan"},"content":{"rendered":"<p>Les h\u00e9ros ont mis Adhils, le neveu d&rsquo;Egil, sur le tr\u00f4ne du Svithjodh. Mais le Destin leur fait \u00e0 nouveau signe. Ils ont beau \u00eatre pardonn\u00e9s et pouvoir rentrer de leur exil forc\u00e9, supporteront-ils de vivre sous les ordres du fratricide souverain, Frodi du Danemark\u00a0? Ou bien rejoindront-ils les rebelles qui veulent mettre les h\u00e9ritiers l\u00e9gitimes sur le tr\u00f4ne de leur pays, les fils d&rsquo;Halfdan, ce roi assassin\u00e9 par son fr\u00e8re\u00a0?<\/p>\n<p>Du banquet royal \u00e0 l&rsquo;assaut de Hleidra, en passant par le domaine des d\u00f6kkalfars ou le Fort de Nj\u00f6rd, palais du roi Hring, les chemins escarp\u00e9s de l&rsquo;aventure s&rsquo;ouvrent \u00e0 nouveau et peut-\u00eatre pour la derni\u00e8re fois devant les h\u00e9ros chant\u00e9s par les scaldes.<\/p>\n<p>Voici le dernier volet de la premi\u00e8re campagne d&rsquo;Yggdrasill.<br \/>\nLes personnages ont d\u00e9j\u00e0 acquis notori\u00e9t\u00e9 et richesses durant les aventures pr\u00e9c\u00e9dentes. Les vierges d&rsquo;Odhinn viendront-elles les chercher sous les murailles de Hleidra\u00a0?<\/p>\n","protected":false},"excerpt":{"rendered":"<p style=\"text-align: center;\"><em>\u00ab\u00a0Jadis il s&rsquo;est trouv\u00e9 que les porteurs d&rsquo;\u00e9p\u00e9e<br \/>\nRougirent le sol<br \/>\nDu sang de leur roi\u2026\u00a0\u00bb<\/em><\/p>\n<p style=\"text-align: center;\">&#8212; Ynglinga saga<\/p>\n<p>&nbsp;<\/p>\n","protected":false},"featured_media":1414,"comment_status":"open","ping_status":"closed","template":"","meta":{"_uag_custom_page_level_css":"","site-sidebar-layout":"default","site-content-layout":"default","ast-site-content-layout":"default","site-content-style":"default","site-sidebar-style":"default","ast-global-header-display":"","ast-banner-title-visibility":"","ast-main-header-display":"","ast-hfb-above-header-display":"","ast-hfb-below-header-display":"","ast-hfb-mobile-header-display":"","site-post-title":"","ast-breadcrumbs-content":"","ast-featured-img":"","footer-sml-layout":"","ast-disable-related-posts":"","theme-transparent-header-meta":"default","adv-header-id-meta":"","stick-header-meta":"default","header-above-stick-meta":"","header-main-stick-meta":"","header-below-stick-meta":"","astra-migrate-meta-layouts":"default","ast-page-background-enabled":"default","ast-page-background-meta":{"desktop":{"background-color":"","background-image":"","background-repeat":"repeat","background-position":"center center","background-size":"auto","background-attachment":"scroll","background-type":"","background-media":"","overlay-type":"","overlay-color":"","overlay-opacity":"","overlay-gradient":""},"tablet":{"background-color":"","background-image":"","background-repeat":"repeat","background-position":"center center","background-size":"auto","background-attachment":"scroll","background-type":"","background-media":"","overlay-type":"","overlay-color":"","overlay-opacity":"","overlay-gradient":""},"mobile":{"background-color":"","background-image":"","background-repeat":"repeat","background-position":"center center","background-size":"auto","background-attachment":"scroll","background-type":"","background-media":"","overlay-type":"","overlay-color":"","overlay-opacity":"","overlay-gradient":""}},"ast-content-background-meta":{"desktop":{"background-color":"var(--ast-global-color-5)","background-image":"","background-repeat":"repeat","background-position":"center center","background-size":"auto","background-attachment":"scroll","background-type":"","background-media":"","overlay-type":"","overlay-color":"","overlay-opacity":"","overlay-gradient":""},"tablet":{"background-color":"var(--ast-global-color-5)","background-image":"","background-repeat":"repeat","background-position":"center center","background-size":"auto","background-attachment":"scroll","background-type":"","background-media":"","overlay-type":"","overlay-color":"","overlay-opacity":"","overlay-gradient":""},"mobile":{"background-color":"var(--ast-global-color-5)","background-image":"","background-repeat":"repeat","background-position":"center center","background-size":"auto","background-attachment":"scroll","background-type":"","background-media":"","overlay-type":"","overlay-color":"","overlay-opacity":"","overlay-gradient":""}}},"product_brand":[],"product_cat":[63,73,72,68],"product_tag":[74,81,78,80,76,79,75,77],"class_list":{"0":"post-2380","1":"product","2":"type-product","3":"status-publish","4":"has-post-thumbnail","6":"product_cat-jeu-de-roles","7":"product_cat-version-papier","8":"product_cat-version-pdf","9":"product_cat-yggdrasill","10":"product_tag-aventure","11":"product_tag-d10","12":"product_tag-heros","13":"product_tag-historique","14":"product_tag-jdr","15":"product_tag-medieval","16":"product_tag-saga","17":"product_tag-viking","18":"desktop-align-center","19":"tablet-align-center","20":"mobile-align-center","21":"ast-product-gallery-layout-horizontal-slider","22":"ast-product-tabs-layout-horizontal","23":"ast-qv-on-image","25":"first","26":"instock","27":"sold-individually","28":"shipping-taxable","29":"product-type-grouped"},"uagb_featured_image_src":{"full":["https:\/\/www.7emecercle.com\/7C_site\/wp-content\/uploads\/2020\/01\/Ygg_LFH_Cover.jpg",566,800,false],"thumbnail":["https:\/\/www.7emecercle.com\/7C_site\/wp-content\/uploads\/2020\/01\/Ygg_LFH_Cover-150x150.jpg",150,150,true],"medium":["https:\/\/www.7emecercle.com\/7C_site\/wp-content\/uploads\/2020\/01\/Ygg_LFH_Cover-212x300.jpg",212,300,true],"medium_large":["https:\/\/www.7emecercle.com\/7C_site\/wp-content\/uploads\/2020\/01\/Ygg_LFH_Cover.jpg",566,800,false],"large":["https:\/\/www.7emecercle.com\/7C_site\/wp-content\/uploads\/2020\/01\/Ygg_LFH_Cover.jpg",566,800,false],"1536x1536":["https:\/\/www.7emecercle.com\/7C_site\/wp-content\/uploads\/2020\/01\/Ygg_LFH_Cover.jpg",566,800,false],"2048x2048":["https:\/\/www.7emecercle.com\/7C_site\/wp-content\/uploads\/2020\/01\/Ygg_LFH_Cover.jpg",566,800,false],"woocommerce_thumbnail":["https:\/\/www.7emecercle.com\/7C_site\/wp-content\/uploads\/2020\/01\/Ygg_LFH_Cover-300x400.jpg",300,400,true],"woocommerce_single":["https:\/\/www.7emecercle.com\/7C_site\/wp-content\/uploads\/2020\/01\/Ygg_LFH_Cover.jpg",566,800,false],"woocommerce_gallery_thumbnail":["https:\/\/www.7emecercle.com\/7C_site\/wp-content\/uploads\/2020\/01\/Ygg_LFH_Cover-100x100.jpg",100,100,true]},"uagb_author_info":{"display_name":"florrent","author_link":"https:\/\/www.7emecercle.com\/7C_site\/author\/"},"uagb_comment_info":0,"uagb_excerpt":"\u00ab\u00a0Jadis il s'est trouv\u00e9 que les porteurs d'\u00e9p\u00e9e Rougirent le sol Du sang de leur roi\u2026\u00a0\u00bb -- Ynglinga saga &nbsp;","_links":{"self":[{"href":"https:\/\/www.7emecercle.com\/7C_site\/wp-json\/wp\/v2\/product\/2380","targetHints":{"allow":["GET"]}}],"collection":[{"href":"https:\/\/www.7emecercle.com\/7C_site\/wp-json\/wp\/v2\/product"}],"about":[{"href":"https:\/\/www.7emecercle.com\/7C_site\/wp-json\/wp\/v2\/types\/product"}],"replies":[{"embeddable":true,"href":"https:\/\/www.7emecercle.com\/7C_site\/wp-json\/wp\/v2\/comments?post=2380"}],"version-history":[{"count":1,"href":"https:\/\/www.7emecercle.com\/7C_site\/wp-json\/wp\/v2\/product\/2380\/revisions"}],"predecessor-version":[{"id":2381,"href":"https:\/\/www.7emecercle.com\/7C_site\/wp-json\/wp\/v2\/product\/2380\/revisions\/2381"}],"wp:featuredmedia":[{"embeddable":true,"href":"https:\/\/www.7emecercle.com\/7C_site\/wp-json\/wp\/v2\/media\/1414"}],"wp:attachment":[{"href":"https:\/\/www.7emecercle.com\/7C_site\/wp-json\/wp\/v2\/media?parent=2380"}],"wp:term":[{"taxonomy":"product_brand","embeddable":true,"href":"https:\/\/www.7emecercle.com\/7C_site\/wp-json\/wp\/v2\/product_brand?post=2380"},{"taxonomy":"product_cat","embeddable":true,"href":"https:\/\/www.7emecercle.com\/7C_site\/wp-json\/wp\/v2\/product_cat?post=2380"},{"taxonomy":"product_tag","embeddable":true,"href":"https:\/\/www.7emecercle.com\/7C_site\/wp-json\/wp\/v2\/product_tag?post=2380"}],"curies":[{"name":"wp","href":"https:\/\/api.w.org\/{rel}","templated":true}]}}