{"id":2385,"date":"2020-03-21T16:10:42","date_gmt":"2020-03-21T15:10:42","guid":{"rendered":"https:\/\/www.7emecercle.com\/7C_site\/?post_type=product&#038;p=2385"},"modified":"2020-04-09T17:09:25","modified_gmt":"2020-04-09T15:09:25","slug":"yggdrasill-uppsala-2","status":"publish","type":"product","link":"https:\/\/www.7emecercle.com\/7C_site\/produit\/yggdrasill-uppsala-2\/","title":{"rendered":"Yggdrasill &#8211; Uppsala"},"content":{"rendered":"<p>Une ann\u00e9e s\u2019est \u00e9coul\u00e9e. Il est temps pour nos h\u00e9ros de quitter leur comptoir de Brenna et de se rendre \u00e0 Uppsala, joyau de la couronne du Svithjodh, patrie de Freyr, o\u00f9 tr\u00f4ne le roi-sorcier Egil.<\/p>\n<p>Uppsala, la ville mythique, centre commercial et politique mais surtout sacr\u00e9, la ville au temple d\u2019or accueillera \u00e0 bras ouverts les h\u00e9ros d\u00e9j\u00e0 chant\u00e9s par les scaldes, entra\u00een\u00e9s ici par le Destin. Sauront-ils d\u00e9jouer les pi\u00e8ges que la cit\u00e9 dissimule, distinguer leurs amis de leurs ennemis, soutenir le juste successeur du roi d\u00e9ment ?<\/p>\n<p>Et surtout sauront-ils d\u00e9couvrir en changeant l\u2019histoire du Svithjodh, la cl\u00e9 de la d\u00e9livrance de leur propre foyer, le Danemark ?<\/p>\n<p>Dans ce suppl\u00e9ment, vous d\u00e9couvrirez :<\/p>\n<p>\u2022 De nouvelles caract\u00e9risations<br \/>\n\u2022 De nouveaux sorts de Sejdr<br \/>\n\u2022 La description de la ville d\u2019Uppsala, de ses environs et ses sp\u00e9cificit\u00e9s<br \/>\n\u2022 La g\u00e9n\u00e9alogie compl\u00e8te des rois Ynglingar depuis leur origine l\u00e9gendaire.<br \/>\n\u2022 \u201cLes boucliers blancs\u201d, un sc\u00e9nario jouable en dehors de la campagne ou en interm\u00e8de.<br \/>\n\u2022 \u201cFer et sang\u201d, la suite de la campagne, en trois chapitres, utilisables \u00e0 la suite, seuls ou en boite \u00e0 outils pour vos propres sc\u00e9narios et campagnes.<br \/>\nHommes du Nord ! Ici naissent les l\u00e9gendes !<\/p>\n","protected":false},"excerpt":{"rendered":"<p style=\"text-align: center;\"><em>Alors commen\u00e7a la richesse d\u2019Uppsala<\/em><br \/>\n<em> Et elle s\u2019est toujours maintenue depuis.\u201d<\/em><\/p>\n<p style=\"text-align: center;\">&#8212; Ynglinga saga ch.10<\/p>\n","protected":false},"featured_media":1418,"comment_status":"open","ping_status":"closed","template":"","meta":{"_uag_custom_page_level_css":"","site-sidebar-layout":"default","site-content-layout":"default","ast-site-content-layout":"default","site-content-style":"default","site-sidebar-style":"default","ast-global-header-display":"","ast-banner-title-visibility":"","ast-main-header-display":"","ast-hfb-above-header-display":"","ast-hfb-below-header-display":"","ast-hfb-mobile-header-display":"","site-post-title":"","ast-breadcrumbs-content":"","ast-featured-img":"","footer-sml-layout":"","ast-disable-related-posts":"","theme-transparent-header-meta":"default","adv-header-id-meta":"","stick-header-meta":"default","header-above-stick-meta":"","header-main-stick-meta":"","header-below-stick-meta":"","astra-migrate-meta-layouts":"default","ast-page-background-enabled":"default","ast-page-background-meta":{"desktop":{"background-color":"","background-image":"","background-repeat":"repeat","background-position":"center center","background-size":"auto","background-attachment":"scroll","background-type":"","background-media":"","overlay-type":"","overlay-color":"","overlay-opacity":"","overlay-gradient":""},"tablet":{"background-color":"","background-image":"","background-repeat":"repeat","background-position":"center center","background-size":"auto","background-attachment":"scroll","background-type":"","background-media":"","overlay-type":"","overlay-color":"","overlay-opacity":"","overlay-gradient":""},"mobile":{"background-color":"","background-image":"","background-repeat":"repeat","background-position":"center center","background-size":"auto","background-attachment":"scroll","background-type":"","background-media":"","overlay-type":"","overlay-color":"","overlay-opacity":"","overlay-gradient":""}},"ast-content-background-meta":{"desktop":{"background-color":"var(--ast-global-color-5)","background-image":"","background-repeat":"repeat","background-position":"center center","background-size":"auto","background-attachment":"scroll","background-type":"","background-media":"","overlay-type":"","overlay-color":"","overlay-opacity":"","overlay-gradient":""},"tablet":{"background-color":"var(--ast-global-color-5)","background-image":"","background-repeat":"repeat","background-position":"center center","background-size":"auto","background-attachment":"scroll","background-type":"","background-media":"","overlay-type":"","overlay-color":"","overlay-opacity":"","overlay-gradient":""},"mobile":{"background-color":"var(--ast-global-color-5)","background-image":"","background-repeat":"repeat","background-position":"center center","background-size":"auto","background-attachment":"scroll","background-type":"","background-media":"","overlay-type":"","overlay-color":"","overlay-opacity":"","overlay-gradient":""}}},"product_brand":[],"product_cat":[63,73,72,68],"product_tag":[74,81,78,80,76,79,75,77],"class_list":{"0":"post-2385","1":"product","2":"type-product","3":"status-publish","4":"has-post-thumbnail","6":"product_cat-jeu-de-roles","7":"product_cat-version-papier","8":"product_cat-version-pdf","9":"product_cat-yggdrasill","10":"product_tag-aventure","11":"product_tag-d10","12":"product_tag-heros","13":"product_tag-historique","14":"product_tag-jdr","15":"product_tag-medieval","16":"product_tag-saga","17":"product_tag-viking","18":"desktop-align-center","19":"tablet-align-center","20":"mobile-align-center","21":"ast-product-gallery-layout-horizontal-slider","22":"ast-product-tabs-layout-horizontal","23":"ast-qv-on-image","25":"first","26":"instock","27":"sold-individually","28":"shipping-taxable","29":"product-type-grouped"},"uagb_featured_image_src":{"full":["https:\/\/www.7emecercle.com\/7C_site\/wp-content\/uploads\/2020\/01\/Ygg_Upp_Cover.jpg",566,800,false],"thumbnail":["https:\/\/www.7emecercle.com\/7C_site\/wp-content\/uploads\/2020\/01\/Ygg_Upp_Cover-150x150.jpg",150,150,true],"medium":["https:\/\/www.7emecercle.com\/7C_site\/wp-content\/uploads\/2020\/01\/Ygg_Upp_Cover-212x300.jpg",212,300,true],"medium_large":["https:\/\/www.7emecercle.com\/7C_site\/wp-content\/uploads\/2020\/01\/Ygg_Upp_Cover.jpg",566,800,false],"large":["https:\/\/www.7emecercle.com\/7C_site\/wp-content\/uploads\/2020\/01\/Ygg_Upp_Cover.jpg",566,800,false],"1536x1536":["https:\/\/www.7emecercle.com\/7C_site\/wp-content\/uploads\/2020\/01\/Ygg_Upp_Cover.jpg",566,800,false],"2048x2048":["https:\/\/www.7emecercle.com\/7C_site\/wp-content\/uploads\/2020\/01\/Ygg_Upp_Cover.jpg",566,800,false],"woocommerce_thumbnail":["https:\/\/www.7emecercle.com\/7C_site\/wp-content\/uploads\/2020\/01\/Ygg_Upp_Cover-300x400.jpg",300,400,true],"woocommerce_single":["https:\/\/www.7emecercle.com\/7C_site\/wp-content\/uploads\/2020\/01\/Ygg_Upp_Cover.jpg",566,800,false],"woocommerce_gallery_thumbnail":["https:\/\/www.7emecercle.com\/7C_site\/wp-content\/uploads\/2020\/01\/Ygg_Upp_Cover-100x100.jpg",100,100,true]},"uagb_author_info":{"display_name":"florrent","author_link":"https:\/\/www.7emecercle.com\/7C_site\/author\/"},"uagb_comment_info":0,"uagb_excerpt":"Alors commen\u00e7a la richesse d\u2019Uppsala Et elle s\u2019est toujours maintenue depuis.\u201d -- Ynglinga saga ch.10","_links":{"self":[{"href":"https:\/\/www.7emecercle.com\/7C_site\/wp-json\/wp\/v2\/product\/2385","targetHints":{"allow":["GET"]}}],"collection":[{"href":"https:\/\/www.7emecercle.com\/7C_site\/wp-json\/wp\/v2\/product"}],"about":[{"href":"https:\/\/www.7emecercle.com\/7C_site\/wp-json\/wp\/v2\/types\/product"}],"replies":[{"embeddable":true,"href":"https:\/\/www.7emecercle.com\/7C_site\/wp-json\/wp\/v2\/comments?post=2385"}],"version-history":[{"count":1,"href":"https:\/\/www.7emecercle.com\/7C_site\/wp-json\/wp\/v2\/product\/2385\/revisions"}],"predecessor-version":[{"id":2386,"href":"https:\/\/www.7emecercle.com\/7C_site\/wp-json\/wp\/v2\/product\/2385\/revisions\/2386"}],"wp:featuredmedia":[{"embeddable":true,"href":"https:\/\/www.7emecercle.com\/7C_site\/wp-json\/wp\/v2\/media\/1418"}],"wp:attachment":[{"href":"https:\/\/www.7emecercle.com\/7C_site\/wp-json\/wp\/v2\/media?parent=2385"}],"wp:term":[{"taxonomy":"product_brand","embeddable":true,"href":"https:\/\/www.7emecercle.com\/7C_site\/wp-json\/wp\/v2\/product_brand?post=2385"},{"taxonomy":"product_cat","embeddable":true,"href":"https:\/\/www.7emecercle.com\/7C_site\/wp-json\/wp\/v2\/product_cat?post=2385"},{"taxonomy":"product_tag","embeddable":true,"href":"https:\/\/www.7emecercle.com\/7C_site\/wp-json\/wp\/v2\/product_tag?post=2385"}],"curies":[{"name":"wp","href":"https:\/\/api.w.org\/{rel}","templated":true}]}}