{"id":2404,"date":"2020-03-21T16:30:03","date_gmt":"2020-03-21T15:30:03","guid":{"rendered":"https:\/\/www.7emecercle.com\/7C_site\/?post_type=product&#038;p=2404"},"modified":"2020-04-09T17:26:00","modified_gmt":"2020-04-09T15:26:00","slug":"shayo-shinonome-2","status":"publish","type":"product","link":"https:\/\/www.7emecercle.com\/7C_site\/produit\/shayo-shinonome-2\/","title":{"rendered":"Shay\u00f4 &#8211; Shinonome"},"content":{"rendered":"<p class=\"p1\"><span class=\"Apple-converted-space\">\u00a0 <\/span>Ce premier suppl\u00e9ment pour <i>Shay\u00f4<\/i> pr\u00e9sente en d\u00e9tails la ville capitale d\u2019Hi-no-moto, r\u00e9sidence du <i>Tenn\u00f4 Heika<\/i>, les temples et institutions principales, les factions en pr\u00e9sence et <i>Shitamachi<\/i>, la Ville d\u2019en dessous, ultime refuge des mutants. Vous d\u00e9couvrirez ensuite de nouvelles options avec leurs exemples de villages \u00e0 exploiter, comme les villages libres, des occupations et jeux in\u00e9dits de l\u2019archipel, de nouvelles cr\u00e9atures terrifiantes, ainsi qu\u2019une toute nouvelle faction, le <i>Pachinkobatsu<\/i>.<\/p>\n<p class=\"p1\"><span class=\"Apple-converted-space\">\u00a0 <\/span>Deux sc\u00e9narios compl\u00e8tent cet ouvrage.<\/p>\n<p class=\"p1\"><span class=\"s1\"><span class=\"Apple-converted-space\">\u00a0 <\/span>Le premier, <i>Le d\u00e9mon du jeu<\/i>, est un <i>one-shot<\/i> ind\u00e9pendant, li\u00e9 \u00e0 la d\u00e9couverte de la nouvelle faction. Il peut servir de sc\u00e9nario interm\u00e9diaire dans une campagne. Le second, <i>L\u2019\u0152il de Namazu<\/i>, constitue le point de d\u00e9part de la campagne de <i>Shay\u00f4<\/i>, \u00e0 la d\u00e9couverte des secrets du jeu<\/span><\/p>\n","protected":false},"excerpt":{"rendered":"<p class=\"p1\"><em>Dans ce monde,<\/em><br \/>\n<em>Nous marchons<\/em><br \/>\n<em>Sur le toit de l\u2019Enfer,<\/em><br \/>\n<em>En contemplant les fleurs.<\/em><\/p>\n<p class=\"p1\">Issa<\/p>\n","protected":false},"featured_media":1404,"comment_status":"open","ping_status":"closed","template":"","meta":{"_uag_custom_page_level_css":"","site-sidebar-layout":"default","site-content-layout":"default","ast-site-content-layout":"default","site-content-style":"default","site-sidebar-style":"default","ast-global-header-display":"","ast-banner-title-visibility":"","ast-main-header-display":"","ast-hfb-above-header-display":"","ast-hfb-below-header-display":"","ast-hfb-mobile-header-display":"","site-post-title":"","ast-breadcrumbs-content":"","ast-featured-img":"","footer-sml-layout":"","ast-disable-related-posts":"","theme-transparent-header-meta":"default","adv-header-id-meta":"","stick-header-meta":"default","header-above-stick-meta":"","header-main-stick-meta":"","header-below-stick-meta":"","astra-migrate-meta-layouts":"default","ast-page-background-enabled":"default","ast-page-background-meta":{"desktop":{"background-color":"","background-image":"","background-repeat":"repeat","background-position":"center center","background-size":"auto","background-attachment":"scroll","background-type":"","background-media":"","overlay-type":"","overlay-color":"","overlay-opacity":"","overlay-gradient":""},"tablet":{"background-color":"","background-image":"","background-repeat":"repeat","background-position":"center center","background-size":"auto","background-attachment":"scroll","background-type":"","background-media":"","overlay-type":"","overlay-color":"","overlay-opacity":"","overlay-gradient":""},"mobile":{"background-color":"","background-image":"","background-repeat":"repeat","background-position":"center center","background-size":"auto","background-attachment":"scroll","background-type":"","background-media":"","overlay-type":"","overlay-color":"","overlay-opacity":"","overlay-gradient":""}},"ast-content-background-meta":{"desktop":{"background-color":"var(--ast-global-color-5)","background-image":"","background-repeat":"repeat","background-position":"center center","background-size":"auto","background-attachment":"scroll","background-type":"","background-media":"","overlay-type":"","overlay-color":"","overlay-opacity":"","overlay-gradient":""},"tablet":{"background-color":"var(--ast-global-color-5)","background-image":"","background-repeat":"repeat","background-position":"center center","background-size":"auto","background-attachment":"scroll","background-type":"","background-media":"","overlay-type":"","overlay-color":"","overlay-opacity":"","overlay-gradient":""},"mobile":{"background-color":"var(--ast-global-color-5)","background-image":"","background-repeat":"repeat","background-position":"center center","background-size":"auto","background-attachment":"scroll","background-type":"","background-media":"","overlay-type":"","overlay-color":"","overlay-opacity":"","overlay-gradient":""}}},"product_brand":[],"product_cat":[63,67,73,72],"product_tag":[83,74,81,78,88,76,91,79,90,89],"class_list":{"0":"post-2404","1":"product","2":"type-product","3":"status-publish","4":"has-post-thumbnail","6":"product_cat-jeu-de-roles","7":"product_cat-shayo","8":"product_cat-version-papier","9":"product_cat-version-pdf","10":"product_tag-apocalypse","11":"product_tag-aventure","12":"product_tag-d10","13":"product_tag-heros","14":"product_tag-japon","15":"product_tag-jdr","16":"product_tag-magie","17":"product_tag-medieval","18":"product_tag-ninja","19":"product_tag-samourai","20":"desktop-align-center","21":"tablet-align-center","22":"mobile-align-center","23":"ast-product-gallery-layout-horizontal-slider","24":"ast-product-tabs-layout-horizontal","25":"ast-qv-on-image","27":"first","28":"instock","29":"featured","30":"sold-individually","31":"shipping-taxable","32":"product-type-grouped"},"uagb_featured_image_src":{"full":["https:\/\/www.7emecercle.com\/7C_site\/wp-content\/uploads\/2020\/01\/Shayo_Shinonome_Cover.jpg",604,859,false],"thumbnail":["https:\/\/www.7emecercle.com\/7C_site\/wp-content\/uploads\/2020\/01\/Shayo_Shinonome_Cover-150x150.jpg",150,150,true],"medium":["https:\/\/www.7emecercle.com\/7C_site\/wp-content\/uploads\/2020\/01\/Shayo_Shinonome_Cover-211x300.jpg",211,300,true],"medium_large":["https:\/\/www.7emecercle.com\/7C_site\/wp-content\/uploads\/2020\/01\/Shayo_Shinonome_Cover.jpg",604,859,false],"large":["https:\/\/www.7emecercle.com\/7C_site\/wp-content\/uploads\/2020\/01\/Shayo_Shinonome_Cover.jpg",604,859,false],"1536x1536":["https:\/\/www.7emecercle.com\/7C_site\/wp-content\/uploads\/2020\/01\/Shayo_Shinonome_Cover.jpg",604,859,false],"2048x2048":["https:\/\/www.7emecercle.com\/7C_site\/wp-content\/uploads\/2020\/01\/Shayo_Shinonome_Cover.jpg",604,859,false],"woocommerce_thumbnail":["https:\/\/www.7emecercle.com\/7C_site\/wp-content\/uploads\/2020\/01\/Shayo_Shinonome_Cover-300x400.jpg",300,400,true],"woocommerce_single":["https:\/\/www.7emecercle.com\/7C_site\/wp-content\/uploads\/2020\/01\/Shayo_Shinonome_Cover-600x853.jpg",600,853,true],"woocommerce_gallery_thumbnail":["https:\/\/www.7emecercle.com\/7C_site\/wp-content\/uploads\/2020\/01\/Shayo_Shinonome_Cover-100x100.jpg",100,100,true]},"uagb_author_info":{"display_name":"florrent","author_link":"https:\/\/www.7emecercle.com\/7C_site\/author\/"},"uagb_comment_info":0,"uagb_excerpt":"Dans ce monde, Nous marchons Sur le toit de l\u2019Enfer, En contemplant les fleurs. Issa","_links":{"self":[{"href":"https:\/\/www.7emecercle.com\/7C_site\/wp-json\/wp\/v2\/product\/2404","targetHints":{"allow":["GET"]}}],"collection":[{"href":"https:\/\/www.7emecercle.com\/7C_site\/wp-json\/wp\/v2\/product"}],"about":[{"href":"https:\/\/www.7emecercle.com\/7C_site\/wp-json\/wp\/v2\/types\/product"}],"replies":[{"embeddable":true,"href":"https:\/\/www.7emecercle.com\/7C_site\/wp-json\/wp\/v2\/comments?post=2404"}],"version-history":[{"count":1,"href":"https:\/\/www.7emecercle.com\/7C_site\/wp-json\/wp\/v2\/product\/2404\/revisions"}],"predecessor-version":[{"id":2405,"href":"https:\/\/www.7emecercle.com\/7C_site\/wp-json\/wp\/v2\/product\/2404\/revisions\/2405"}],"wp:featuredmedia":[{"embeddable":true,"href":"https:\/\/www.7emecercle.com\/7C_site\/wp-json\/wp\/v2\/media\/1404"}],"wp:attachment":[{"href":"https:\/\/www.7emecercle.com\/7C_site\/wp-json\/wp\/v2\/media?parent=2404"}],"wp:term":[{"taxonomy":"product_brand","embeddable":true,"href":"https:\/\/www.7emecercle.com\/7C_site\/wp-json\/wp\/v2\/product_brand?post=2404"},{"taxonomy":"product_cat","embeddable":true,"href":"https:\/\/www.7emecercle.com\/7C_site\/wp-json\/wp\/v2\/product_cat?post=2404"},{"taxonomy":"product_tag","embeddable":true,"href":"https:\/\/www.7emecercle.com\/7C_site\/wp-json\/wp\/v2\/product_tag?post=2404"}],"curies":[{"name":"wp","href":"https:\/\/api.w.org\/{rel}","templated":true}]}}