{"id":2415,"date":"2020-03-22T14:19:48","date_gmt":"2020-03-22T13:19:48","guid":{"rendered":"https:\/\/www.7emecercle.com\/7C_site\/?post_type=product&#038;p=2415"},"modified":"2020-03-22T14:20:46","modified_gmt":"2020-03-22T13:20:46","slug":"keltia-mynydd-baddon-2","status":"publish","type":"product","link":"https:\/\/www.7emecercle.com\/7C_site\/produit\/keltia-mynydd-baddon-2\/","title":{"rendered":"Keltia &#8211; Mynydd Baddon"},"content":{"rendered":"<p class=\"p1\"><span class=\"s1\">Que serait l\u2019histoire d\u2019Arthur Pendraeg sans ses fameuses batailles\u00a0?<\/span><\/p>\n<p class=\"p1\"><span class=\"s1\"> Celle de Mynidd Baddon apportera paix et prosp\u00e9rit\u00e9 \u00e0 Ynis Prydein et m\u00e8nera au couronnement du Haut-roi de l\u2019\u00cele des Braves. De nombreuses p\u00e9rip\u00e9ties attendent nos h\u00e9ros\u00a0!<\/span><\/p>\n<p class=\"p1\">Vous trouverez dans le suppl\u00e9ment Mynidd Baddon\u00a0:<br \/>\n<span class=\"s1\">\u2022 des renseignements sur la vie d\u2019un teulu, de l\u2019entra\u00eenement au partage du butin.<br \/>\n<\/span>\u2022 de nouveaux PNJ, membres de <i>teulu<\/i>.<br \/>\n\u2022 une explication des strat\u00e9gies guerri\u00e8res.<br \/>\n\u2022 quelques renseignements sur les <i>Sa\u00efs <\/i>et leur invasion.<br \/>\n\u2022 des r\u00e8gles pour le combat de masse et l\u2019implication des PJ.<br \/>\n\u2022 un sc\u00e9nario ind\u00e9pendant pouvant \u00eatre rattach\u00e9 \u00e0 la campagne, <i>Les mines maudites<\/i>.<br \/>\n\u2022 la suite de la campagne\u00a0: <i>Sous la Banni\u00e8re du Peuple du Vent<\/i>.<\/p>\n","protected":false},"excerpt":{"rendered":"<p style=\"text-align: center;\"><em>T\u00f4t il se leva, au point du jour,<\/em><br \/>\n<em>Pour un combat de lance devant le front.<\/em><br \/>\n<em>Une br\u00e8che, une perc\u00e9e flamboyante,<\/em><br \/>\n<em>Comme un sanglier il chargea la colline.<\/em><br \/>\n<em>Il \u00e9tait courtois, il \u00e9tait grave.<\/em><br \/>\n<em>F\u00e9roces \u00e9taient ses noires lances.<\/em><\/p>\n<p style=\"text-align: center;\">&#8212; Aneirin, Y Goddodin LXX<\/p>\n<p>&nbsp;<\/p>\n","protected":false},"featured_media":1376,"comment_status":"open","ping_status":"closed","template":"","meta":{"_uag_custom_page_level_css":"","site-sidebar-layout":"default","site-content-layout":"default","ast-site-content-layout":"default","site-content-style":"default","site-sidebar-style":"default","ast-global-header-display":"","ast-banner-title-visibility":"","ast-main-header-display":"","ast-hfb-above-header-display":"","ast-hfb-below-header-display":"","ast-hfb-mobile-header-display":"","site-post-title":"","ast-breadcrumbs-content":"","ast-featured-img":"","footer-sml-layout":"","ast-disable-related-posts":"","theme-transparent-header-meta":"default","adv-header-id-meta":"","stick-header-meta":"","header-above-stick-meta":"","header-main-stick-meta":"","header-below-stick-meta":"","astra-migrate-meta-layouts":"default","ast-page-background-enabled":"default","ast-page-background-meta":{"desktop":{"background-color":"","background-image":"","background-repeat":"repeat","background-position":"center center","background-size":"auto","background-attachment":"scroll","background-type":"","background-media":"","overlay-type":"","overlay-color":"","overlay-opacity":"","overlay-gradient":""},"tablet":{"background-color":"","background-image":"","background-repeat":"repeat","background-position":"center center","background-size":"auto","background-attachment":"scroll","background-type":"","background-media":"","overlay-type":"","overlay-color":"","overlay-opacity":"","overlay-gradient":""},"mobile":{"background-color":"","background-image":"","background-repeat":"repeat","background-position":"center center","background-size":"auto","background-attachment":"scroll","background-type":"","background-media":"","overlay-type":"","overlay-color":"","overlay-opacity":"","overlay-gradient":""}},"ast-content-background-meta":{"desktop":{"background-color":"var(--ast-global-color-5)","background-image":"","background-repeat":"repeat","background-position":"center center","background-size":"auto","background-attachment":"scroll","background-type":"","background-media":"","overlay-type":"","overlay-color":"","overlay-opacity":"","overlay-gradient":""},"tablet":{"background-color":"var(--ast-global-color-5)","background-image":"","background-repeat":"repeat","background-position":"center center","background-size":"auto","background-attachment":"scroll","background-type":"","background-media":"","overlay-type":"","overlay-color":"","overlay-opacity":"","overlay-gradient":""},"mobile":{"background-color":"var(--ast-global-color-5)","background-image":"","background-repeat":"repeat","background-position":"center center","background-size":"auto","background-attachment":"scroll","background-type":"","background-media":"","overlay-type":"","overlay-color":"","overlay-opacity":"","overlay-gradient":""}}},"product_brand":[],"product_cat":[63,65,73,72],"product_tag":[],"class_list":{"0":"post-2415","1":"product","2":"type-product","3":"status-publish","4":"has-post-thumbnail","6":"product_cat-jeu-de-roles","7":"product_cat-keltia","8":"product_cat-version-papier","9":"product_cat-version-pdf","10":"desktop-align-center","11":"tablet-align-center","12":"mobile-align-center","13":"ast-product-gallery-layout-horizontal-slider","14":"ast-product-gallery-with-no-image","15":"ast-product-tabs-layout-horizontal","16":"ast-qv-on-image","18":"first","19":"instock","20":"sold-individually","21":"shipping-taxable","22":"product-type-grouped"},"uagb_featured_image_src":{"full":["https:\/\/www.7emecercle.com\/7C_site\/wp-content\/uploads\/2020\/01\/Kel_MyB_Cover.jpg",566,800,false],"thumbnail":["https:\/\/www.7emecercle.com\/7C_site\/wp-content\/uploads\/2020\/01\/Kel_MyB_Cover-150x150.jpg",150,150,true],"medium":["https:\/\/www.7emecercle.com\/7C_site\/wp-content\/uploads\/2020\/01\/Kel_MyB_Cover-212x300.jpg",212,300,true],"medium_large":["https:\/\/www.7emecercle.com\/7C_site\/wp-content\/uploads\/2020\/01\/Kel_MyB_Cover.jpg",566,800,false],"large":["https:\/\/www.7emecercle.com\/7C_site\/wp-content\/uploads\/2020\/01\/Kel_MyB_Cover.jpg",566,800,false],"1536x1536":["https:\/\/www.7emecercle.com\/7C_site\/wp-content\/uploads\/2020\/01\/Kel_MyB_Cover.jpg",566,800,false],"2048x2048":["https:\/\/www.7emecercle.com\/7C_site\/wp-content\/uploads\/2020\/01\/Kel_MyB_Cover.jpg",566,800,false],"woocommerce_thumbnail":["https:\/\/www.7emecercle.com\/7C_site\/wp-content\/uploads\/2020\/01\/Kel_MyB_Cover-300x400.jpg",300,400,true],"woocommerce_single":["https:\/\/www.7emecercle.com\/7C_site\/wp-content\/uploads\/2020\/01\/Kel_MyB_Cover.jpg",566,800,false],"woocommerce_gallery_thumbnail":["https:\/\/www.7emecercle.com\/7C_site\/wp-content\/uploads\/2020\/01\/Kel_MyB_Cover-100x100.jpg",100,100,true]},"uagb_author_info":{"display_name":"florrent","author_link":"https:\/\/www.7emecercle.com\/7C_site\/author\/"},"uagb_comment_info":0,"uagb_excerpt":"T\u00f4t il se leva, au point du jour, Pour un combat de lance devant le front. Une br\u00e8che, une perc\u00e9e flamboyante, Comme un sanglier il chargea la colline. Il \u00e9tait courtois, il \u00e9tait grave. F\u00e9roces \u00e9taient ses noires lances. -- Aneirin, Y Goddodin LXX &nbsp;","_links":{"self":[{"href":"https:\/\/www.7emecercle.com\/7C_site\/wp-json\/wp\/v2\/product\/2415","targetHints":{"allow":["GET"]}}],"collection":[{"href":"https:\/\/www.7emecercle.com\/7C_site\/wp-json\/wp\/v2\/product"}],"about":[{"href":"https:\/\/www.7emecercle.com\/7C_site\/wp-json\/wp\/v2\/types\/product"}],"replies":[{"embeddable":true,"href":"https:\/\/www.7emecercle.com\/7C_site\/wp-json\/wp\/v2\/comments?post=2415"}],"version-history":[{"count":1,"href":"https:\/\/www.7emecercle.com\/7C_site\/wp-json\/wp\/v2\/product\/2415\/revisions"}],"predecessor-version":[{"id":2416,"href":"https:\/\/www.7emecercle.com\/7C_site\/wp-json\/wp\/v2\/product\/2415\/revisions\/2416"}],"wp:featuredmedia":[{"embeddable":true,"href":"https:\/\/www.7emecercle.com\/7C_site\/wp-json\/wp\/v2\/media\/1376"}],"wp:attachment":[{"href":"https:\/\/www.7emecercle.com\/7C_site\/wp-json\/wp\/v2\/media?parent=2415"}],"wp:term":[{"taxonomy":"product_brand","embeddable":true,"href":"https:\/\/www.7emecercle.com\/7C_site\/wp-json\/wp\/v2\/product_brand?post=2415"},{"taxonomy":"product_cat","embeddable":true,"href":"https:\/\/www.7emecercle.com\/7C_site\/wp-json\/wp\/v2\/product_cat?post=2415"},{"taxonomy":"product_tag","embeddable":true,"href":"https:\/\/www.7emecercle.com\/7C_site\/wp-json\/wp\/v2\/product_tag?post=2415"}],"curies":[{"name":"wp","href":"https:\/\/api.w.org\/{rel}","templated":true}]}}