{"id":2417,"date":"2020-03-22T14:20:56","date_gmt":"2020-03-22T13:20:56","guid":{"rendered":"https:\/\/www.7emecercle.com\/7C_site\/?post_type=product&#038;p=2417"},"modified":"2020-04-10T16:35:44","modified_gmt":"2020-04-10T14:35:44","slug":"keltia-le-vieux-nord-2","status":"publish","type":"product","link":"https:\/\/www.7emecercle.com\/7C_site\/produit\/keltia-le-vieux-nord-2\/","title":{"rendered":"Keltia &#8211; Le Vieux Nord"},"content":{"rendered":"<p>AvYr Hen Ogledd, le Vieux Nord d&rsquo;Ynis Prydein est une terre de l\u00e9gendes, splendide et sauvage mais \u00e9galement le si\u00e8ge des royaumes les plus anciens et les plus farouchement ind\u00e9pendants de l&rsquo;\u00cele de Beli Mawr. La magie y est forte et les cr\u00e9atures surnaturelles hantent ses landes, montagnes et for\u00eats. Ses puissants souverains, eux-m\u00eames aux prises avec les tribus pictes et les pirates irlandais, mettront-ils leurs guerriers au service du futur Haut-roi\u00a0? L\u00e0-bas, dans les \u00e9paisses for\u00eats et les landes couvertes de bruy\u00e8re, se joue peut-\u00eatre le destin du Roi-Dragon.<\/p>\n<p>Dans ce suppl\u00e9ment, vous d\u00e9couvrirez :<br \/>\n\u2022 Un panorama d\u00e9taill\u00e9 des Royaumes du Nord, des Marches aux confins d&rsquo;Yr Hen Ogledd, avec leurs us et coutumes, les habitants et les forces en pr\u00e9sence.<br \/>\n\u2022 De nouveaux sorts<br \/>\n\u2022 De nouvelles cr\u00e9atures surnaturelles<br \/>\n\u2022 De nouveaux PNJ et synopsis<br \/>\n\u2022 \u00ab La Route du Nord \u00bb, suite de la campagne arthurienne, entam\u00e9e dans le livre de base, l&rsquo;\u00e9cran et Avalon<\/p>\n","protected":false},"excerpt":{"rendered":"<p style=\"text-align: center;\"><em>La vraie valeur du Nord, cet homme la poss\u00e9dait,<br \/>\nC\u0153ur aimable, naturel magnanime.<br \/>\nNul ne marche sur la Terre, nulle m\u00e8re n&rsquo;a engendr\u00e9,<br \/>\nUn si juste, si fort, noir comme l&rsquo;acier\u2026<br \/>\n\u2026 Ma\u00eetre de l&rsquo;art des mots,<br \/>\nJ&rsquo;ai chant\u00e9 pour Gododdin<br \/>\nAvant que le jour ne blanchisse.<\/em><\/p>\n<p style=\"text-align: center;\">&#8212; Aneirin. Y Gododdin<\/p>\n","protected":false},"featured_media":1374,"comment_status":"open","ping_status":"closed","template":"","meta":{"_uag_custom_page_level_css":"","site-sidebar-layout":"default","site-content-layout":"default","ast-site-content-layout":"default","site-content-style":"default","site-sidebar-style":"default","ast-global-header-display":"","ast-banner-title-visibility":"","ast-main-header-display":"","ast-hfb-above-header-display":"","ast-hfb-below-header-display":"","ast-hfb-mobile-header-display":"","site-post-title":"","ast-breadcrumbs-content":"","ast-featured-img":"","footer-sml-layout":"","ast-disable-related-posts":"","theme-transparent-header-meta":"default","adv-header-id-meta":"","stick-header-meta":"default","header-above-stick-meta":"","header-main-stick-meta":"","header-below-stick-meta":"","astra-migrate-meta-layouts":"default","ast-page-background-enabled":"default","ast-page-background-meta":{"desktop":{"background-color":"","background-image":"","background-repeat":"repeat","background-position":"center center","background-size":"auto","background-attachment":"scroll","background-type":"","background-media":"","overlay-type":"","overlay-color":"","overlay-opacity":"","overlay-gradient":""},"tablet":{"background-color":"","background-image":"","background-repeat":"repeat","background-position":"center center","background-size":"auto","background-attachment":"scroll","background-type":"","background-media":"","overlay-type":"","overlay-color":"","overlay-opacity":"","overlay-gradient":""},"mobile":{"background-color":"","background-image":"","background-repeat":"repeat","background-position":"center center","background-size":"auto","background-attachment":"scroll","background-type":"","background-media":"","overlay-type":"","overlay-color":"","overlay-opacity":"","overlay-gradient":""}},"ast-content-background-meta":{"desktop":{"background-color":"var(--ast-global-color-5)","background-image":"","background-repeat":"repeat","background-position":"center center","background-size":"auto","background-attachment":"scroll","background-type":"","background-media":"","overlay-type":"","overlay-color":"","overlay-opacity":"","overlay-gradient":""},"tablet":{"background-color":"var(--ast-global-color-5)","background-image":"","background-repeat":"repeat","background-position":"center center","background-size":"auto","background-attachment":"scroll","background-type":"","background-media":"","overlay-type":"","overlay-color":"","overlay-opacity":"","overlay-gradient":""},"mobile":{"background-color":"var(--ast-global-color-5)","background-image":"","background-repeat":"repeat","background-position":"center center","background-size":"auto","background-attachment":"scroll","background-type":"","background-media":"","overlay-type":"","overlay-color":"","overlay-opacity":"","overlay-gradient":""}}},"product_brand":[],"product_cat":[63,65,73,72],"product_tag":[],"class_list":{"0":"post-2417","1":"product","2":"type-product","3":"status-publish","4":"has-post-thumbnail","6":"product_cat-jeu-de-roles","7":"product_cat-keltia","8":"product_cat-version-papier","9":"product_cat-version-pdf","10":"desktop-align-center","11":"tablet-align-center","12":"mobile-align-center","13":"ast-product-gallery-layout-horizontal-slider","14":"ast-product-tabs-layout-horizontal","15":"ast-qv-on-image","17":"first","18":"instock","19":"sold-individually","20":"shipping-taxable","21":"product-type-grouped"},"uagb_featured_image_src":{"full":["https:\/\/www.7emecercle.com\/7C_site\/wp-content\/uploads\/2020\/01\/Kel_LVN_Cover.jpg",566,800,false],"thumbnail":["https:\/\/www.7emecercle.com\/7C_site\/wp-content\/uploads\/2020\/01\/Kel_LVN_Cover-150x150.jpg",150,150,true],"medium":["https:\/\/www.7emecercle.com\/7C_site\/wp-content\/uploads\/2020\/01\/Kel_LVN_Cover-212x300.jpg",212,300,true],"medium_large":["https:\/\/www.7emecercle.com\/7C_site\/wp-content\/uploads\/2020\/01\/Kel_LVN_Cover.jpg",566,800,false],"large":["https:\/\/www.7emecercle.com\/7C_site\/wp-content\/uploads\/2020\/01\/Kel_LVN_Cover.jpg",566,800,false],"1536x1536":["https:\/\/www.7emecercle.com\/7C_site\/wp-content\/uploads\/2020\/01\/Kel_LVN_Cover.jpg",566,800,false],"2048x2048":["https:\/\/www.7emecercle.com\/7C_site\/wp-content\/uploads\/2020\/01\/Kel_LVN_Cover.jpg",566,800,false],"woocommerce_thumbnail":["https:\/\/www.7emecercle.com\/7C_site\/wp-content\/uploads\/2020\/01\/Kel_LVN_Cover-300x400.jpg",300,400,true],"woocommerce_single":["https:\/\/www.7emecercle.com\/7C_site\/wp-content\/uploads\/2020\/01\/Kel_LVN_Cover.jpg",566,800,false],"woocommerce_gallery_thumbnail":["https:\/\/www.7emecercle.com\/7C_site\/wp-content\/uploads\/2020\/01\/Kel_LVN_Cover-100x100.jpg",100,100,true]},"uagb_author_info":{"display_name":"florrent","author_link":"https:\/\/www.7emecercle.com\/7C_site\/author\/"},"uagb_comment_info":0,"uagb_excerpt":"La vraie valeur du Nord, cet homme la poss\u00e9dait, C\u0153ur aimable, naturel magnanime. Nul ne marche sur la Terre, nulle m\u00e8re n'a engendr\u00e9, Un si juste, si fort, noir comme l'acier\u2026 \u2026 Ma\u00eetre de l'art des mots, J'ai chant\u00e9 pour Gododdin Avant que le jour ne blanchisse. -- Aneirin. Y Gododdin","_links":{"self":[{"href":"https:\/\/www.7emecercle.com\/7C_site\/wp-json\/wp\/v2\/product\/2417","targetHints":{"allow":["GET"]}}],"collection":[{"href":"https:\/\/www.7emecercle.com\/7C_site\/wp-json\/wp\/v2\/product"}],"about":[{"href":"https:\/\/www.7emecercle.com\/7C_site\/wp-json\/wp\/v2\/types\/product"}],"replies":[{"embeddable":true,"href":"https:\/\/www.7emecercle.com\/7C_site\/wp-json\/wp\/v2\/comments?post=2417"}],"version-history":[{"count":1,"href":"https:\/\/www.7emecercle.com\/7C_site\/wp-json\/wp\/v2\/product\/2417\/revisions"}],"predecessor-version":[{"id":2418,"href":"https:\/\/www.7emecercle.com\/7C_site\/wp-json\/wp\/v2\/product\/2417\/revisions\/2418"}],"wp:featuredmedia":[{"embeddable":true,"href":"https:\/\/www.7emecercle.com\/7C_site\/wp-json\/wp\/v2\/media\/1374"}],"wp:attachment":[{"href":"https:\/\/www.7emecercle.com\/7C_site\/wp-json\/wp\/v2\/media?parent=2417"}],"wp:term":[{"taxonomy":"product_brand","embeddable":true,"href":"https:\/\/www.7emecercle.com\/7C_site\/wp-json\/wp\/v2\/product_brand?post=2417"},{"taxonomy":"product_cat","embeddable":true,"href":"https:\/\/www.7emecercle.com\/7C_site\/wp-json\/wp\/v2\/product_cat?post=2417"},{"taxonomy":"product_tag","embeddable":true,"href":"https:\/\/www.7emecercle.com\/7C_site\/wp-json\/wp\/v2\/product_tag?post=2417"}],"curies":[{"name":"wp","href":"https:\/\/api.w.org\/{rel}","templated":true}]}}