{"id":2419,"date":"2020-03-22T14:22:00","date_gmt":"2020-03-22T13:22:00","guid":{"rendered":"https:\/\/www.7emecercle.com\/7C_site\/?post_type=product&#038;p=2419"},"modified":"2020-04-10T16:38:54","modified_gmt":"2020-04-10T14:38:54","slug":"keltia-avalon-2","status":"publish","type":"product","link":"https:\/\/www.7emecercle.com\/7C_site\/produit\/keltia-avalon-2\/","title":{"rendered":"Keltia &#8211; Avalon"},"content":{"rendered":"<p>Avalon, l&rsquo;\u00cele merveilleuse s&rsquo;enfonce peu \u00e0 peu dans les brumes, emportant \u00e0 jamais avec elle la magie de l&rsquo;Ancien peuple. Le Peuple du Vent et les dieux anciens vont-ils intervenir ou laisser leurs enfants \u00e0 la merci des envahisseurs qui d\u00e9ferlent sur l&rsquo;\u00cele des Braves ? Le futur Haut roi est-il vraiment leur \u00e9lu ?<\/p>\n<p>Dans ce suppl\u00e9ment, vous d\u00e9couvrirez :<br \/>\n\u2022 Le Peuple des Vents, le Tylwyth Teg, ses pouvoirs et son roi<br \/>\n\u2022 L&rsquo;Ancien Peuple<br \/>\n\u2022 Avalon et K\u00ear Is, deux des centres sacr\u00e9s de l&rsquo;Ancienne Religion<br \/>\n\u2022 De nouveaux sorts et reliques<br \/>\n\u2022 De nouvelles cr\u00e9atures<br \/>\n\u2022 \u00ab\u00a0Ballade irlandaise\u00a0\u00bb, un sc\u00e9nario \u00e0 jouer en one-shot ou \u00e0 inclure dans la campagne.<br \/>\n\u2022 \u00ab\u00a0L&rsquo;\u00c9p\u00e9e sacr\u00e9e\u00a0\u00bb, la suite de la campagne arthurienne entam\u00e9e dans le livre de base et l&rsquo;\u00e9cran.<\/p>\n","protected":false},"excerpt":{"rendered":"<p style=\"text-align: center;\"><em>\u00ab Je la connais bien, cette \u00eele verte et paisible,<br \/>\nAu creux des mar\u00e9es estivales<br \/>\nQui, rieuses, roulent et parlent en chuchotant de la mer [\u2026]<br \/>\nLes cieux la saluent bien bas ; la lune p\u00e2le d\u00e9rive lentement,<br \/>\nTel un vaisseau fant\u00f4me vers quelque port c\u00e9leste,<br \/>\nEt jours et nuits s&rsquo;\u00e9coulent de la m\u00eame fa\u00e7on<br \/>\nDurant des ann\u00e9es merveilleuses dans l&rsquo;immuable Avalon \u00bb <\/em><\/p>\n<p style=\"text-align: center;\">&#8212; Emily Huntington Miller, D&rsquo;Avalon.<\/p>\n","protected":false},"featured_media":1370,"comment_status":"open","ping_status":"closed","template":"","meta":{"_uag_custom_page_level_css":"","site-sidebar-layout":"default","site-content-layout":"default","ast-site-content-layout":"default","site-content-style":"default","site-sidebar-style":"default","ast-global-header-display":"","ast-banner-title-visibility":"","ast-main-header-display":"","ast-hfb-above-header-display":"","ast-hfb-below-header-display":"","ast-hfb-mobile-header-display":"","site-post-title":"","ast-breadcrumbs-content":"","ast-featured-img":"","footer-sml-layout":"","ast-disable-related-posts":"","theme-transparent-header-meta":"default","adv-header-id-meta":"","stick-header-meta":"default","header-above-stick-meta":"","header-main-stick-meta":"","header-below-stick-meta":"","astra-migrate-meta-layouts":"default","ast-page-background-enabled":"default","ast-page-background-meta":{"desktop":{"background-color":"","background-image":"","background-repeat":"repeat","background-position":"center center","background-size":"auto","background-attachment":"scroll","background-type":"","background-media":"","overlay-type":"","overlay-color":"","overlay-opacity":"","overlay-gradient":""},"tablet":{"background-color":"","background-image":"","background-repeat":"repeat","background-position":"center center","background-size":"auto","background-attachment":"scroll","background-type":"","background-media":"","overlay-type":"","overlay-color":"","overlay-opacity":"","overlay-gradient":""},"mobile":{"background-color":"","background-image":"","background-repeat":"repeat","background-position":"center center","background-size":"auto","background-attachment":"scroll","background-type":"","background-media":"","overlay-type":"","overlay-color":"","overlay-opacity":"","overlay-gradient":""}},"ast-content-background-meta":{"desktop":{"background-color":"var(--ast-global-color-5)","background-image":"","background-repeat":"repeat","background-position":"center center","background-size":"auto","background-attachment":"scroll","background-type":"","background-media":"","overlay-type":"","overlay-color":"","overlay-opacity":"","overlay-gradient":""},"tablet":{"background-color":"var(--ast-global-color-5)","background-image":"","background-repeat":"repeat","background-position":"center center","background-size":"auto","background-attachment":"scroll","background-type":"","background-media":"","overlay-type":"","overlay-color":"","overlay-opacity":"","overlay-gradient":""},"mobile":{"background-color":"var(--ast-global-color-5)","background-image":"","background-repeat":"repeat","background-position":"center center","background-size":"auto","background-attachment":"scroll","background-type":"","background-media":"","overlay-type":"","overlay-color":"","overlay-opacity":"","overlay-gradient":""}}},"product_brand":[],"product_cat":[63,65,73,72],"product_tag":[],"class_list":{"0":"post-2419","1":"product","2":"type-product","3":"status-publish","4":"has-post-thumbnail","6":"product_cat-jeu-de-roles","7":"product_cat-keltia","8":"product_cat-version-papier","9":"product_cat-version-pdf","10":"desktop-align-center","11":"tablet-align-center","12":"mobile-align-center","13":"ast-product-gallery-layout-horizontal-slider","14":"ast-product-tabs-layout-horizontal","15":"ast-qv-on-image","17":"first","18":"instock","19":"sold-individually","20":"shipping-taxable","21":"product-type-grouped"},"uagb_featured_image_src":{"full":["https:\/\/www.7emecercle.com\/7C_site\/wp-content\/uploads\/2020\/01\/Kel_Ava_Cover.jpg",566,800,false],"thumbnail":["https:\/\/www.7emecercle.com\/7C_site\/wp-content\/uploads\/2020\/01\/Kel_Ava_Cover-150x150.jpg",150,150,true],"medium":["https:\/\/www.7emecercle.com\/7C_site\/wp-content\/uploads\/2020\/01\/Kel_Ava_Cover-212x300.jpg",212,300,true],"medium_large":["https:\/\/www.7emecercle.com\/7C_site\/wp-content\/uploads\/2020\/01\/Kel_Ava_Cover.jpg",566,800,false],"large":["https:\/\/www.7emecercle.com\/7C_site\/wp-content\/uploads\/2020\/01\/Kel_Ava_Cover.jpg",566,800,false],"1536x1536":["https:\/\/www.7emecercle.com\/7C_site\/wp-content\/uploads\/2020\/01\/Kel_Ava_Cover.jpg",566,800,false],"2048x2048":["https:\/\/www.7emecercle.com\/7C_site\/wp-content\/uploads\/2020\/01\/Kel_Ava_Cover.jpg",566,800,false],"woocommerce_thumbnail":["https:\/\/www.7emecercle.com\/7C_site\/wp-content\/uploads\/2020\/01\/Kel_Ava_Cover-300x400.jpg",300,400,true],"woocommerce_single":["https:\/\/www.7emecercle.com\/7C_site\/wp-content\/uploads\/2020\/01\/Kel_Ava_Cover.jpg",566,800,false],"woocommerce_gallery_thumbnail":["https:\/\/www.7emecercle.com\/7C_site\/wp-content\/uploads\/2020\/01\/Kel_Ava_Cover-100x100.jpg",100,100,true]},"uagb_author_info":{"display_name":"florrent","author_link":"https:\/\/www.7emecercle.com\/7C_site\/author\/"},"uagb_comment_info":0,"uagb_excerpt":"\u00ab Je la connais bien, cette \u00eele verte et paisible, Au creux des mar\u00e9es estivales Qui, rieuses, roulent et parlent en chuchotant de la mer [\u2026] Les cieux la saluent bien bas ; la lune p\u00e2le d\u00e9rive lentement, Tel un vaisseau fant\u00f4me vers quelque port c\u00e9leste, Et jours et nuits s'\u00e9coulent de la m\u00eame fa\u00e7on\u2026","_links":{"self":[{"href":"https:\/\/www.7emecercle.com\/7C_site\/wp-json\/wp\/v2\/product\/2419","targetHints":{"allow":["GET"]}}],"collection":[{"href":"https:\/\/www.7emecercle.com\/7C_site\/wp-json\/wp\/v2\/product"}],"about":[{"href":"https:\/\/www.7emecercle.com\/7C_site\/wp-json\/wp\/v2\/types\/product"}],"replies":[{"embeddable":true,"href":"https:\/\/www.7emecercle.com\/7C_site\/wp-json\/wp\/v2\/comments?post=2419"}],"version-history":[{"count":1,"href":"https:\/\/www.7emecercle.com\/7C_site\/wp-json\/wp\/v2\/product\/2419\/revisions"}],"predecessor-version":[{"id":2420,"href":"https:\/\/www.7emecercle.com\/7C_site\/wp-json\/wp\/v2\/product\/2419\/revisions\/2420"}],"wp:featuredmedia":[{"embeddable":true,"href":"https:\/\/www.7emecercle.com\/7C_site\/wp-json\/wp\/v2\/media\/1370"}],"wp:attachment":[{"href":"https:\/\/www.7emecercle.com\/7C_site\/wp-json\/wp\/v2\/media?parent=2419"}],"wp:term":[{"taxonomy":"product_brand","embeddable":true,"href":"https:\/\/www.7emecercle.com\/7C_site\/wp-json\/wp\/v2\/product_brand?post=2419"},{"taxonomy":"product_cat","embeddable":true,"href":"https:\/\/www.7emecercle.com\/7C_site\/wp-json\/wp\/v2\/product_cat?post=2419"},{"taxonomy":"product_tag","embeddable":true,"href":"https:\/\/www.7emecercle.com\/7C_site\/wp-json\/wp\/v2\/product_tag?post=2419"}],"curies":[{"name":"wp","href":"https:\/\/api.w.org\/{rel}","templated":true}]}}