{"id":2421,"date":"2020-03-22T14:23:11","date_gmt":"2020-03-22T13:23:11","guid":{"rendered":"https:\/\/www.7emecercle.com\/7C_site\/?post_type=product&#038;p=2421"},"modified":"2020-04-10T16:39:53","modified_gmt":"2020-04-10T14:39:53","slug":"keltia-livre-de-base-2","status":"publish","type":"product","link":"https:\/\/www.7emecercle.com\/7C_site\/produit\/keltia-livre-de-base-2\/","title":{"rendered":"Keltia &#8211; Livre de base"},"content":{"rendered":"<p>Keltia, les Chroniques du Roi-dragon vous ouvre les portes d&rsquo;un royaume oubli\u00e9, celui d&rsquo;Arthur Pendraeg, Haut-roi de Bretagne. Plongez dans les origines galloises et celtiques du mythe, vous pourrez vivre des aventures palpitantes dans un cadre dense et fascinant, celui de l&rsquo;\u00cele de Beli Mawr, Ynis Prydein, encore l\u00e9gendaire. Intrigues politiques, combats, magie, et cr\u00e9atures monstrueuses vous y attendent.<\/p>\n<p>Druide ou barde, chevalier ou guerrier des clans, pr\u00eatresse ou mage, les dieux anciens vous guideront dans les lieux mythiques de la l\u00e9gende originelle du Roi-Dragon.<\/p>\n","protected":false},"excerpt":{"rendered":"<p style=\"text-align: center;\"><em>\u00ab Je sens que les dieux anciens se penchent, peut-\u00eatre une derni\u00e8re fois,<br \/>\nsur les batailles sanglantes et les affrontements vains des chefs.<br \/>\nY reconna\u00eetront-ils le dernier appel de leurs enfants de l&rsquo;\u00cele des Forts ?<br \/>\nDaigneront-ils accorder au jeune h\u00e9ritier leur b\u00e9n\u00e9diction s\u00e9culaire ?<br \/>\nOu, indiff\u00e9rents aux cris et aux pri\u00e8res, s&rsquo;endormiront-ils dans la pourpre et l&rsquo;or des banquets \u00e9ternels,<br \/>\nla coupe au poing, r\u00eavant de leurs prochaines incarnations ?<br \/>\nQue Gwydyon et Beli Mawr nous guident ! \u00bb<br \/>\n<\/em><\/p>\n<p style=\"text-align: center;\">&#8212; Kadfael ap Cadno, barde<\/p>\n","protected":false},"featured_media":1372,"comment_status":"open","ping_status":"closed","template":"","meta":{"_uag_custom_page_level_css":"","site-sidebar-layout":"default","site-content-layout":"default","ast-site-content-layout":"default","site-content-style":"default","site-sidebar-style":"default","ast-global-header-display":"","ast-banner-title-visibility":"","ast-main-header-display":"","ast-hfb-above-header-display":"","ast-hfb-below-header-display":"","ast-hfb-mobile-header-display":"","site-post-title":"","ast-breadcrumbs-content":"","ast-featured-img":"","footer-sml-layout":"","ast-disable-related-posts":"","theme-transparent-header-meta":"default","adv-header-id-meta":"","stick-header-meta":"default","header-above-stick-meta":"","header-main-stick-meta":"","header-below-stick-meta":"","astra-migrate-meta-layouts":"default","ast-page-background-enabled":"default","ast-page-background-meta":{"desktop":{"background-color":"","background-image":"","background-repeat":"repeat","background-position":"center center","background-size":"auto","background-attachment":"scroll","background-type":"","background-media":"","overlay-type":"","overlay-color":"","overlay-opacity":"","overlay-gradient":""},"tablet":{"background-color":"","background-image":"","background-repeat":"repeat","background-position":"center center","background-size":"auto","background-attachment":"scroll","background-type":"","background-media":"","overlay-type":"","overlay-color":"","overlay-opacity":"","overlay-gradient":""},"mobile":{"background-color":"","background-image":"","background-repeat":"repeat","background-position":"center center","background-size":"auto","background-attachment":"scroll","background-type":"","background-media":"","overlay-type":"","overlay-color":"","overlay-opacity":"","overlay-gradient":""}},"ast-content-background-meta":{"desktop":{"background-color":"var(--ast-global-color-5)","background-image":"","background-repeat":"repeat","background-position":"center center","background-size":"auto","background-attachment":"scroll","background-type":"","background-media":"","overlay-type":"","overlay-color":"","overlay-opacity":"","overlay-gradient":""},"tablet":{"background-color":"var(--ast-global-color-5)","background-image":"","background-repeat":"repeat","background-position":"center center","background-size":"auto","background-attachment":"scroll","background-type":"","background-media":"","overlay-type":"","overlay-color":"","overlay-opacity":"","overlay-gradient":""},"mobile":{"background-color":"var(--ast-global-color-5)","background-image":"","background-repeat":"repeat","background-position":"center center","background-size":"auto","background-attachment":"scroll","background-type":"","background-media":"","overlay-type":"","overlay-color":"","overlay-opacity":"","overlay-gradient":""}}},"product_brand":[],"product_cat":[63,65,73,72],"product_tag":[],"class_list":{"0":"post-2421","1":"product","2":"type-product","3":"status-publish","4":"has-post-thumbnail","6":"product_cat-jeu-de-roles","7":"product_cat-keltia","8":"product_cat-version-papier","9":"product_cat-version-pdf","10":"desktop-align-center","11":"tablet-align-center","12":"mobile-align-center","13":"ast-product-gallery-layout-horizontal-slider","14":"ast-product-tabs-layout-horizontal","15":"ast-qv-on-image","17":"first","18":"instock","19":"featured","20":"sold-individually","21":"shipping-taxable","22":"product-type-grouped"},"uagb_featured_image_src":{"full":["https:\/\/www.7emecercle.com\/7C_site\/wp-content\/uploads\/2020\/01\/Kel_LdB_Cover.jpg",566,800,false],"thumbnail":["https:\/\/www.7emecercle.com\/7C_site\/wp-content\/uploads\/2020\/01\/Kel_LdB_Cover-150x150.jpg",150,150,true],"medium":["https:\/\/www.7emecercle.com\/7C_site\/wp-content\/uploads\/2020\/01\/Kel_LdB_Cover-212x300.jpg",212,300,true],"medium_large":["https:\/\/www.7emecercle.com\/7C_site\/wp-content\/uploads\/2020\/01\/Kel_LdB_Cover.jpg",566,800,false],"large":["https:\/\/www.7emecercle.com\/7C_site\/wp-content\/uploads\/2020\/01\/Kel_LdB_Cover.jpg",566,800,false],"1536x1536":["https:\/\/www.7emecercle.com\/7C_site\/wp-content\/uploads\/2020\/01\/Kel_LdB_Cover.jpg",566,800,false],"2048x2048":["https:\/\/www.7emecercle.com\/7C_site\/wp-content\/uploads\/2020\/01\/Kel_LdB_Cover.jpg",566,800,false],"woocommerce_thumbnail":["https:\/\/www.7emecercle.com\/7C_site\/wp-content\/uploads\/2020\/01\/Kel_LdB_Cover-300x400.jpg",300,400,true],"woocommerce_single":["https:\/\/www.7emecercle.com\/7C_site\/wp-content\/uploads\/2020\/01\/Kel_LdB_Cover.jpg",566,800,false],"woocommerce_gallery_thumbnail":["https:\/\/www.7emecercle.com\/7C_site\/wp-content\/uploads\/2020\/01\/Kel_LdB_Cover-100x100.jpg",100,100,true]},"uagb_author_info":{"display_name":"florrent","author_link":"https:\/\/www.7emecercle.com\/7C_site\/author\/"},"uagb_comment_info":0,"uagb_excerpt":"\u00ab Je sens que les dieux anciens se penchent, peut-\u00eatre une derni\u00e8re fois, sur les batailles sanglantes et les affrontements vains des chefs. Y reconna\u00eetront-ils le dernier appel de leurs enfants de l'\u00cele des Forts ? Daigneront-ils accorder au jeune h\u00e9ritier leur b\u00e9n\u00e9diction s\u00e9culaire ? Ou, indiff\u00e9rents aux cris et aux pri\u00e8res, s'endormiront-ils dans la\u2026","_links":{"self":[{"href":"https:\/\/www.7emecercle.com\/7C_site\/wp-json\/wp\/v2\/product\/2421","targetHints":{"allow":["GET"]}}],"collection":[{"href":"https:\/\/www.7emecercle.com\/7C_site\/wp-json\/wp\/v2\/product"}],"about":[{"href":"https:\/\/www.7emecercle.com\/7C_site\/wp-json\/wp\/v2\/types\/product"}],"replies":[{"embeddable":true,"href":"https:\/\/www.7emecercle.com\/7C_site\/wp-json\/wp\/v2\/comments?post=2421"}],"version-history":[{"count":1,"href":"https:\/\/www.7emecercle.com\/7C_site\/wp-json\/wp\/v2\/product\/2421\/revisions"}],"predecessor-version":[{"id":2422,"href":"https:\/\/www.7emecercle.com\/7C_site\/wp-json\/wp\/v2\/product\/2421\/revisions\/2422"}],"wp:featuredmedia":[{"embeddable":true,"href":"https:\/\/www.7emecercle.com\/7C_site\/wp-json\/wp\/v2\/media\/1372"}],"wp:attachment":[{"href":"https:\/\/www.7emecercle.com\/7C_site\/wp-json\/wp\/v2\/media?parent=2421"}],"wp:term":[{"taxonomy":"product_brand","embeddable":true,"href":"https:\/\/www.7emecercle.com\/7C_site\/wp-json\/wp\/v2\/product_brand?post=2421"},{"taxonomy":"product_cat","embeddable":true,"href":"https:\/\/www.7emecercle.com\/7C_site\/wp-json\/wp\/v2\/product_cat?post=2421"},{"taxonomy":"product_tag","embeddable":true,"href":"https:\/\/www.7emecercle.com\/7C_site\/wp-json\/wp\/v2\/product_tag?post=2421"}],"curies":[{"name":"wp","href":"https:\/\/api.w.org\/{rel}","templated":true}]}}