{"id":2742,"date":"2020-04-08T16:25:37","date_gmt":"2020-04-08T14:25:37","guid":{"rendered":"https:\/\/www.7emecercle.com\/7C_site\/?post_type=product&#038;p=2742"},"modified":"2020-04-08T16:45:36","modified_gmt":"2020-04-08T14:45:36","slug":"kuro-livre-de-base-version-papier","status":"publish","type":"product","link":"https:\/\/www.7emecercle.com\/7C_site\/produit\/kuro-livre-de-base-version-papier\/","title":{"rendered":"Kuro &#8211; Livre de base &#8211; Version Papier"},"content":{"rendered":"<p class=\"style2\" align=\"justify\"><em>\u201cJe m\u2019appelle Madono Chiyumi, j\u2019ai 26 ans, je travaille dans une boutique de robotique dans le quartier d\u2019Akihabara depuis quelques mois \u00e0 Tokyo\u2026 Enfin, je veux dire \u00abShin-Edo\u00bb puisque la ville a \u00e9t\u00e9 rebaptis\u00e9e ainsi.<\/em><br \/>\n<em>Le 4 mai 2046, je me rendais comme de nombreux citoyens dans un des bureaux de vote \u00e9lectronique de mon quartier.<\/em><br \/>\n<em>Il y a eu un flash aveuglant, suivi d\u2019une violente temp\u00eate faisant exploser quelques enseignes lumineuses et retournant les parapluies transparents des passants. Avant les t\u00e9n\u00e8bres.<\/em><br \/>\n<em>Lorsque l\u2019\u00e9lectricit\u00e9 est revenue, nous ne savions toujours pas ce qui s\u2019\u00e9tait produit. Nous ne l\u2019avons appris que bien plus tard, par la t\u00e9l\u00e9vision : une bombe atomique, lanc\u00e9e par erreur par la F\u00e9d\u00e9ration Panasiatique suite \u00e0 un s\u00e9isme, nous avait touch\u00e9. Et pourtant, nous \u00e9tions toujours vivants, sans la moindre br\u00fblure, sans la moindre blessure. Le monde nous accusait d\u00e9sormais de poss\u00e9der une arme inconnue, un bouclier anti-atomique ayant stopp\u00e9 la bombe et con\u00e7u en pr\u00e9vision d\u2019une attaque massive de notre part. Bient\u00f4t, un blocus international fut instaur\u00e9 autour du Japon, nous coupant du reste du monde, bien d\u00e9cid\u00e9 \u00e0 obtenir des r\u00e9ponses que nous n\u2019avions pas. Nous sommes prisonniers depuis bient\u00f4t six mois de notre propre pays et le Vent des Dieux ne semble plus vouloir s\u2019arr\u00eater.<\/em><br \/>\n<em>Mais je sais d\u00e9sormais que la temp\u00eate ne s\u2019est pas lev\u00e9e seule.<\/em><br \/>\n<em>Depuis l\u2019Incident Kuro, ce 4 mai 2046, je vois chaque nuit ma s\u0153ur morte caresser les corbeaux sur mon balcon.\u201d<\/em><\/p>\n<p class=\"style2\" align=\"justify\">Kuro est le livre de base et la premi\u00e8re partie d\u2019un jeu complet. Vous y trouverez la description de Shin-Edo ainsi que celle de la soci\u00e9t\u00e9 japonaise en 2046, les r\u00e8gles n\u00e9cessaires, des arch\u00e9types pr\u00eats-\u00e0-jouer ainsi que deux sc\u00e9narios d\u2019introduction \u00e0 la campagne menant \u00e0 Kuro Tensei.<\/p>\n","protected":false},"excerpt":{"rendered":"<p>&#8230; <em>Il y a eu un flash aveuglant, suivi d\u2019une violente temp\u00eate faisant exploser quelques enseignes lumineuses et retournant les parapluies transparents des passants. Avant les t\u00e9n\u00e8bres&#8230;<\/em><\/p>\n","protected":false},"featured_media":2746,"comment_status":"open","ping_status":"closed","template":"","meta":{"_uag_custom_page_level_css":"","site-sidebar-layout":"default","site-content-layout":"default","ast-site-content-layout":"default","site-content-style":"default","site-sidebar-style":"default","ast-global-header-display":"","ast-banner-title-visibility":"","ast-main-header-display":"","ast-hfb-above-header-display":"","ast-hfb-below-header-display":"","ast-hfb-mobile-header-display":"","site-post-title":"","ast-breadcrumbs-content":"","ast-featured-img":"","footer-sml-layout":"","ast-disable-related-posts":"","theme-transparent-header-meta":"default","adv-header-id-meta":"","stick-header-meta":"default","header-above-stick-meta":"","header-main-stick-meta":"","header-below-stick-meta":"","astra-migrate-meta-layouts":"default","ast-page-background-enabled":"default","ast-page-background-meta":{"desktop":{"background-color":"","background-image":"","background-repeat":"repeat","background-position":"center center","background-size":"auto","background-attachment":"scroll","background-type":"","background-media":"","overlay-type":"","overlay-color":"","overlay-opacity":"","overlay-gradient":""},"tablet":{"background-color":"","background-image":"","background-repeat":"repeat","background-position":"center center","background-size":"auto","background-attachment":"scroll","background-type":"","background-media":"","overlay-type":"","overlay-color":"","overlay-opacity":"","overlay-gradient":""},"mobile":{"background-color":"","background-image":"","background-repeat":"repeat","background-position":"center center","background-size":"auto","background-attachment":"scroll","background-type":"","background-media":"","overlay-type":"","overlay-color":"","overlay-opacity":"","overlay-gradient":""}},"ast-content-background-meta":{"desktop":{"background-color":"var(--ast-global-color-5)","background-image":"","background-repeat":"repeat","background-position":"center center","background-size":"auto","background-attachment":"scroll","background-type":"","background-media":"","overlay-type":"","overlay-color":"","overlay-opacity":"","overlay-gradient":""},"tablet":{"background-color":"var(--ast-global-color-5)","background-image":"","background-repeat":"repeat","background-position":"center center","background-size":"auto","background-attachment":"scroll","background-type":"","background-media":"","overlay-type":"","overlay-color":"","overlay-opacity":"","overlay-gradient":""},"mobile":{"background-color":"var(--ast-global-color-5)","background-image":"","background-repeat":"repeat","background-position":"center center","background-size":"auto","background-attachment":"scroll","background-type":"","background-media":"","overlay-type":"","overlay-color":"","overlay-opacity":"","overlay-gradient":""}}},"product_brand":[],"product_cat":[63,182,73],"product_tag":[83,93,74,86,185,187,88,76,91,186,184],"class_list":{"0":"post-2742","1":"product","2":"type-product","3":"status-publish","4":"has-post-thumbnail","6":"product_cat-jeu-de-roles","7":"product_cat-kuro","8":"product_cat-version-papier","9":"product_tag-apocalypse","10":"product_tag-arts-martiaux","11":"product_tag-aventure","12":"product_tag-d6","13":"product_tag-fantome","14":"product_tag-horreur","15":"product_tag-japon","16":"product_tag-jdr","17":"product_tag-magie","18":"product_tag-mystere","19":"product_tag-tecnologie","20":"desktop-align-center","21":"tablet-align-center","22":"mobile-align-center","23":"ast-product-gallery-layout-horizontal-slider","24":"ast-product-gallery-with-no-image","25":"ast-product-tabs-layout-horizontal","26":"ast-qv-on-image","28":"first","29":"outofstock","30":"shipping-taxable","31":"purchasable","32":"product-type-simple"},"uagb_featured_image_src":{"full":["https:\/\/www.7emecercle.com\/7C_site\/wp-content\/uploads\/2020\/04\/Kur_LdB_Cover.jpg",566,800,false],"thumbnail":["https:\/\/www.7emecercle.com\/7C_site\/wp-content\/uploads\/2020\/04\/Kur_LdB_Cover-150x150.jpg",150,150,true],"medium":["https:\/\/www.7emecercle.com\/7C_site\/wp-content\/uploads\/2020\/04\/Kur_LdB_Cover-212x300.jpg",212,300,true],"medium_large":["https:\/\/www.7emecercle.com\/7C_site\/wp-content\/uploads\/2020\/04\/Kur_LdB_Cover.jpg",566,800,false],"large":["https:\/\/www.7emecercle.com\/7C_site\/wp-content\/uploads\/2020\/04\/Kur_LdB_Cover.jpg",566,800,false],"1536x1536":["https:\/\/www.7emecercle.com\/7C_site\/wp-content\/uploads\/2020\/04\/Kur_LdB_Cover.jpg",566,800,false],"2048x2048":["https:\/\/www.7emecercle.com\/7C_site\/wp-content\/uploads\/2020\/04\/Kur_LdB_Cover.jpg",566,800,false],"woocommerce_thumbnail":["https:\/\/www.7emecercle.com\/7C_site\/wp-content\/uploads\/2020\/04\/Kur_LdB_Cover-300x400.jpg",300,400,true],"woocommerce_single":["https:\/\/www.7emecercle.com\/7C_site\/wp-content\/uploads\/2020\/04\/Kur_LdB_Cover.jpg",566,800,false],"woocommerce_gallery_thumbnail":["https:\/\/www.7emecercle.com\/7C_site\/wp-content\/uploads\/2020\/04\/Kur_LdB_Cover-100x100.jpg",100,100,true]},"uagb_author_info":{"display_name":"florrent","author_link":"https:\/\/www.7emecercle.com\/7C_site\/author\/"},"uagb_comment_info":0,"uagb_excerpt":"... Il y a eu un flash aveuglant, suivi d\u2019une violente temp\u00eate faisant exploser quelques enseignes lumineuses et retournant les parapluies transparents des passants. Avant les t\u00e9n\u00e8bres...","_links":{"self":[{"href":"https:\/\/www.7emecercle.com\/7C_site\/wp-json\/wp\/v2\/product\/2742","targetHints":{"allow":["GET"]}}],"collection":[{"href":"https:\/\/www.7emecercle.com\/7C_site\/wp-json\/wp\/v2\/product"}],"about":[{"href":"https:\/\/www.7emecercle.com\/7C_site\/wp-json\/wp\/v2\/types\/product"}],"replies":[{"embeddable":true,"href":"https:\/\/www.7emecercle.com\/7C_site\/wp-json\/wp\/v2\/comments?post=2742"}],"version-history":[{"count":3,"href":"https:\/\/www.7emecercle.com\/7C_site\/wp-json\/wp\/v2\/product\/2742\/revisions"}],"predecessor-version":[{"id":2745,"href":"https:\/\/www.7emecercle.com\/7C_site\/wp-json\/wp\/v2\/product\/2742\/revisions\/2745"}],"wp:featuredmedia":[{"embeddable":true,"href":"https:\/\/www.7emecercle.com\/7C_site\/wp-json\/wp\/v2\/media\/2746"}],"wp:attachment":[{"href":"https:\/\/www.7emecercle.com\/7C_site\/wp-json\/wp\/v2\/media?parent=2742"}],"wp:term":[{"taxonomy":"product_brand","embeddable":true,"href":"https:\/\/www.7emecercle.com\/7C_site\/wp-json\/wp\/v2\/product_brand?post=2742"},{"taxonomy":"product_cat","embeddable":true,"href":"https:\/\/www.7emecercle.com\/7C_site\/wp-json\/wp\/v2\/product_cat?post=2742"},{"taxonomy":"product_tag","embeddable":true,"href":"https:\/\/www.7emecercle.com\/7C_site\/wp-json\/wp\/v2\/product_tag?post=2742"}],"curies":[{"name":"wp","href":"https:\/\/api.w.org\/{rel}","templated":true}]}}