{"id":2760,"date":"2020-04-08T17:06:07","date_gmt":"2020-04-08T15:06:07","guid":{"rendered":"https:\/\/www.7emecercle.com\/7C_site\/?post_type=product&#038;p=2760"},"modified":"2024-03-09T16:39:49","modified_gmt":"2024-03-09T15:39:49","slug":"kuro-tensei-version-papier","status":"publish","type":"product","link":"https:\/\/www.7emecercle.com\/7C_site\/produit\/kuro-tensei-version-papier\/","title":{"rendered":"Kuro &#8211; Tense\u00ef &#8211; Version Papier"},"content":{"rendered":"<p><em>\u00ab\u00a0Ce lieu est si \u00e9trange. Je sais que je l\u2019ai d\u00e9j\u00e0 visit\u00e9 par le <\/em><em>pass\u00e9 mais \u00e0 cette \u00e9poque, mes souvenirs \u00e9taient si diff\u00e9rents.<\/em><\/p>\n<p><em>Un sanctuaire \u00e9rig\u00e9 \u00e0 ma gloire, l\u2019Abe no Seimei jinja, ici, \u00e0\u00a0<\/em><em>Shin-Heian-ky\u00f4. Il est toujours curieux de visiter un site que\u00a0<\/em><em>vous n\u2019avez jamais connu de votre vivant et construit uniquement\u00a0<\/em><em>pour vous rendre honneur. J\u2019ai encore d\u2019\u00e9normes difficult\u00e9s\u00a0<\/em><em>\u00e0 m\u2019adapter \u00e0 cette \u00e8re. M\u00eame le chant des plan\u00e8tes\u00a0<\/em><em>est diff\u00e9rent et le ciel \u00e9toil\u00e9 d\u00e9sormais envahi par les drones\u00a0<\/em><em>de m\u00e9tal envoy\u00e9s par les hommes. Tout cela perturbe mes\u00a0<\/em><em>pr\u00e9dictions, mes visions, ma connaissance de l\u2019Onmy\u00f4do.\u00a0\u00bb<\/em><\/p>\n<p><b><i>Tensei<\/i><\/b>, est le dernier suppl\u00e9ment pour le jeu de r\u00f4le-trilogie,\u00a0<strong>Kuro<\/strong>.<\/p>\n<p>Cette derni\u00e8re partie de Kuro va vous permettre de faire \u00e9voluer les personnages, afin de leur faire jouer un r\u00f4le d\u2019envergure dans leur lutte face aux forces du Yomi-No-Kuni.<\/p>\n<p>Durant leurs premi\u00e8res aventures au coeur de ce Japon futuriste, ils ont pu d\u00e9couvrir les cr\u00e9atures sournoises se terrant dans l\u2019ombre, les complots se multipliant aux fronti\u00e8res du Yokai, les manipulations politiques et g\u00e9nocratiques d\u2019envergure.<\/p>\n<p><em>\u00a0<\/em><span style=\"font-size: 16px;\">\u00a0Dans Tensei, les personnages ne sont plus de simples enqu\u00eateurs, des individus ordinaires aux prises avec le paranormal dans une soci\u00e9t\u00e9 de plus en plus d\u00e9shumanis\u00e9e. Ce sont des h\u00e9ros, des guerriers d\u2019une autre \u00e9poque, capables de commander aux esprits, de trancher les immeubles d\u2019un coup de katana et de manipuler les sortil\u00e8ges des Onmy\u00f4ji.<\/span><\/p>\n<p>Utilisant leur \u00e9nergie Ki, pour la combiner aux skinsuits, exo-armures et autres cr\u00e9ations technologiques, les Keshins sont la parfaite alliance du pass\u00e9 et du pr\u00e9sent. Mais \u00e0 trop vouloir s\u2019approcher de la divinit\u00e9 qui s\u2019est incarn\u00e9e en eux, les personnages risquent aussi d\u2019y laisser leur propre humanit\u00e9.<\/p>\n","protected":false},"excerpt":{"rendered":"<p><em>Ce lieu est si \u00e9trange. Je sais que je l\u2019ai d\u00e9j\u00e0 visit\u00e9 par le <\/em><em>pass\u00e9 mais \u00e0 cette \u00e9poque, mes souvenirs \u00e9taient si diff\u00e9rents.<\/em><\/p>\n","protected":false},"featured_media":2748,"comment_status":"open","ping_status":"closed","template":"","meta":{"_uag_custom_page_level_css":"","site-sidebar-layout":"default","site-content-layout":"default","ast-site-content-layout":"default","site-content-style":"default","site-sidebar-style":"default","ast-global-header-display":"","ast-banner-title-visibility":"","ast-main-header-display":"","ast-hfb-above-header-display":"","ast-hfb-below-header-display":"","ast-hfb-mobile-header-display":"","site-post-title":"","ast-breadcrumbs-content":"","ast-featured-img":"","footer-sml-layout":"","ast-disable-related-posts":"","theme-transparent-header-meta":"default","adv-header-id-meta":"","stick-header-meta":"default","header-above-stick-meta":"","header-main-stick-meta":"","header-below-stick-meta":"","astra-migrate-meta-layouts":"default","ast-page-background-enabled":"default","ast-page-background-meta":{"desktop":{"background-color":"","background-image":"","background-repeat":"repeat","background-position":"center center","background-size":"auto","background-attachment":"scroll","background-type":"","background-media":"","overlay-type":"","overlay-color":"","overlay-opacity":"","overlay-gradient":""},"tablet":{"background-color":"","background-image":"","background-repeat":"repeat","background-position":"center center","background-size":"auto","background-attachment":"scroll","background-type":"","background-media":"","overlay-type":"","overlay-color":"","overlay-opacity":"","overlay-gradient":""},"mobile":{"background-color":"","background-image":"","background-repeat":"repeat","background-position":"center center","background-size":"auto","background-attachment":"scroll","background-type":"","background-media":"","overlay-type":"","overlay-color":"","overlay-opacity":"","overlay-gradient":""}},"ast-content-background-meta":{"desktop":{"background-color":"var(--ast-global-color-5)","background-image":"","background-repeat":"repeat","background-position":"center center","background-size":"auto","background-attachment":"scroll","background-type":"","background-media":"","overlay-type":"","overlay-color":"","overlay-opacity":"","overlay-gradient":""},"tablet":{"background-color":"var(--ast-global-color-5)","background-image":"","background-repeat":"repeat","background-position":"center center","background-size":"auto","background-attachment":"scroll","background-type":"","background-media":"","overlay-type":"","overlay-color":"","overlay-opacity":"","overlay-gradient":""},"mobile":{"background-color":"var(--ast-global-color-5)","background-image":"","background-repeat":"repeat","background-position":"center center","background-size":"auto","background-attachment":"scroll","background-type":"","background-media":"","overlay-type":"","overlay-color":"","overlay-opacity":"","overlay-gradient":""}}},"product_brand":[],"product_cat":[63,182,73],"product_tag":[83,93,74,86,185,187,88,76,91,186,184],"class_list":{"0":"post-2760","1":"product","2":"type-product","3":"status-publish","4":"has-post-thumbnail","6":"product_cat-jeu-de-roles","7":"product_cat-kuro","8":"product_cat-version-papier","9":"product_tag-apocalypse","10":"product_tag-arts-martiaux","11":"product_tag-aventure","12":"product_tag-d6","13":"product_tag-fantome","14":"product_tag-horreur","15":"product_tag-japon","16":"product_tag-jdr","17":"product_tag-magie","18":"product_tag-mystere","19":"product_tag-tecnologie","20":"desktop-align-center","21":"tablet-align-center","22":"mobile-align-center","23":"ast-product-gallery-layout-horizontal-slider","24":"ast-product-gallery-with-no-image","25":"ast-product-tabs-layout-horizontal","26":"ast-qv-on-image","28":"first","29":"outofstock","30":"shipping-taxable","31":"purchasable","32":"product-type-simple"},"uagb_featured_image_src":{"full":["https:\/\/www.7emecercle.com\/7C_site\/wp-content\/uploads\/2020\/04\/Kur_Tensei_Cover.jpg",566,800,false],"thumbnail":["https:\/\/www.7emecercle.com\/7C_site\/wp-content\/uploads\/2020\/04\/Kur_Tensei_Cover-150x150.jpg",150,150,true],"medium":["https:\/\/www.7emecercle.com\/7C_site\/wp-content\/uploads\/2020\/04\/Kur_Tensei_Cover-212x300.jpg",212,300,true],"medium_large":["https:\/\/www.7emecercle.com\/7C_site\/wp-content\/uploads\/2020\/04\/Kur_Tensei_Cover.jpg",566,800,false],"large":["https:\/\/www.7emecercle.com\/7C_site\/wp-content\/uploads\/2020\/04\/Kur_Tensei_Cover.jpg",566,800,false],"1536x1536":["https:\/\/www.7emecercle.com\/7C_site\/wp-content\/uploads\/2020\/04\/Kur_Tensei_Cover.jpg",566,800,false],"2048x2048":["https:\/\/www.7emecercle.com\/7C_site\/wp-content\/uploads\/2020\/04\/Kur_Tensei_Cover.jpg",566,800,false],"woocommerce_thumbnail":["https:\/\/www.7emecercle.com\/7C_site\/wp-content\/uploads\/2020\/04\/Kur_Tensei_Cover-300x400.jpg",300,400,true],"woocommerce_single":["https:\/\/www.7emecercle.com\/7C_site\/wp-content\/uploads\/2020\/04\/Kur_Tensei_Cover.jpg",566,800,false],"woocommerce_gallery_thumbnail":["https:\/\/www.7emecercle.com\/7C_site\/wp-content\/uploads\/2020\/04\/Kur_Tensei_Cover-100x100.jpg",100,100,true]},"uagb_author_info":{"display_name":"florrent","author_link":"https:\/\/www.7emecercle.com\/7C_site\/author\/"},"uagb_comment_info":0,"uagb_excerpt":"Ce lieu est si \u00e9trange. Je sais que je l\u2019ai d\u00e9j\u00e0 visit\u00e9 par le pass\u00e9 mais \u00e0 cette \u00e9poque, mes souvenirs \u00e9taient si diff\u00e9rents.","_links":{"self":[{"href":"https:\/\/www.7emecercle.com\/7C_site\/wp-json\/wp\/v2\/product\/2760","targetHints":{"allow":["GET"]}}],"collection":[{"href":"https:\/\/www.7emecercle.com\/7C_site\/wp-json\/wp\/v2\/product"}],"about":[{"href":"https:\/\/www.7emecercle.com\/7C_site\/wp-json\/wp\/v2\/types\/product"}],"replies":[{"embeddable":true,"href":"https:\/\/www.7emecercle.com\/7C_site\/wp-json\/wp\/v2\/comments?post=2760"}],"version-history":[{"count":2,"href":"https:\/\/www.7emecercle.com\/7C_site\/wp-json\/wp\/v2\/product\/2760\/revisions"}],"predecessor-version":[{"id":2766,"href":"https:\/\/www.7emecercle.com\/7C_site\/wp-json\/wp\/v2\/product\/2760\/revisions\/2766"}],"wp:featuredmedia":[{"embeddable":true,"href":"https:\/\/www.7emecercle.com\/7C_site\/wp-json\/wp\/v2\/media\/2748"}],"wp:attachment":[{"href":"https:\/\/www.7emecercle.com\/7C_site\/wp-json\/wp\/v2\/media?parent=2760"}],"wp:term":[{"taxonomy":"product_brand","embeddable":true,"href":"https:\/\/www.7emecercle.com\/7C_site\/wp-json\/wp\/v2\/product_brand?post=2760"},{"taxonomy":"product_cat","embeddable":true,"href":"https:\/\/www.7emecercle.com\/7C_site\/wp-json\/wp\/v2\/product_cat?post=2760"},{"taxonomy":"product_tag","embeddable":true,"href":"https:\/\/www.7emecercle.com\/7C_site\/wp-json\/wp\/v2\/product_tag?post=2760"}],"curies":[{"name":"wp","href":"https:\/\/api.w.org\/{rel}","templated":true}]}}