{"id":2771,"date":"2020-04-08T17:20:19","date_gmt":"2020-04-08T15:20:19","guid":{"rendered":"https:\/\/www.7emecercle.com\/7C_site\/?post_type=product&#038;p=2771"},"modified":"2020-04-08T17:53:33","modified_gmt":"2020-04-08T15:53:33","slug":"kuro-makkura","status":"publish","type":"product","link":"https:\/\/www.7emecercle.com\/7C_site\/produit\/kuro-makkura\/","title":{"rendered":"Kuro &#8211; Makkura"},"content":{"rendered":"<p><em>\u00ab Entrez, n\u2019ayez crainte\u2026 Oui, je sais que ma petite boutique est difficile \u00e0 d\u00e9nicher, perdue dans cette rue d\u2019Asakusa qu\u2019on trouve toujours par hasard, jamais lorsqu\u2019on la recherche. Ici vous trouverez tout ce dont vous avez besoin, objets sacr\u00e9s de toutes les religions, f\u00e9tiches, flammes du Dragon Bleu, tr\u00e9sors du Takara-Bune, talismans contre les maladies des Shiko-Me\u2026 Non, la carte de cr\u00e9dit n\u2019est pas accept\u00e9e. \u00bb<\/em><\/p>\n<p>Makkura, noir absolu, est le second opus de Kuro. Vous pourrez d\u00e9couvrir la r\u00e9elle signification de l\u2019Incident Kuro en jouant les sc\u00e9narios, acheter des armes, des objets technologiques h\u00e9t\u00e9roclites, et diversifier vos parties gr\u00e2ce aux nombreux synopsis et rumeurs fournis entre les sc\u00e9narios. Vous trouverez donc dans ce nouvel opus :<\/p>\n<p>\u2022 Makkura Catalogue : Armurerie, Boutique, Laboratoire et Occultech<br \/>\n\u2022 Makkura Saga : cinq sc\u00e9narios \u00e0 jouer en campagne<br \/>\n\u2022 Des synopsis de sc\u00e9nario et des rumeurs \u00e0 jouer entre les cinq sc\u00e9narios de la campagne ou ind\u00e9pendamment.<\/p>\n<p><strong>Accompagn\u00e9 de son \u00e9cran de jeu pour la version Papier.<\/strong><\/p>\n","protected":false},"excerpt":{"rendered":"<p><em>Entrez, n\u2019ayez crainte\u2026<\/em><\/p>\n","protected":false},"featured_media":2747,"comment_status":"open","ping_status":"closed","template":"","meta":{"_uag_custom_page_level_css":"","site-sidebar-layout":"default","site-content-layout":"default","ast-site-content-layout":"default","site-content-style":"default","site-sidebar-style":"default","ast-global-header-display":"","ast-banner-title-visibility":"","ast-main-header-display":"","ast-hfb-above-header-display":"","ast-hfb-below-header-display":"","ast-hfb-mobile-header-display":"","site-post-title":"","ast-breadcrumbs-content":"","ast-featured-img":"","footer-sml-layout":"","ast-disable-related-posts":"","theme-transparent-header-meta":"default","adv-header-id-meta":"","stick-header-meta":"default","header-above-stick-meta":"","header-main-stick-meta":"","header-below-stick-meta":"","astra-migrate-meta-layouts":"default","ast-page-background-enabled":"default","ast-page-background-meta":{"desktop":{"background-color":"","background-image":"","background-repeat":"repeat","background-position":"center center","background-size":"auto","background-attachment":"scroll","background-type":"","background-media":"","overlay-type":"","overlay-color":"","overlay-opacity":"","overlay-gradient":""},"tablet":{"background-color":"","background-image":"","background-repeat":"repeat","background-position":"center center","background-size":"auto","background-attachment":"scroll","background-type":"","background-media":"","overlay-type":"","overlay-color":"","overlay-opacity":"","overlay-gradient":""},"mobile":{"background-color":"","background-image":"","background-repeat":"repeat","background-position":"center center","background-size":"auto","background-attachment":"scroll","background-type":"","background-media":"","overlay-type":"","overlay-color":"","overlay-opacity":"","overlay-gradient":""}},"ast-content-background-meta":{"desktop":{"background-color":"var(--ast-global-color-5)","background-image":"","background-repeat":"repeat","background-position":"center center","background-size":"auto","background-attachment":"scroll","background-type":"","background-media":"","overlay-type":"","overlay-color":"","overlay-opacity":"","overlay-gradient":""},"tablet":{"background-color":"var(--ast-global-color-5)","background-image":"","background-repeat":"repeat","background-position":"center center","background-size":"auto","background-attachment":"scroll","background-type":"","background-media":"","overlay-type":"","overlay-color":"","overlay-opacity":"","overlay-gradient":""},"mobile":{"background-color":"var(--ast-global-color-5)","background-image":"","background-repeat":"repeat","background-position":"center center","background-size":"auto","background-attachment":"scroll","background-type":"","background-media":"","overlay-type":"","overlay-color":"","overlay-opacity":"","overlay-gradient":""}}},"product_brand":[],"product_cat":[63,182,73,72],"product_tag":[83,93,74,86,185,187,88,76,91,186,184],"class_list":{"0":"post-2771","1":"product","2":"type-product","3":"status-publish","4":"has-post-thumbnail","6":"product_cat-jeu-de-roles","7":"product_cat-kuro","8":"product_cat-version-papier","9":"product_cat-version-pdf","10":"product_tag-apocalypse","11":"product_tag-arts-martiaux","12":"product_tag-aventure","13":"product_tag-d6","14":"product_tag-fantome","15":"product_tag-horreur","16":"product_tag-japon","17":"product_tag-jdr","18":"product_tag-magie","19":"product_tag-mystere","20":"product_tag-tecnologie","21":"desktop-align-center","22":"tablet-align-center","23":"mobile-align-center","24":"ast-product-gallery-layout-horizontal-slider","25":"ast-product-tabs-layout-horizontal","26":"ast-qv-on-image","28":"first","29":"instock","30":"sold-individually","31":"shipping-taxable","32":"product-type-grouped"},"uagb_featured_image_src":{"full":["https:\/\/www.7emecercle.com\/7C_site\/wp-content\/uploads\/2020\/04\/Kur_Makkura_Cover.jpg",566,800,false],"thumbnail":["https:\/\/www.7emecercle.com\/7C_site\/wp-content\/uploads\/2020\/04\/Kur_Makkura_Cover-150x150.jpg",150,150,true],"medium":["https:\/\/www.7emecercle.com\/7C_site\/wp-content\/uploads\/2020\/04\/Kur_Makkura_Cover-212x300.jpg",212,300,true],"medium_large":["https:\/\/www.7emecercle.com\/7C_site\/wp-content\/uploads\/2020\/04\/Kur_Makkura_Cover.jpg",566,800,false],"large":["https:\/\/www.7emecercle.com\/7C_site\/wp-content\/uploads\/2020\/04\/Kur_Makkura_Cover.jpg",566,800,false],"1536x1536":["https:\/\/www.7emecercle.com\/7C_site\/wp-content\/uploads\/2020\/04\/Kur_Makkura_Cover.jpg",566,800,false],"2048x2048":["https:\/\/www.7emecercle.com\/7C_site\/wp-content\/uploads\/2020\/04\/Kur_Makkura_Cover.jpg",566,800,false],"woocommerce_thumbnail":["https:\/\/www.7emecercle.com\/7C_site\/wp-content\/uploads\/2020\/04\/Kur_Makkura_Cover-300x400.jpg",300,400,true],"woocommerce_single":["https:\/\/www.7emecercle.com\/7C_site\/wp-content\/uploads\/2020\/04\/Kur_Makkura_Cover.jpg",566,800,false],"woocommerce_gallery_thumbnail":["https:\/\/www.7emecercle.com\/7C_site\/wp-content\/uploads\/2020\/04\/Kur_Makkura_Cover-100x100.jpg",100,100,true]},"uagb_author_info":{"display_name":"florrent","author_link":"https:\/\/www.7emecercle.com\/7C_site\/author\/"},"uagb_comment_info":0,"uagb_excerpt":"Entrez, n\u2019ayez crainte\u2026","_links":{"self":[{"href":"https:\/\/www.7emecercle.com\/7C_site\/wp-json\/wp\/v2\/product\/2771","targetHints":{"allow":["GET"]}}],"collection":[{"href":"https:\/\/www.7emecercle.com\/7C_site\/wp-json\/wp\/v2\/product"}],"about":[{"href":"https:\/\/www.7emecercle.com\/7C_site\/wp-json\/wp\/v2\/types\/product"}],"replies":[{"embeddable":true,"href":"https:\/\/www.7emecercle.com\/7C_site\/wp-json\/wp\/v2\/comments?post=2771"}],"version-history":[{"count":1,"href":"https:\/\/www.7emecercle.com\/7C_site\/wp-json\/wp\/v2\/product\/2771\/revisions"}],"predecessor-version":[{"id":2772,"href":"https:\/\/www.7emecercle.com\/7C_site\/wp-json\/wp\/v2\/product\/2771\/revisions\/2772"}],"wp:featuredmedia":[{"embeddable":true,"href":"https:\/\/www.7emecercle.com\/7C_site\/wp-json\/wp\/v2\/media\/2747"}],"wp:attachment":[{"href":"https:\/\/www.7emecercle.com\/7C_site\/wp-json\/wp\/v2\/media?parent=2771"}],"wp:term":[{"taxonomy":"product_brand","embeddable":true,"href":"https:\/\/www.7emecercle.com\/7C_site\/wp-json\/wp\/v2\/product_brand?post=2771"},{"taxonomy":"product_cat","embeddable":true,"href":"https:\/\/www.7emecercle.com\/7C_site\/wp-json\/wp\/v2\/product_cat?post=2771"},{"taxonomy":"product_tag","embeddable":true,"href":"https:\/\/www.7emecercle.com\/7C_site\/wp-json\/wp\/v2\/product_tag?post=2771"}],"curies":[{"name":"wp","href":"https:\/\/api.w.org\/{rel}","templated":true}]}}